{"id":243248,"date":"2025-03-20T15:01:07","date_gmt":"2025-03-20T15:01:07","guid":{"rendered":"https:\/\/aromasentia.com\/product\/madame-punaises-scalp-massage-1kg\/"},"modified":"2025-06-23T19:19:51","modified_gmt":"2025-06-23T19:19:51","slug":"huile-de-bain-et-de-massage-cuir-chevelu-1l","status":"publish","type":"product","link":"https:\/\/aromasentia.com\/fr\/huile-de-bain-et-de-massage-cuir-chevelu-1l\/","title":{"rendered":"Huile de bain et de Massage &#8211; Cuir Chevelu 1L"},"content":{"rendered":"<p>Revitalisez votre cuir chevelu et vos cheveux avec Madame Punaise&rsquo;s Scalp Massage 1Kg. Cette huile de traitement unique et g\u00e9n\u00e9reuse est sp\u00e9cialement con\u00e7ue pour nourrir le cuir chevelu, stimuler la circulation et favoriser une croissance saine et dynamique des cheveux. Sa formule revigorante et apaisante peut aider \u00e0 soulager la s\u00e9cheresse, les d\u00e9mangeaisons et la desquamation, cr\u00e9ant ainsi un environnement optimal pour le d\u00e9veloppement de vos cheveux. Offrez-vous un massage relaxant du cuir chevelu avec cette huile aromatique pour rel\u00e2cher les tensions et conf\u00e9rer \u00e0 vos cheveux un \u00e9clat magnifique et sain.<\/p>\n","protected":false},"excerpt":{"rendered":"<p>Revitalisez votre cuir chevelu et vos cheveux avec Madame Punaise&rsquo;s Scalp Massage 1Kg. Cette huile de traitement unique et g\u00e9n\u00e9reuse est sp\u00e9cialement con\u00e7ue pour nourrir le cuir chevelu, stimuler la circulation et favoriser une croissance saine et dynamique des cheveux. Sa formule revigorante et apaisante peut aider \u00e0 soulager la s\u00e9cheresse, les d\u00e9mangeaisons et la [&hellip;]<\/p>\n","protected":false},"featured_media":265212,"comment_status":"closed","ping_status":"open","template":"","meta":{"_angie_page":false},"product_brand":[],"product_cat":[19443,24042],"product_tag":[],"class_list":{"0":"post-243248","1":"product","2":"type-product","3":"status-publish","4":"has-post-thumbnail","6":"product_cat-bain-et-corps","7":"product_cat-huiles-de-massage","8":"pa_collection-massage-and-bath-oils-1kg-fr","9":"pa_made-in-royaume-uni","11":"first","12":"instock","13":"purchasable","14":"product-type-simple"},"supplier_id":null,"supplier_sku":"MOB-13","barcode":null,"atum_controlled":true,"out_stock_date":null,"out_stock_threshold":null,"inheritable":false,"inbound_stock":null,"stock_on_hold":0,"sold_today":0,"sales_last_days":0,"reserved_stock":null,"customer_returns":null,"warehouse_damage":null,"lost_in_post":null,"other_logs":null,"out_stock_days":0,"lost_sales":0,"has_location":null,"update_date":"2026-04-27T07:13:22","atum_locations":[],"atum_stock_status":"instock","restock_status":false,"low_stock_amount":"","sales_update_date":"2026-01-30T01:25:38","calc_backorders":null,"_links":{"self":[{"href":"https:\/\/aromasentia.com\/fr\/wp-json\/wp\/v2\/product\/243248","targetHints":{"allow":["GET"]}}],"collection":[{"href":"https:\/\/aromasentia.com\/fr\/wp-json\/wp\/v2\/product"}],"about":[{"href":"https:\/\/aromasentia.com\/fr\/wp-json\/wp\/v2\/types\/product"}],"replies":[{"embeddable":true,"href":"https:\/\/aromasentia.com\/fr\/wp-json\/wp\/v2\/comments?post=243248"}],"version-history":[{"count":0,"href":"https:\/\/aromasentia.com\/fr\/wp-json\/wp\/v2\/product\/243248\/revisions"}],"wp:featuredmedia":[{"embeddable":true,"href":"https:\/\/aromasentia.com\/fr\/wp-json\/wp\/v2\/media\/265212"}],"wp:attachment":[{"href":"https:\/\/aromasentia.com\/fr\/wp-json\/wp\/v2\/media?parent=243248"}],"wp:term":[{"taxonomy":"product_brand","embeddable":true,"href":"https:\/\/aromasentia.com\/fr\/wp-json\/wp\/v2\/product_brand?post=243248"},{"taxonomy":"product_cat","embeddable":true,"href":"https:\/\/aromasentia.com\/fr\/wp-json\/wp\/v2\/product_cat?post=243248"},{"taxonomy":"product_tag","embeddable":true,"href":"https:\/\/aromasentia.com\/fr\/wp-json\/wp\/v2\/product_tag?post=243248"}],"curies":[{"name":"wp","href":"https:\/\/api.w.org\/{rel}","templated":true}]}}