{"id":243236,"date":"2025-03-20T15:01:07","date_gmt":"2025-03-20T15:01:07","guid":{"rendered":"https:\/\/aromasentia.com\/product\/heighten-awareness-1kg-massage-oil\/"},"modified":"2025-06-23T19:19:47","modified_gmt":"2025-06-23T19:19:47","slug":"huile-de-bain-et-de-massage-eveil-des-sens-1l","status":"publish","type":"product","link":"https:\/\/aromasentia.com\/fr\/huile-de-bain-et-de-massage-eveil-des-sens-1l\/","title":{"rendered":"Huile de bain et de Massage &#8211; Eveil des Sens 1L"},"content":{"rendered":"<p>Accentuez votre concentration et \u00e9veillez vos sens avec notre huile de massage Heighten Awareness 1Kg. Ce m\u00e9lange revigorant pr\u00e9sente une combinaison soigneusement s\u00e9lectionn\u00e9e d&rsquo;huiles essentielles stimulantes connues pour favoriser la clart\u00e9 mentale, am\u00e9liorer la concentration et renforcer la vigilance. La base onctueuse et nourrissante de l&rsquo;huile est parfaite pour un massage revitalisant qui non seulement apaise le corps mais clarifie aussi l&rsquo;esprit. Id\u00e9ale avant les t\u00e2ches importantes ou lorsque vous avez besoin d&rsquo;un stimulant cognitif naturel, elle vous laisse une sensation de fra\u00eecheur, de concentration et d&rsquo;engagement.<\/p>\n","protected":false},"excerpt":{"rendered":"<p>Accentuez votre concentration et \u00e9veillez vos sens avec notre huile de massage Heighten Awareness 1Kg. Ce m\u00e9lange revigorant pr\u00e9sente une combinaison soigneusement s\u00e9lectionn\u00e9e d&rsquo;huiles essentielles stimulantes connues pour favoriser la clart\u00e9 mentale, am\u00e9liorer la concentration et renforcer la vigilance. La base onctueuse et nourrissante de l&rsquo;huile est parfaite pour un massage revitalisant qui non seulement [&hellip;]<\/p>\n","protected":false},"featured_media":265137,"comment_status":"closed","ping_status":"open","template":"","meta":{"_angie_page":false},"product_brand":[],"product_cat":[19443,24042],"product_tag":[],"class_list":{"0":"post-243236","1":"product","2":"type-product","3":"status-publish","4":"has-post-thumbnail","6":"product_cat-bain-et-corps","7":"product_cat-huiles-de-massage","8":"pa_collection-massage-and-bath-oils-1kg-fr","9":"pa_made-in-royaume-uni","11":"first","12":"instock","13":"purchasable","14":"product-type-simple"},"supplier_id":null,"supplier_sku":"MOB-10","barcode":null,"atum_controlled":true,"out_stock_date":null,"out_stock_threshold":null,"inheritable":false,"inbound_stock":null,"stock_on_hold":0,"sold_today":0,"sales_last_days":0,"reserved_stock":null,"customer_returns":null,"warehouse_damage":null,"lost_in_post":null,"other_logs":null,"out_stock_days":0,"lost_sales":0,"has_location":null,"update_date":"2026-04-29T05:08:19","atum_locations":[],"atum_stock_status":"instock","restock_status":false,"low_stock_amount":"","sales_update_date":"2026-02-06T00:02:46","calc_backorders":null,"_links":{"self":[{"href":"https:\/\/aromasentia.com\/fr\/wp-json\/wp\/v2\/product\/243236","targetHints":{"allow":["GET"]}}],"collection":[{"href":"https:\/\/aromasentia.com\/fr\/wp-json\/wp\/v2\/product"}],"about":[{"href":"https:\/\/aromasentia.com\/fr\/wp-json\/wp\/v2\/types\/product"}],"replies":[{"embeddable":true,"href":"https:\/\/aromasentia.com\/fr\/wp-json\/wp\/v2\/comments?post=243236"}],"version-history":[{"count":0,"href":"https:\/\/aromasentia.com\/fr\/wp-json\/wp\/v2\/product\/243236\/revisions"}],"wp:featuredmedia":[{"embeddable":true,"href":"https:\/\/aromasentia.com\/fr\/wp-json\/wp\/v2\/media\/265137"}],"wp:attachment":[{"href":"https:\/\/aromasentia.com\/fr\/wp-json\/wp\/v2\/media?parent=243236"}],"wp:term":[{"taxonomy":"product_brand","embeddable":true,"href":"https:\/\/aromasentia.com\/fr\/wp-json\/wp\/v2\/product_brand?post=243236"},{"taxonomy":"product_cat","embeddable":true,"href":"https:\/\/aromasentia.com\/fr\/wp-json\/wp\/v2\/product_cat?post=243236"},{"taxonomy":"product_tag","embeddable":true,"href":"https:\/\/aromasentia.com\/fr\/wp-json\/wp\/v2\/product_tag?post=243236"}],"curies":[{"name":"wp","href":"https:\/\/api.w.org\/{rel}","templated":true}]}}