{"id":243232,"date":"2025-03-20T15:01:07","date_gmt":"2025-03-20T15:01:07","guid":{"rendered":"https:\/\/aromasentia.com\/product\/warm-and-uplifting-1kg-massage-oil\/"},"modified":"2025-06-23T19:19:47","modified_gmt":"2025-06-23T19:19:47","slug":"huile-de-bain-et-de-massage-chauffante-1l","status":"publish","type":"product","link":"https:\/\/aromasentia.com\/fr\/huile-de-bain-et-de-massage-chauffante-1l\/","title":{"rendered":"Huile de bain et de Massage &#8211; Chauffante 1L"},"content":{"rendered":"<p>Ingr\u00e9dients : Huiles Essentielles de Citron, Gen\u00e9vrier, Gingembre et Ylang Ylang m\u00e9lang\u00e9 \u00e0 de l&rsquo;huile de p\u00e9pins de raisin.&nbsp;<\/p>\n<p>Les huiles de massage Ancient Wisdom sont savamment m\u00e9lang\u00e9es. Non seulement elles sont con&ccedil;ues pour un excellent massage, mais chacune est infus\u00e9e d&rsquo;huiles essentielles, ce qui ajoute quelque chose de sp\u00e9cial.<\/p>\n<p>&nbsp;L&rsquo;huile de massage chauffante et \u00e9difiante est m\u00e9lang\u00e9e pour agir comme un tonique pour l&rsquo;esprit et le corps. Les propri\u00e9t\u00e9s chauffantes dynamisent le corps tandis que les parfums \u00e9difiants rafra\u00eechissent et revitalisent l&rsquo;esprit.&nbsp;<\/p>\n<p>Allerg\u00e8nes : Limon\u00e8ne, Geraniol, Benzoate de Benzyl, Salicylate Benzyl, Linalol, Farn\u00e9sol, Citral, Eug\u00e9nol, Isoeug\u00e9nol et Alcool benzylique.<\/p>\n","protected":false},"excerpt":{"rendered":"<p>Ingr\u00e9dients : Huiles Essentielles de Citron, Gen\u00e9vrier, Gingembre et Ylang Ylang m\u00e9lang\u00e9 \u00e0 de l&rsquo;huile de p\u00e9pins de raisin.&nbsp; Les huiles de massage Ancient Wisdom sont savamment m\u00e9lang\u00e9es. Non seulement elles sont con&ccedil;ues pour un excellent massage, mais chacune est infus\u00e9e d&rsquo;huiles essentielles, ce qui ajoute quelque chose de sp\u00e9cial. &nbsp;L&rsquo;huile de massage chauffante et [&hellip;]<\/p>\n","protected":false},"featured_media":265112,"comment_status":"closed","ping_status":"open","template":"","meta":{"_angie_page":false},"product_brand":[],"product_cat":[19443,24042],"product_tag":[],"class_list":{"0":"post-243232","1":"product","2":"type-product","3":"status-publish","4":"has-post-thumbnail","6":"product_cat-bain-et-corps","7":"product_cat-huiles-de-massage","8":"pa_collection-massage-and-bath-oils-1kg-fr","9":"pa_made-in-royaume-uni","11":"first","12":"instock","13":"purchasable","14":"product-type-simple"},"supplier_id":null,"supplier_sku":"MOB-09","barcode":null,"atum_controlled":true,"out_stock_date":null,"out_stock_threshold":null,"inheritable":false,"inbound_stock":null,"stock_on_hold":0,"sold_today":0,"sales_last_days":0,"reserved_stock":null,"customer_returns":null,"warehouse_damage":null,"lost_in_post":null,"other_logs":null,"out_stock_days":0,"lost_sales":0,"has_location":null,"update_date":"2026-04-29T05:08:19","atum_locations":[],"atum_stock_status":"instock","restock_status":false,"low_stock_amount":"","sales_update_date":"2026-01-30T01:24:32","calc_backorders":null,"_links":{"self":[{"href":"https:\/\/aromasentia.com\/fr\/wp-json\/wp\/v2\/product\/243232","targetHints":{"allow":["GET"]}}],"collection":[{"href":"https:\/\/aromasentia.com\/fr\/wp-json\/wp\/v2\/product"}],"about":[{"href":"https:\/\/aromasentia.com\/fr\/wp-json\/wp\/v2\/types\/product"}],"replies":[{"embeddable":true,"href":"https:\/\/aromasentia.com\/fr\/wp-json\/wp\/v2\/comments?post=243232"}],"version-history":[{"count":0,"href":"https:\/\/aromasentia.com\/fr\/wp-json\/wp\/v2\/product\/243232\/revisions"}],"wp:featuredmedia":[{"embeddable":true,"href":"https:\/\/aromasentia.com\/fr\/wp-json\/wp\/v2\/media\/265112"}],"wp:attachment":[{"href":"https:\/\/aromasentia.com\/fr\/wp-json\/wp\/v2\/media?parent=243232"}],"wp:term":[{"taxonomy":"product_brand","embeddable":true,"href":"https:\/\/aromasentia.com\/fr\/wp-json\/wp\/v2\/product_brand?post=243232"},{"taxonomy":"product_cat","embeddable":true,"href":"https:\/\/aromasentia.com\/fr\/wp-json\/wp\/v2\/product_cat?post=243232"},{"taxonomy":"product_tag","embeddable":true,"href":"https:\/\/aromasentia.com\/fr\/wp-json\/wp\/v2\/product_tag?post=243232"}],"curies":[{"name":"wp","href":"https:\/\/api.w.org\/{rel}","templated":true}]}}