{"id":243172,"date":"2025-03-20T15:03:30","date_gmt":"2025-03-20T15:03:30","guid":{"rendered":"https:\/\/aromasentia.com\/product\/floral-oil-burner-rose\/"},"modified":"2025-06-23T19:19:38","modified_gmt":"2025-06-23T19:19:38","slug":"bruleur-a-huile-floral-rose","status":"publish","type":"product","link":"https:\/\/aromasentia.com\/fr\/bruleur-a-huile-floral-rose\/","title":{"rendered":"Br\u00fbleur \u00e0 Huile Floral &#8211; Rose"},"content":{"rendered":"<p><strong><span style=\"color: rgb(75, 80, 88);\">Br\u00fbleur \u00e0 mazout en c\u00e9ramique Rose :<\/span><\/strong><\/p>\n<p>Placez toujours le br\u00fbleur \u00e0 mazout sur un tapis r\u00e9sistant \u00e0 la chaleur.&nbsp;<\/p>\n<p>Assurez-vous qu&rsquo;il y a suffisamment d&rsquo;eau dans le r\u00e9cipient au-dessus du br\u00fbleur.&nbsp;<\/p>\n<p>Utilisez des bougies chauffe-plat de bonne qualit\u00e9. Ne jamais laisser sans surveillance lorsqu&rsquo;il est allum\u00e9 et tenir \u00e0 l&rsquo;\u00e9cart des rideaux.&nbsp;<\/p>\n<p>Si la flamme devient dangereuse, \u00e9teignez-la avec un chiffon humide.&nbsp;<\/p>\n<p>Tenir hors de port\u00e9e des enfants.&nbsp;<\/p>\n<p><strong><span style=\"color: rgb(141, 186, 216);\">Les br\u00fbleurs \u00e0 mazout sont \u00e9galement parfaits \u00e0 utiliser avec les huiles parfum\u00e9es et les cires fondues.<\/span><\/strong><\/p>\n","protected":false},"excerpt":{"rendered":"<p>Br\u00fbleur \u00e0 mazout en c\u00e9ramique Rose : Placez toujours le br\u00fbleur \u00e0 mazout sur un tapis r\u00e9sistant \u00e0 la chaleur.&nbsp; Assurez-vous qu&rsquo;il y a suffisamment d&rsquo;eau dans le r\u00e9cipient au-dessus du br\u00fbleur.&nbsp; Utilisez des bougies chauffe-plat de bonne qualit\u00e9. Ne jamais laisser sans surveillance lorsqu&rsquo;il est allum\u00e9 et tenir \u00e0 l&rsquo;\u00e9cart des rideaux.&nbsp; Si la [&hellip;]<\/p>\n","protected":false},"featured_media":266019,"comment_status":"closed","ping_status":"open","template":"","meta":{"_angie_page":false},"product_brand":[],"product_cat":[18405,16514],"product_tag":[],"class_list":{"0":"post-243172","1":"product","2":"type-product","3":"status-publish","4":"has-post-thumbnail","6":"product_cat-bruleurs-d-huiles","7":"product_cat-diffuseurs-ultrason-et-dambiance","8":"pa_collection-floral-cauldron-oil-burners-fr","9":"pa_made-in-chine","11":"first","12":"instock","13":"purchasable","14":"product-type-simple"},"supplier_id":null,"supplier_sku":"OB-192A","barcode":null,"atum_controlled":true,"out_stock_date":null,"out_stock_threshold":null,"inheritable":false,"inbound_stock":null,"stock_on_hold":0,"sold_today":0,"sales_last_days":0,"reserved_stock":null,"customer_returns":null,"warehouse_damage":null,"lost_in_post":null,"other_logs":null,"out_stock_days":0,"lost_sales":0,"has_location":null,"update_date":"2026-04-27T07:16:05","atum_locations":[],"atum_stock_status":"instock","restock_status":false,"low_stock_amount":"","sales_update_date":"2025-09-05T00:17:12","calc_backorders":null,"_links":{"self":[{"href":"https:\/\/aromasentia.com\/fr\/wp-json\/wp\/v2\/product\/243172","targetHints":{"allow":["GET"]}}],"collection":[{"href":"https:\/\/aromasentia.com\/fr\/wp-json\/wp\/v2\/product"}],"about":[{"href":"https:\/\/aromasentia.com\/fr\/wp-json\/wp\/v2\/types\/product"}],"replies":[{"embeddable":true,"href":"https:\/\/aromasentia.com\/fr\/wp-json\/wp\/v2\/comments?post=243172"}],"version-history":[{"count":0,"href":"https:\/\/aromasentia.com\/fr\/wp-json\/wp\/v2\/product\/243172\/revisions"}],"wp:featuredmedia":[{"embeddable":true,"href":"https:\/\/aromasentia.com\/fr\/wp-json\/wp\/v2\/media\/266019"}],"wp:attachment":[{"href":"https:\/\/aromasentia.com\/fr\/wp-json\/wp\/v2\/media?parent=243172"}],"wp:term":[{"taxonomy":"product_brand","embeddable":true,"href":"https:\/\/aromasentia.com\/fr\/wp-json\/wp\/v2\/product_brand?post=243172"},{"taxonomy":"product_cat","embeddable":true,"href":"https:\/\/aromasentia.com\/fr\/wp-json\/wp\/v2\/product_cat?post=243172"},{"taxonomy":"product_tag","embeddable":true,"href":"https:\/\/aromasentia.com\/fr\/wp-json\/wp\/v2\/product_tag?post=243172"}],"curies":[{"name":"wp","href":"https:\/\/api.w.org\/{rel}","templated":true}]}}