{"id":243144,"date":"2025-03-20T15:03:30","date_gmt":"2025-03-20T15:03:30","guid":{"rendered":"https:\/\/aromasentia.com\/product\/large-mango-box-burner-elephant\/"},"modified":"2025-06-23T19:19:32","modified_gmt":"2025-06-23T19:19:32","slug":"grand-bruleur-bois-de-manguier-elephant","status":"publish","type":"product","link":"https:\/\/aromasentia.com\/fr\/grand-bruleur-bois-de-manguier-elephant\/","title":{"rendered":"Grand Br\u00fbleur Bois de Manguier &#8211; \u00c9l\u00e9phant"},"content":{"rendered":"<p>Apportez la symbolique de la force et de la sagesse dans les foyers de vos clients avec le <strong>Br\u00fbleur d&rsquo;huiles en bois de manguier &#8211; \u00e9l\u00e9phant. <\/strong><\/p>\n<p>Sculpt\u00e9 \u00e0 la main dans du bois de manguier durable, ce br\u00fbleur arbore un design d\u00e9taill\u00e9 en forme d&rsquo;\u00e9l\u00e9phant, en faisant un ajout \u00e0 la fois \u00e9l\u00e9gant et plein de sens \u00e0 tout espace.&nbsp;<\/p>\n<p>Utilisable avec des huiles essentielles ou des cires parfum\u00e9es, il offre une mani\u00e8re polyvalente de profiter de senteurs apaisantes tout en ajoutant une touche de beaut\u00e9 naturelle.&nbsp;<\/p>\n<p><strong>Avec sa taille compacte de 12,5 x 12,5 x 12,5 cm, il est parfait pour les tables, \u00e9tag\u00e8res ou comme cadeau attentionn\u00e9.<\/strong><\/p>\n","protected":false},"excerpt":{"rendered":"<p>Apportez la symbolique de la force et de la sagesse dans les foyers de vos clients avec le Br\u00fbleur d&rsquo;huiles en bois de manguier &#8211; \u00e9l\u00e9phant. Sculpt\u00e9 \u00e0 la main dans du bois de manguier durable, ce br\u00fbleur arbore un design d\u00e9taill\u00e9 en forme d&rsquo;\u00e9l\u00e9phant, en faisant un ajout \u00e0 la fois \u00e9l\u00e9gant et plein [&hellip;]<\/p>\n","protected":false},"featured_media":265772,"comment_status":"closed","ping_status":"open","template":"","meta":{"_angie_page":false},"product_brand":[],"product_cat":[18405,16514],"product_tag":[],"class_list":{"0":"post-243144","1":"product","2":"type-product","3":"status-publish","4":"has-post-thumbnail","6":"product_cat-bruleurs-d-huiles","7":"product_cat-diffuseurs-ultrason-et-dambiance","8":"pa_collection-mango-wood-oil-burners-fr","9":"pa_made-in-inde","11":"first","12":"instock","13":"purchasable","14":"product-type-simple"},"supplier_id":null,"supplier_sku":"MWOB-01","barcode":null,"atum_controlled":true,"out_stock_date":null,"out_stock_threshold":null,"inheritable":false,"inbound_stock":null,"stock_on_hold":0,"sold_today":0,"sales_last_days":0,"reserved_stock":null,"customer_returns":null,"warehouse_damage":null,"lost_in_post":null,"other_logs":null,"out_stock_days":0,"lost_sales":0,"has_location":null,"update_date":"2026-05-08T05:14:27","atum_locations":[],"atum_stock_status":"instock","restock_status":false,"low_stock_amount":"","sales_update_date":"2026-01-30T01:25:02","calc_backorders":null,"_links":{"self":[{"href":"https:\/\/aromasentia.com\/fr\/wp-json\/wp\/v2\/product\/243144","targetHints":{"allow":["GET"]}}],"collection":[{"href":"https:\/\/aromasentia.com\/fr\/wp-json\/wp\/v2\/product"}],"about":[{"href":"https:\/\/aromasentia.com\/fr\/wp-json\/wp\/v2\/types\/product"}],"replies":[{"embeddable":true,"href":"https:\/\/aromasentia.com\/fr\/wp-json\/wp\/v2\/comments?post=243144"}],"version-history":[{"count":0,"href":"https:\/\/aromasentia.com\/fr\/wp-json\/wp\/v2\/product\/243144\/revisions"}],"wp:featuredmedia":[{"embeddable":true,"href":"https:\/\/aromasentia.com\/fr\/wp-json\/wp\/v2\/media\/265772"}],"wp:attachment":[{"href":"https:\/\/aromasentia.com\/fr\/wp-json\/wp\/v2\/media?parent=243144"}],"wp:term":[{"taxonomy":"product_brand","embeddable":true,"href":"https:\/\/aromasentia.com\/fr\/wp-json\/wp\/v2\/product_brand?post=243144"},{"taxonomy":"product_cat","embeddable":true,"href":"https:\/\/aromasentia.com\/fr\/wp-json\/wp\/v2\/product_cat?post=243144"},{"taxonomy":"product_tag","embeddable":true,"href":"https:\/\/aromasentia.com\/fr\/wp-json\/wp\/v2\/product_tag?post=243144"}],"curies":[{"name":"wp","href":"https:\/\/api.w.org\/{rel}","templated":true}]}}