{"id":242960,"date":"2025-03-20T15:12:34","date_gmt":"2025-03-20T15:12:34","guid":{"rendered":"https:\/\/aromasentia.com\/product\/evening-primrose-organic-base-oil-100ml\/"},"modified":"2025-06-23T19:19:03","modified_gmt":"2025-06-23T19:19:03","slug":"onagre-huile-de-base-neutre-bio-100ml","status":"publish","type":"product","link":"https:\/\/aromasentia.com\/fr\/onagre-huile-de-base-neutre-bio-100ml\/","title":{"rendered":"Onagre &#8211; Huile de Base Neutre Bio 100ml"},"content":{"rendered":"<p><strong><span style=\"color: rgb(75, 80, 88);\">Nom latin :<\/span><\/strong> Oenothera Biennis&nbsp;<\/p>\n<p><strong><span style=\"color: rgb(75, 80, 88);\">Couleur et odeur : <\/span><\/strong>jaune dor\u00e9 avec un l\u00e9ger parfum de noisette&nbsp;<\/p>\n<p><strong><span style=\"color: rgb(75, 80, 88);\">Texture :<\/span><\/strong> consistance \u00e9paisse qui p\u00e9n\u00e8tre tr\u00e8s lentement dans la peau&nbsp;<\/p>\n<p>Notre <strong>huile de base biologique d&rsquo;onagre<\/strong> en gros est fabriqu\u00e9e avec une m\u00e9thode d&rsquo;extraction par pression \u00e0 froid. Fourni dans des bouteilles ambr\u00e9es de 100 ml et toutes 100% naturelles, d\u00e9riv\u00e9es de plantes qui ne sont pas cultiv\u00e9es \u00e0 l&rsquo;aide de pesticides, d&rsquo;engrais ou d&rsquo;autres produits chimiques.&nbsp;<\/p>\n<p>On dit que l&rsquo;huile d&rsquo;onagre a de nombreuses propri\u00e9t\u00e9s. Parmi elles, il y a un certain nombre d&rsquo;effets positifs sur la peau, comme l&rsquo;aide contre les pellicules, l&rsquo;ecz\u00e9ma et le psoriasis.<\/p>\n","protected":false},"excerpt":{"rendered":"<p>Nom latin : Oenothera Biennis&nbsp; Couleur et odeur : jaune dor\u00e9 avec un l\u00e9ger parfum de noisette&nbsp; Texture : consistance \u00e9paisse qui p\u00e9n\u00e8tre tr\u00e8s lentement dans la peau&nbsp; Notre huile de base biologique d&rsquo;onagre en gros est fabriqu\u00e9e avec une m\u00e9thode d&rsquo;extraction par pression \u00e0 froid. Fourni dans des bouteilles ambr\u00e9es de 100 ml et [&hellip;]<\/p>\n","protected":false},"featured_media":267134,"comment_status":"closed","ping_status":"open","template":"","meta":{"_angie_page":false},"product_brand":[],"product_cat":[16450,26832,23926,26369,25842],"product_tag":[],"class_list":{"0":"post-242960","1":"product","2":"type-product","3":"status-publish","4":"has-post-thumbnail","6":"product_cat-aromatherapie-et-parfums-d-ambiance","7":"product_cat-floral","8":"product_cat-huiles-vegetales","9":"product_cat-rose","10":"product_cat-senteurs-aromes","11":"pa_collection-organic-base-oils-100ml-fr","12":"pa_made-in-chine","13":"pa_size-100ml","15":"first","16":"instock","17":"purchasable","18":"product-type-simple"},"supplier_id":null,"supplier_sku":"OrgBO-09","barcode":null,"atum_controlled":true,"out_stock_date":null,"out_stock_threshold":null,"inheritable":false,"inbound_stock":null,"stock_on_hold":0,"sold_today":0,"sales_last_days":0,"reserved_stock":null,"customer_returns":null,"warehouse_damage":null,"lost_in_post":null,"other_logs":null,"out_stock_days":0,"lost_sales":0,"has_location":null,"update_date":"2026-04-27T07:16:42","atum_locations":[],"atum_stock_status":"instock","restock_status":false,"low_stock_amount":"","sales_update_date":"2026-02-06T00:02:24","calc_backorders":null,"_links":{"self":[{"href":"https:\/\/aromasentia.com\/fr\/wp-json\/wp\/v2\/product\/242960","targetHints":{"allow":["GET"]}}],"collection":[{"href":"https:\/\/aromasentia.com\/fr\/wp-json\/wp\/v2\/product"}],"about":[{"href":"https:\/\/aromasentia.com\/fr\/wp-json\/wp\/v2\/types\/product"}],"replies":[{"embeddable":true,"href":"https:\/\/aromasentia.com\/fr\/wp-json\/wp\/v2\/comments?post=242960"}],"version-history":[{"count":0,"href":"https:\/\/aromasentia.com\/fr\/wp-json\/wp\/v2\/product\/242960\/revisions"}],"wp:featuredmedia":[{"embeddable":true,"href":"https:\/\/aromasentia.com\/fr\/wp-json\/wp\/v2\/media\/267134"}],"wp:attachment":[{"href":"https:\/\/aromasentia.com\/fr\/wp-json\/wp\/v2\/media?parent=242960"}],"wp:term":[{"taxonomy":"product_brand","embeddable":true,"href":"https:\/\/aromasentia.com\/fr\/wp-json\/wp\/v2\/product_brand?post=242960"},{"taxonomy":"product_cat","embeddable":true,"href":"https:\/\/aromasentia.com\/fr\/wp-json\/wp\/v2\/product_cat?post=242960"},{"taxonomy":"product_tag","embeddable":true,"href":"https:\/\/aromasentia.com\/fr\/wp-json\/wp\/v2\/product_tag?post=242960"}],"curies":[{"name":"wp","href":"https:\/\/api.w.org\/{rel}","templated":true}]}}