{"id":242948,"date":"2025-03-20T15:12:34","date_gmt":"2025-03-20T15:12:34","guid":{"rendered":"https:\/\/aromasentia.com\/product\/coconut-organic-base-oil-100ml\/"},"modified":"2025-06-23T19:19:01","modified_gmt":"2025-06-23T19:19:01","slug":"noix-de-coco-huile-de-base-neutre-bio-100ml","status":"publish","type":"product","link":"https:\/\/aromasentia.com\/fr\/noix-de-coco-huile-de-base-neutre-bio-100ml\/","title":{"rendered":"Noix de Coco &#8211; Huile de Base Neutre Bio 100ml"},"content":{"rendered":"<p><strong><span style=\"color: rgb(75, 80, 88);\">Nom latin :<\/span><\/strong> Cocos Nucifera&nbsp;<\/p>\n<p><strong><span style=\"color: rgb(75, 80, 88);\">Couleur et odeur :<\/span><\/strong> eau claire avec odeur et go\u00fbt de noix de coco&nbsp;<\/p>\n<p><strong><span style=\"color: rgb(75, 80, 88);\">Texture :<\/span><\/strong> assez facile \u00e0 verser et appara\u00eet \u00e0 l&rsquo;\u0153il nu avec une texture trouble&nbsp;<\/p>\n<p><strong><span style=\"color: rgb(75, 80, 88);\">Notre huile de base biologique de noix de coco<\/span><\/strong> en gros provient d&rsquo;Indon\u00e9sie et est fabriqu\u00e9e avec une m\u00e9thode d&rsquo;extraction par pression \u00e0 froid. Fourni dans des bouteilles ambr\u00e9es de 100 ml et toutes 100% naturelles, d\u00e9riv\u00e9es de plantes qui ne sont pas cultiv\u00e9es \u00e0 l&rsquo;aide de pesticides, d&rsquo;engrais ou d&rsquo;autres produits chimiques.&nbsp;<\/p>\n<p>L&rsquo;huile de noix de coco dans sa forme la plus pure est solide \u00e0 temp\u00e9rature ambiante en raison de la graisse naturelle qui contient la noix de coco tropicale. L&rsquo;huile de base de noix de coco est largement utilis\u00e9e dans un certain nombre d&rsquo;applications.&nbsp;<\/p>\n<p>C&rsquo;est un bon hydratant pour la peau et lorsqu&rsquo;il est appliqu\u00e9 sur les cheveux, il aide \u00e0 retenir les prot\u00e9ines.<\/p>\n","protected":false},"excerpt":{"rendered":"<p>Nom latin : Cocos Nucifera&nbsp; Couleur et odeur : eau claire avec odeur et go\u00fbt de noix de coco&nbsp; Texture : assez facile \u00e0 verser et appara\u00eet \u00e0 l&rsquo;\u0153il nu avec une texture trouble&nbsp; Notre huile de base biologique de noix de coco en gros provient d&rsquo;Indon\u00e9sie et est fabriqu\u00e9e avec une m\u00e9thode d&rsquo;extraction par [&hellip;]<\/p>\n","protected":false},"featured_media":267107,"comment_status":"closed","ping_status":"open","template":"","meta":{"_angie_page":false},"product_brand":[],"product_cat":[16450,23646,23926],"product_tag":[],"class_list":{"0":"post-242948","1":"product","2":"type-product","3":"status-publish","4":"has-post-thumbnail","6":"product_cat-aromatherapie-et-parfums-d-ambiance","7":"product_cat-huiles-essentielles","8":"product_cat-huiles-vegetales","9":"pa_collection-organic-base-oils-100ml-fr","10":"pa_made-in-indonesie","11":"pa_size-100ml","13":"first","14":"instock","15":"purchasable","16":"product-type-simple"},"supplier_id":null,"supplier_sku":"OrgBO-06","barcode":null,"atum_controlled":true,"out_stock_date":null,"out_stock_threshold":null,"inheritable":false,"inbound_stock":null,"stock_on_hold":0,"sold_today":0,"sales_last_days":0,"reserved_stock":null,"customer_returns":null,"warehouse_damage":null,"lost_in_post":null,"other_logs":null,"out_stock_days":0,"lost_sales":0,"has_location":null,"update_date":"2026-04-28T18:50:19","atum_locations":[],"atum_stock_status":"instock","restock_status":false,"low_stock_amount":"","sales_update_date":"2026-01-20T05:14:00","calc_backorders":null,"_links":{"self":[{"href":"https:\/\/aromasentia.com\/fr\/wp-json\/wp\/v2\/product\/242948","targetHints":{"allow":["GET"]}}],"collection":[{"href":"https:\/\/aromasentia.com\/fr\/wp-json\/wp\/v2\/product"}],"about":[{"href":"https:\/\/aromasentia.com\/fr\/wp-json\/wp\/v2\/types\/product"}],"replies":[{"embeddable":true,"href":"https:\/\/aromasentia.com\/fr\/wp-json\/wp\/v2\/comments?post=242948"}],"version-history":[{"count":0,"href":"https:\/\/aromasentia.com\/fr\/wp-json\/wp\/v2\/product\/242948\/revisions"}],"wp:featuredmedia":[{"embeddable":true,"href":"https:\/\/aromasentia.com\/fr\/wp-json\/wp\/v2\/media\/267107"}],"wp:attachment":[{"href":"https:\/\/aromasentia.com\/fr\/wp-json\/wp\/v2\/media?parent=242948"}],"wp:term":[{"taxonomy":"product_brand","embeddable":true,"href":"https:\/\/aromasentia.com\/fr\/wp-json\/wp\/v2\/product_brand?post=242948"},{"taxonomy":"product_cat","embeddable":true,"href":"https:\/\/aromasentia.com\/fr\/wp-json\/wp\/v2\/product_cat?post=242948"},{"taxonomy":"product_tag","embeddable":true,"href":"https:\/\/aromasentia.com\/fr\/wp-json\/wp\/v2\/product_tag?post=242948"}],"curies":[{"name":"wp","href":"https:\/\/api.w.org\/{rel}","templated":true}]}}