{"id":242892,"date":"2025-03-20T15:12:55","date_gmt":"2025-03-20T15:12:55","guid":{"rendered":"https:\/\/aromasentia.com\/product\/organic-apricot-kernel-oil-1-litre\/"},"modified":"2025-06-23T19:18:52","modified_gmt":"2025-06-23T19:18:52","slug":"huile-dnoyaux-dabricot-biologique-1-litre","status":"publish","type":"product","link":"https:\/\/aromasentia.com\/fr\/huile-dnoyaux-dabricot-biologique-1-litre\/","title":{"rendered":"Huile d&rsquo;Noyaux d&rsquo;Abricot Biologique 1 Litre"},"content":{"rendered":"<h1><strong><span style=\"color: rgb(251, 160, 38);\">Huile de Noyau d&rsquo;Abricot 1L<\/span><\/strong><\/h1>\n<p>Les huiles de support, souvent appel\u00e9es huiles de base, sont des huiles avec lesquelles les huiles essentielles ou parfum\u00e9es peuvent \u00eatre dilu\u00e9es et &laquo; transport\u00e9es &raquo; sur votre peau.&nbsp;<\/p>\n<h2>Huile de Qualit\u00e9 Sup\u00e9rieure :<\/h2>\n<p>L&rsquo;huile de support de noyau d&rsquo;abricot biologique que nous vendons est de qualit\u00e9 sup\u00e9rieure et press\u00e9e \u00e0 froid, ce qui vous permet d&rsquo;avoir le produit de beaut\u00e9, d&rsquo;aromath\u00e9rapie ou de cosm\u00e9tique le plus actif, le plus puissant et le plus respectueux de l&rsquo;environnement que l&rsquo;argent puisse obtenir. Ils sont exempts de pesticides, d&rsquo;herbicides et d&rsquo;engrais synth\u00e9tiques et seront donc consid\u00e9r\u00e9s comme sans danger pour l&rsquo;environnement et sans danger dans les formulations cosm\u00e9tiques.&nbsp;<\/p>\n<h2>Les Bienfaits :<\/h2>\n<p>L&rsquo;huile de noyau d&rsquo;abricot est une huile douce et nourrissante qui hydrate sans laisser de r\u00e9sidu gras. Il est riche en vitamines et min\u00e9raux, ce qui le rend parfait pour adoucir et am\u00e9liorer le teint.&nbsp;<\/p>\n<p><strong>Nom latin :<\/strong> Prunus armeniaca&nbsp;<\/p>\n<p><strong>Provenant de :<\/strong> Noyaux&nbsp;<\/p>\n<p><strong>Avantages :&nbsp;<\/strong>Hydrate la peau s\u00e8che, am\u00e9liore le teint et apaise les peaux sensibles.&nbsp;<\/p>\n<p><strong>Type de peau :&nbsp;<\/strong>Id\u00e9al pour les peaux s\u00e8ches, sensibles ou matures.<\/p>\n<p><strong><span style=\"color: rgb(141, 186, 216);\">Propulsez votre entreprise avec notre Huile de Noyau d&rsquo;Abricot Biologique 1L. Offrez \u00e0 vos clients le meilleur. Commandez d\u00e8s maintenant!<\/span><\/strong> <\/p>\n<p><\/p>\n","protected":false},"excerpt":{"rendered":"<p>Huile de Noyau d&rsquo;Abricot 1L Les huiles de support, souvent appel\u00e9es huiles de base, sont des huiles avec lesquelles les huiles essentielles ou parfum\u00e9es peuvent \u00eatre dilu\u00e9es et &laquo; transport\u00e9es &raquo; sur votre peau.&nbsp; Huile de Qualit\u00e9 Sup\u00e9rieure : L&rsquo;huile de support de noyau d&rsquo;abricot biologique que nous vendons est de qualit\u00e9 sup\u00e9rieure et press\u00e9e [&hellip;]<\/p>\n","protected":false},"featured_media":267215,"comment_status":"closed","ping_status":"open","template":"","meta":{"_angie_page":false},"product_brand":[],"product_cat":[16450,23926],"product_tag":[],"class_list":{"0":"post-242892","1":"product","2":"type-product","3":"status-publish","4":"has-post-thumbnail","6":"product_cat-aromatherapie-et-parfums-d-ambiance","7":"product_cat-huiles-vegetales","8":"pa_collection-bulk-organic-carrier-oils-fr","9":"pa_made-in-turquie","11":"first","12":"instock","13":"purchasable","14":"product-type-simple"},"supplier_id":null,"supplier_sku":"OrgBOz-04","barcode":null,"atum_controlled":true,"out_stock_date":null,"out_stock_threshold":null,"inheritable":false,"inbound_stock":null,"stock_on_hold":0,"sold_today":0,"sales_last_days":0,"reserved_stock":null,"customer_returns":null,"warehouse_damage":null,"lost_in_post":null,"other_logs":null,"out_stock_days":0,"lost_sales":0,"has_location":null,"update_date":"2026-04-27T07:16:49","atum_locations":[],"atum_stock_status":"instock","restock_status":false,"low_stock_amount":"","sales_update_date":"2026-01-30T01:25:32","calc_backorders":null,"_links":{"self":[{"href":"https:\/\/aromasentia.com\/fr\/wp-json\/wp\/v2\/product\/242892","targetHints":{"allow":["GET"]}}],"collection":[{"href":"https:\/\/aromasentia.com\/fr\/wp-json\/wp\/v2\/product"}],"about":[{"href":"https:\/\/aromasentia.com\/fr\/wp-json\/wp\/v2\/types\/product"}],"replies":[{"embeddable":true,"href":"https:\/\/aromasentia.com\/fr\/wp-json\/wp\/v2\/comments?post=242892"}],"version-history":[{"count":0,"href":"https:\/\/aromasentia.com\/fr\/wp-json\/wp\/v2\/product\/242892\/revisions"}],"wp:featuredmedia":[{"embeddable":true,"href":"https:\/\/aromasentia.com\/fr\/wp-json\/wp\/v2\/media\/267215"}],"wp:attachment":[{"href":"https:\/\/aromasentia.com\/fr\/wp-json\/wp\/v2\/media?parent=242892"}],"wp:term":[{"taxonomy":"product_brand","embeddable":true,"href":"https:\/\/aromasentia.com\/fr\/wp-json\/wp\/v2\/product_brand?post=242892"},{"taxonomy":"product_cat","embeddable":true,"href":"https:\/\/aromasentia.com\/fr\/wp-json\/wp\/v2\/product_cat?post=242892"},{"taxonomy":"product_tag","embeddable":true,"href":"https:\/\/aromasentia.com\/fr\/wp-json\/wp\/v2\/product_tag?post=242892"}],"curies":[{"name":"wp","href":"https:\/\/api.w.org\/{rel}","templated":true}]}}