{"id":242884,"date":"2025-03-20T15:12:55","date_gmt":"2025-03-20T15:12:55","guid":{"rendered":"https:\/\/aromasentia.com\/product\/organic-coconut-oil-1-litre\/"},"modified":"2025-06-23T19:18:50","modified_gmt":"2025-06-23T19:18:50","slug":"huile-dnoix-dcoco-biologique-1-litre","status":"publish","type":"product","link":"https:\/\/aromasentia.com\/fr\/huile-dnoix-dcoco-biologique-1-litre\/","title":{"rendered":"Huile d&rsquo;Noix d&rsquo;Coco Biologique 1 Litre"},"content":{"rendered":"<h1><span style=\"color: rgb(163, 143, 132);\">Huile de Noix de Coco Biologique<\/span><\/h1>\n<p>Les huiles de support, souvent appel\u00e9es huiles de base, sont des huiles avec lesquelles les huiles essentielles ou parfum\u00e9es peuvent \u00eatre dilu\u00e9es et \u00ab\u00a0transport\u00e9es\u00a0\u00bb dans votre peau.&nbsp;<\/p>\n<h2>Qualit\u00e9 Sup\u00e9rieure :<\/h2>\n<p>L&rsquo;huile de coco biologique que nous vendons est de premi\u00e8re qualit\u00e9 et press\u00e9e \u00e0 froid, ce qui vous permet d&rsquo;obtenir le produit de beaut\u00e9, d&rsquo;aromath\u00e9rapie ou de cosm\u00e9tique le plus actif, le plus puissant et le plus respectueux de l&rsquo;environnement que vous puissiez vous procurer.&nbsp;<\/p>\n<p>Elles sont exemptes de pesticides, d&rsquo;herbicides et d&rsquo;engrais synth\u00e9tiques, et sont donc consid\u00e9r\u00e9es comme s\u00fbres pour l&rsquo;environnement et pour les formulations cosm\u00e9tiques.&nbsp;<\/p>\n<h2>Les Bienfaits de l&rsquo;Huile de Coco Biologique :&nbsp;<\/h2>\n<p>L&rsquo;huile de coco est riche en acides gras et en antioxydants, ce qui lui conf\u00e8re une hydratation et une protection en profondeur. Ses propri\u00e9t\u00e9s antibact\u00e9riennes la rendent id\u00e9ale pour apaiser les peaux irrit\u00e9es.&nbsp;<\/p>\n<p><strong>Nom latin :<\/strong> Cocos nucifera&nbsp;<\/p>\n<p><strong>Origine :<\/strong> Chair de coco&nbsp;<\/p>\n<p><strong>B\u00e9n\u00e9fices :<\/strong> Hydrate en profondeur, renforce la barri\u00e8re cutan\u00e9e et r\u00e9duit l&rsquo;inflammation.&nbsp;<\/p>\n<p><strong>Type de peau :<\/strong> Id\u00e9al pour les peaux s\u00e8ches, irrit\u00e9es ou sensibles.<\/p>\n<p><strong><span style=\"color: rgb(141, 186, 216);\">Offrez la perfection avec notre Huile de Coco Biologique 1 Litre. Choisissez la qualit\u00e9, commandez d\u00e8s maintenant! <\/span><\/strong><\/p>\n","protected":false},"excerpt":{"rendered":"<p>Huile de Noix de Coco Biologique Les huiles de support, souvent appel\u00e9es huiles de base, sont des huiles avec lesquelles les huiles essentielles ou parfum\u00e9es peuvent \u00eatre dilu\u00e9es et \u00ab\u00a0transport\u00e9es\u00a0\u00bb dans votre peau.&nbsp; Qualit\u00e9 Sup\u00e9rieure : L&rsquo;huile de coco biologique que nous vendons est de premi\u00e8re qualit\u00e9 et press\u00e9e \u00e0 froid, ce qui vous permet [&hellip;]<\/p>\n","protected":false},"featured_media":267197,"comment_status":"closed","ping_status":"open","template":"","meta":{"_angie_page":false},"product_brand":[],"product_cat":[16450,23926],"product_tag":[],"class_list":{"0":"post-242884","1":"product","2":"type-product","3":"status-publish","4":"has-post-thumbnail","6":"product_cat-aromatherapie-et-parfums-d-ambiance","7":"product_cat-huiles-vegetales","8":"pa_collection-bulk-organic-carrier-oils-fr","9":"pa_made-in-sri-lanka","11":"first","12":"instock","13":"purchasable","14":"product-type-simple"},"supplier_id":null,"supplier_sku":"OrgBOz-06","barcode":null,"atum_controlled":true,"out_stock_date":null,"out_stock_threshold":null,"inheritable":false,"inbound_stock":null,"stock_on_hold":0,"sold_today":0,"sales_last_days":0,"reserved_stock":null,"customer_returns":null,"warehouse_damage":null,"lost_in_post":null,"other_logs":null,"out_stock_days":98,"lost_sales":0,"has_location":null,"update_date":"2026-04-27T07:16:49","atum_locations":[],"atum_stock_status":"instock","restock_status":false,"low_stock_amount":"","sales_update_date":"2026-02-06T00:01:11","calc_backorders":null,"_links":{"self":[{"href":"https:\/\/aromasentia.com\/fr\/wp-json\/wp\/v2\/product\/242884","targetHints":{"allow":["GET"]}}],"collection":[{"href":"https:\/\/aromasentia.com\/fr\/wp-json\/wp\/v2\/product"}],"about":[{"href":"https:\/\/aromasentia.com\/fr\/wp-json\/wp\/v2\/types\/product"}],"replies":[{"embeddable":true,"href":"https:\/\/aromasentia.com\/fr\/wp-json\/wp\/v2\/comments?post=242884"}],"version-history":[{"count":0,"href":"https:\/\/aromasentia.com\/fr\/wp-json\/wp\/v2\/product\/242884\/revisions"}],"wp:featuredmedia":[{"embeddable":true,"href":"https:\/\/aromasentia.com\/fr\/wp-json\/wp\/v2\/media\/267197"}],"wp:attachment":[{"href":"https:\/\/aromasentia.com\/fr\/wp-json\/wp\/v2\/media?parent=242884"}],"wp:term":[{"taxonomy":"product_brand","embeddable":true,"href":"https:\/\/aromasentia.com\/fr\/wp-json\/wp\/v2\/product_brand?post=242884"},{"taxonomy":"product_cat","embeddable":true,"href":"https:\/\/aromasentia.com\/fr\/wp-json\/wp\/v2\/product_cat?post=242884"},{"taxonomy":"product_tag","embeddable":true,"href":"https:\/\/aromasentia.com\/fr\/wp-json\/wp\/v2\/product_tag?post=242884"}],"curies":[{"name":"wp","href":"https:\/\/api.w.org\/{rel}","templated":true}]}}