{"id":242864,"date":"2025-03-20T15:12:55","date_gmt":"2025-03-20T15:12:55","guid":{"rendered":"https:\/\/aromasentia.com\/product\/organic-castor-oil-1-litre\/"},"modified":"2025-06-23T19:18:47","modified_gmt":"2025-06-23T19:18:47","slug":"huile-dricin-biologique-1-litre","status":"publish","type":"product","link":"https:\/\/aromasentia.com\/fr\/huile-dricin-biologique-1-litre\/","title":{"rendered":"Huile d&rsquo;Ricin Biologique 1 Litre"},"content":{"rendered":"<h1><strong><span style=\"color: rgb(163, 143, 132);\">Huile de Ricin Biologique 1L<\/span><\/strong><\/h1>\n<p>Les huiles de support, souvent appel\u00e9es huiles de base, sont des huiles avec lesquelles les huiles essentielles ou parfum\u00e9es peuvent \u00eatre dilu\u00e9es et \u00ab\u00a0transport\u00e9es\u00a0\u00bb sur votre peau.&nbsp;<\/p>\n<h2>Huile de Qualit\u00e9 Sup\u00e9rieure :<\/h2>\n<p>L&rsquo;huile de ricin biologique que nous vendons est de premi\u00e8re qualit\u00e9 et press\u00e9e \u00e0 froid, ce qui vous permet d&rsquo;obtenir le produit de beaut\u00e9, d&rsquo;aromath\u00e9rapie ou de cosm\u00e9tique le plus actif, le plus puissant et le plus respectueux de l&rsquo;environnement.&nbsp;<\/p>\n<p>Elle est exempte de pesticides, d&rsquo;herbicides et d&rsquo;engrais synth\u00e9tiques, et sera donc consid\u00e9r\u00e9e comme sans danger pour l&rsquo;environnement et pour les formulations cosm\u00e9tiques. L&rsquo;huile de ricin est une huile porteuse polyvalente qui p\u00e9n\u00e8tre profond\u00e9ment dans la peau pour l&rsquo;hydrater sans obstruer les pores.&nbsp;<\/p>\n<h2>Les Bienfaits :<\/h2>\n<p>Sa teneur en acide ricinol\u00e9ique aide \u00e0 lutter contre l&rsquo;acn\u00e9, \u00e0 r\u00e9duire l&rsquo;inflammation et \u00e0 favoriser une croissance saine des cheveux, ce qui en fait un produit de base dans les routines de beaut\u00e9.&nbsp;<\/p>\n<p><strong>Nom latin :<\/strong> Ricinus communis&nbsp;<\/p>\n<p><strong>Origine :<\/strong> graines Graines&nbsp;<\/p>\n<p><strong>Avantages :<\/strong> Favorise la croissance des cheveux, hydrate la peau et r\u00e9duit l&rsquo;acn\u00e9.&nbsp;<\/p>\n<p><strong>Type de peau :<\/strong> Convient \u00e0 tous les types de peau, en particulier les peaux s\u00e8ches et sujettes \u00e0 l&rsquo;acn\u00e9.<\/p>\n<p><strong><span style=\"color: rgb(141, 186, 216);\">Optimisez vos produits avec notre Huile de Ricin de Qualit\u00e9. Commandez maintenant pour des r\u00e9sultats remarquables!<\/span><\/strong>&nbsp;<\/p>\n","protected":false},"excerpt":{"rendered":"<p>Huile de Ricin Biologique 1L Les huiles de support, souvent appel\u00e9es huiles de base, sont des huiles avec lesquelles les huiles essentielles ou parfum\u00e9es peuvent \u00eatre dilu\u00e9es et \u00ab\u00a0transport\u00e9es\u00a0\u00bb sur votre peau.&nbsp; Huile de Qualit\u00e9 Sup\u00e9rieure : L&rsquo;huile de ricin biologique que nous vendons est de premi\u00e8re qualit\u00e9 et press\u00e9e \u00e0 froid, ce qui vous [&hellip;]<\/p>\n","protected":false},"featured_media":267152,"comment_status":"closed","ping_status":"open","template":"","meta":{"_angie_page":false},"product_brand":[],"product_cat":[16450,23926],"product_tag":[],"class_list":{"0":"post-242864","1":"product","2":"type-product","3":"status-publish","4":"has-post-thumbnail","6":"product_cat-aromatherapie-et-parfums-d-ambiance","7":"product_cat-huiles-vegetales","8":"pa_collection-bulk-organic-carrier-oils-fr","9":"pa_made-in-inde","11":"first","12":"instock","13":"purchasable","14":"product-type-simple"},"supplier_id":null,"supplier_sku":"OrgBOz-11","barcode":null,"atum_controlled":true,"out_stock_date":null,"out_stock_threshold":null,"inheritable":false,"inbound_stock":null,"stock_on_hold":0,"sold_today":0,"sales_last_days":0,"reserved_stock":null,"customer_returns":null,"warehouse_damage":null,"lost_in_post":null,"other_logs":null,"out_stock_days":93,"lost_sales":0,"has_location":null,"update_date":"2026-04-27T07:16:49","atum_locations":[],"atum_stock_status":"instock","restock_status":false,"low_stock_amount":"","sales_update_date":"2026-02-06T00:01:10","calc_backorders":null,"_links":{"self":[{"href":"https:\/\/aromasentia.com\/fr\/wp-json\/wp\/v2\/product\/242864","targetHints":{"allow":["GET"]}}],"collection":[{"href":"https:\/\/aromasentia.com\/fr\/wp-json\/wp\/v2\/product"}],"about":[{"href":"https:\/\/aromasentia.com\/fr\/wp-json\/wp\/v2\/types\/product"}],"replies":[{"embeddable":true,"href":"https:\/\/aromasentia.com\/fr\/wp-json\/wp\/v2\/comments?post=242864"}],"version-history":[{"count":0,"href":"https:\/\/aromasentia.com\/fr\/wp-json\/wp\/v2\/product\/242864\/revisions"}],"wp:featuredmedia":[{"embeddable":true,"href":"https:\/\/aromasentia.com\/fr\/wp-json\/wp\/v2\/media\/267152"}],"wp:attachment":[{"href":"https:\/\/aromasentia.com\/fr\/wp-json\/wp\/v2\/media?parent=242864"}],"wp:term":[{"taxonomy":"product_brand","embeddable":true,"href":"https:\/\/aromasentia.com\/fr\/wp-json\/wp\/v2\/product_brand?post=242864"},{"taxonomy":"product_cat","embeddable":true,"href":"https:\/\/aromasentia.com\/fr\/wp-json\/wp\/v2\/product_cat?post=242864"},{"taxonomy":"product_tag","embeddable":true,"href":"https:\/\/aromasentia.com\/fr\/wp-json\/wp\/v2\/product_tag?post=242864"}],"curies":[{"name":"wp","href":"https:\/\/api.w.org\/{rel}","templated":true}]}}