{"id":242856,"date":"2025-03-20T15:13:10","date_gmt":"2025-03-20T15:13:10","guid":{"rendered":"https:\/\/aromasentia.com\/product\/clary-sage-organic-essential-oil-10ml\/"},"modified":"2025-06-23T19:18:46","modified_gmt":"2025-06-23T19:18:46","slug":"sauge-sclaree-huile-essentielle-bio-10ml","status":"publish","type":"product","link":"https:\/\/aromasentia.com\/fr\/sauge-sclaree-huile-essentielle-bio-10ml\/","title":{"rendered":"Sauge Sclar\u00e9e &#8211; Huile Essentielle Bio 10ml"},"content":{"rendered":"<p><strong><span style=\"color: rgb(75, 80, 88);\">L&rsquo;Huile Essentielle Bio de Sauge Sclar\u00e9e<\/span><\/strong> est extraite par distillation \u00e0 la vapeur des sommit\u00e9s fleuries et des feuilles de Salvia sclarea. Il est originaire du sud de l&rsquo;Europe et est cultiv\u00e9 pour son huile en France et en Russie.&nbsp;<\/p>\n<p>Le plus grand avantage de cette huile est son influence calmante sur les nerfs et est particuli\u00e8rement utile pour les plaintes et les affections f\u00e9minines.&nbsp;<\/p>\n<p>On dit \u00e9galement qu&rsquo;il aide les probl\u00e8mes de peau comme l&rsquo;acn\u00e9, les furoncles et les ulc\u00e8res et soulage les muscles et les articulations douloureux. La sauge sclar\u00e9e est utile aux personnes souffrant de d\u00e9pression, de stress et d&rsquo;insomnie. Il a \u00e9t\u00e9 utilis\u00e9 pour aider les probl\u00e8mes des femmes comme les r\u00e8gles douloureuses, les menstruations irr\u00e9guli\u00e8res et pendant le travail.&nbsp;<\/p>\n<p>Pendant la m\u00e9nopause, cette huile est cens\u00e9e r\u00e9duire les bouff\u00e9es de chaleur, les sueurs nocturnes, les palpitations, l&rsquo;irritabilit\u00e9, ainsi que les maux de t\u00eate et les \u00e9tourdissements. Il a \u00e9t\u00e9 utilis\u00e9 comme aphrodisiaque. Il est \u00e9galement bon pour la digestion et les reins. Au moyen-\u00e2ge, Clary Sage \u00e9tait connue sous le nom d&rsquo;Oculus Christi, ce qui signifiait &laquo;l&rsquo;\u0153il du Christ&raquo;.&nbsp;<\/p>\n<p>C&rsquo;\u00e9tait un m\u00e9dicament tr\u00e8s estim\u00e9 depuis lors. En Jama&iuml;que, il \u00e9tait utilis\u00e9 par la population locale pour nettoyer et refroidir les ulc\u00e8res et pour l&rsquo;inflammation des yeux. C&rsquo;est une huile ch\u00e8re et importante et utile en aromath\u00e9rapie et en m\u00e9decine naturelle depuis longtemps.&nbsp;<\/p>\n<p>VEUILLEZ NOTER: L&rsquo;huile de sauge sclar\u00e9e doit \u00eatre \u00e9vit\u00e9e lors de la consommation d&rsquo;alcool, car elle peut augmenter l&rsquo;intoxication. Utiliser en petites quantit\u00e9s car une forte dose peut vous donner mal \u00e0 la t\u00eate. Ne pas appliquer directement dans ou pr\u00e8s des yeux ! \u00e9vitez d&rsquo;utiliser pendant la grossesse.&nbsp;<\/p>\n<p><strong><span style=\"color: rgb(75, 80, 88);\">Nom latin : <\/span><\/strong>Salvia Clarea&nbsp;<\/p>\n<p><strong><span style=\"color: rgb(75, 80, 88);\">Partie de la plante utilis\u00e9e :<\/span><\/strong> sommit\u00e9s et feuilles&nbsp;<\/p>\n<p><strong><span style=\"color: rgb(75, 80, 88);\">Source :<\/span><\/strong> Hongrie&nbsp;<\/p>\n<p><strong><span style=\"color: rgb(75, 80, 88);\">M\u00e9thode d&rsquo;extraction :<\/span><\/strong> Distillation \u00e0 la vapeur&nbsp;<\/p>\n<p><strong><em><span style=\"color: rgb(141, 186, 216);\">NB : Nos Huiles Essentielles ne conviennent pas \u00e0 un usage interne, les \u00e9tiquettes sont en anglais.<\/span><\/em><\/strong><\/p>\n","protected":false},"excerpt":{"rendered":"<p>L&rsquo;Huile Essentielle Bio de Sauge Sclar\u00e9e est extraite par distillation \u00e0 la vapeur des sommit\u00e9s fleuries et des feuilles de Salvia sclarea. Il est originaire du sud de l&rsquo;Europe et est cultiv\u00e9 pour son huile en France et en Russie.&nbsp; Le plus grand avantage de cette huile est son influence calmante sur les nerfs et [&hellip;]<\/p>\n","protected":false},"featured_media":267368,"comment_status":"closed","ping_status":"open","template":"","meta":[],"product_brand":[27093],"product_cat":[16450,26860,23646,26657,26144,25842],"product_tag":[],"class_list":{"0":"post-242856","1":"product","2":"type-product","3":"status-publish","4":"has-post-thumbnail","6":"product_brand-ancient-wisdom","7":"product_cat-aromatherapie-et-parfums-d-ambiance","8":"product_cat-herbes-aromatiques","9":"product_cat-huiles-essentielles","10":"product_cat-huiles-essentielles-ecologiques","11":"product_cat-sauge-sclaree","12":"product_cat-senteurs-aromes","13":"pa_collection-10ml-organic-essential-oils-fr","14":"pa_made-in-france","15":"pa_size-10ml","17":"first","18":"instock","19":"purchasable","20":"product-type-simple"},"supplier_id":null,"supplier_sku":"OrgEO-14","barcode":null,"atum_controlled":true,"out_stock_date":null,"out_stock_threshold":null,"inheritable":false,"inbound_stock":null,"stock_on_hold":0,"sold_today":0,"sales_last_days":0,"reserved_stock":null,"customer_returns":null,"warehouse_damage":null,"lost_in_post":null,"other_logs":null,"out_stock_days":0,"lost_sales":0,"has_location":null,"update_date":"2026-02-06T00:02:26","atum_locations":[],"atum_stock_status":"instock","restock_status":false,"low_stock_amount":"","sales_update_date":"2026-02-06T00:02:26","calc_backorders":null,"_links":{"self":[{"href":"https:\/\/aromasentia.com\/fr\/wp-json\/wp\/v2\/product\/242856","targetHints":{"allow":["GET"]}}],"collection":[{"href":"https:\/\/aromasentia.com\/fr\/wp-json\/wp\/v2\/product"}],"about":[{"href":"https:\/\/aromasentia.com\/fr\/wp-json\/wp\/v2\/types\/product"}],"replies":[{"embeddable":true,"href":"https:\/\/aromasentia.com\/fr\/wp-json\/wp\/v2\/comments?post=242856"}],"version-history":[{"count":0,"href":"https:\/\/aromasentia.com\/fr\/wp-json\/wp\/v2\/product\/242856\/revisions"}],"wp:featuredmedia":[{"embeddable":true,"href":"https:\/\/aromasentia.com\/fr\/wp-json\/wp\/v2\/media\/267368"}],"wp:attachment":[{"href":"https:\/\/aromasentia.com\/fr\/wp-json\/wp\/v2\/media?parent=242856"}],"wp:term":[{"taxonomy":"product_brand","embeddable":true,"href":"https:\/\/aromasentia.com\/fr\/wp-json\/wp\/v2\/product_brand?post=242856"},{"taxonomy":"product_cat","embeddable":true,"href":"https:\/\/aromasentia.com\/fr\/wp-json\/wp\/v2\/product_cat?post=242856"},{"taxonomy":"product_tag","embeddable":true,"href":"https:\/\/aromasentia.com\/fr\/wp-json\/wp\/v2\/product_tag?post=242856"}],"curies":[{"name":"wp","href":"https:\/\/api.w.org\/{rel}","templated":true}]}}