{"id":242836,"date":"2025-03-20T15:13:10","date_gmt":"2025-03-20T15:13:10","guid":{"rendered":"https:\/\/aromasentia.com\/product\/orange-organic-essential-oil-10ml\/"},"modified":"2025-06-23T19:18:42","modified_gmt":"2025-06-23T19:18:42","slug":"orange-huile-essentielle-bio-10ml","status":"publish","type":"product","link":"https:\/\/aromasentia.com\/fr\/orange-huile-essentielle-bio-10ml\/","title":{"rendered":"Orange &#8211; Huile Essentielle Bio 10ml"},"content":{"rendered":"<p><strong><span style=\"color: rgb(75, 80, 88);\">Nom latin :<\/span><\/strong> Citrus Aurantium Dulcis&nbsp;<\/p>\n<p><strong><span style=\"color: rgb(75, 80, 88);\">Partie de la plante utilis\u00e9e :<\/span><\/strong> \u00e9corce de fruit&nbsp;<\/p>\n<p><strong><span style=\"color: rgb(75, 80, 88);\">Provenance :<\/span><\/strong> Br\u00e9sil&nbsp;<\/p>\n<p><strong><span style=\"color: rgb(75, 80, 88);\">M\u00e9thode d&rsquo;extraction : <\/span><\/strong>Expression \u00e0 froid&nbsp;<\/p>\n<p>La capacit\u00e9 de<strong><span style=\"color: rgb(75, 80, 88);\">&nbsp;l&rsquo;huile d&rsquo;orange<\/span><\/strong> \u00e0 renforcer naturellement l&rsquo;immunit\u00e9 et \u00e0 r\u00e9duire plusieurs sympt\u00f4mes de nombreux maux l&rsquo;a pr\u00eat\u00e9e \u00e0 des applications m\u00e9dicinales traditionnelles pour le traitement de l&rsquo;acn\u00e9, du stress chronique et d&rsquo;autres probl\u00e8mes de sant\u00e9.&nbsp;<\/p>\n<p>Utilis\u00e9 en aromath\u00e9rapie, le parfum agr\u00e9able de l&rsquo;huile essentielle d&rsquo;orange en gros a un effet joyeux et \u00e9difiant mais simultan\u00e9ment relaxant et calmant qui aide \u00e0 r\u00e9duire le pouls. Il peut non seulement cr\u00e9er un environnement chaud, mais aussi stimuler la force et la r\u00e9silience du syst\u00e8me immunitaire et \u00e9liminer les bact\u00e9ries en suspension dans l&rsquo;air.&nbsp;<\/p>\n<p>Appliqu\u00e9e en massage, l&rsquo;Huile Essentielle d&rsquo;Orange est connue pour augmenter le flux sanguin. Ceci est connu pour soulager les inconforts associ\u00e9s \u00e0 l&rsquo;inflammation, aux maux de t\u00eate, aux menstruations et \u00e0 la baisse de la libido. L&rsquo;Huile Essentielle d&rsquo;Orange r\u00e9duit les incidents de contractions musculaires douloureuses et r\u00e9flexes.&nbsp;<\/p>\n<p>Il est traditionnellement utilis\u00e9 dans les massages pour soulager le stress, les douleurs abdominales, la diarrh\u00e9e, la constipation, l&rsquo;indigestion ou la mauvaise digestion et la congestion du nez.&nbsp;<\/p>\n<p><strong><em><span style=\"color: rgb(141, 186, 216);\">NB : Nos Huiles Essentielles ne conviennent pas \u00e0 un usage interne, les \u00e9tiquettes sont en anglais.<\/span><\/em><\/strong><\/p>\n","protected":false},"excerpt":{"rendered":"<p>Nom latin : Citrus Aurantium Dulcis&nbsp; Partie de la plante utilis\u00e9e : \u00e9corce de fruit&nbsp; Provenance : Br\u00e9sil&nbsp; M\u00e9thode d&rsquo;extraction : Expression \u00e0 froid&nbsp; La capacit\u00e9 de&nbsp;l&rsquo;huile d&rsquo;orange \u00e0 renforcer naturellement l&rsquo;immunit\u00e9 et \u00e0 r\u00e9duire plusieurs sympt\u00f4mes de nombreux maux l&rsquo;a pr\u00eat\u00e9e \u00e0 des applications m\u00e9dicinales traditionnelles pour le traitement de l&rsquo;acn\u00e9, du stress chronique [&hellip;]<\/p>\n","protected":false},"featured_media":267323,"comment_status":"closed","ping_status":"closed","template":"","meta":{"_angie_page":false},"product_brand":[27093],"product_cat":[16450,26818,23646,26657,26307,25842],"product_tag":[],"class_list":{"0":"post-242836","1":"product","2":"type-product","3":"status-publish","4":"has-post-thumbnail","6":"product_brand-ancient-wisdom","7":"product_cat-aromatherapie-et-parfums-d-ambiance","8":"product_cat-hesperide-agrumes","9":"product_cat-huiles-essentielles","10":"product_cat-huiles-essentielles-ecologiques","11":"product_cat-orange","12":"product_cat-senteurs-aromes","13":"pa_collection-10ml-organic-essential-oils-fr","14":"pa_made-in-bresil","15":"pa_size-10ml","17":"first","18":"instock","19":"purchasable","20":"product-type-simple"},"supplier_id":null,"supplier_sku":"OrgEO-09","barcode":null,"atum_controlled":true,"out_stock_date":null,"out_stock_threshold":null,"inheritable":false,"inbound_stock":null,"stock_on_hold":0,"sold_today":0,"sales_last_days":0,"reserved_stock":null,"customer_returns":null,"warehouse_damage":null,"lost_in_post":null,"other_logs":null,"out_stock_days":91,"lost_sales":0,"has_location":false,"update_date":"2026-05-08T05:15:42","atum_locations":[],"atum_stock_status":"instock","restock_status":false,"low_stock_amount":"","sales_update_date":"2026-01-30T01:24:20","calc_backorders":null,"_links":{"self":[{"href":"https:\/\/aromasentia.com\/fr\/wp-json\/wp\/v2\/product\/242836","targetHints":{"allow":["GET"]}}],"collection":[{"href":"https:\/\/aromasentia.com\/fr\/wp-json\/wp\/v2\/product"}],"about":[{"href":"https:\/\/aromasentia.com\/fr\/wp-json\/wp\/v2\/types\/product"}],"replies":[{"embeddable":true,"href":"https:\/\/aromasentia.com\/fr\/wp-json\/wp\/v2\/comments?post=242836"}],"version-history":[{"count":0,"href":"https:\/\/aromasentia.com\/fr\/wp-json\/wp\/v2\/product\/242836\/revisions"}],"wp:featuredmedia":[{"embeddable":true,"href":"https:\/\/aromasentia.com\/fr\/wp-json\/wp\/v2\/media\/267323"}],"wp:attachment":[{"href":"https:\/\/aromasentia.com\/fr\/wp-json\/wp\/v2\/media?parent=242836"}],"wp:term":[{"taxonomy":"product_brand","embeddable":true,"href":"https:\/\/aromasentia.com\/fr\/wp-json\/wp\/v2\/product_brand?post=242836"},{"taxonomy":"product_cat","embeddable":true,"href":"https:\/\/aromasentia.com\/fr\/wp-json\/wp\/v2\/product_cat?post=242836"},{"taxonomy":"product_tag","embeddable":true,"href":"https:\/\/aromasentia.com\/fr\/wp-json\/wp\/v2\/product_tag?post=242836"}],"curies":[{"name":"wp","href":"https:\/\/api.w.org\/{rel}","templated":true}]}}