{"id":242832,"date":"2025-03-20T15:13:10","date_gmt":"2025-03-20T15:13:10","guid":{"rendered":"https:\/\/aromasentia.com\/product\/rosemary-organic-essential-oil-10ml\/"},"modified":"2025-06-23T19:18:42","modified_gmt":"2025-06-23T19:18:42","slug":"romarin-huile-essentielle-bio-10ml","status":"publish","type":"product","link":"https:\/\/aromasentia.com\/fr\/romarin-huile-essentielle-bio-10ml\/","title":{"rendered":"Romarin &#8211; Huile Essentielle Bio 10ml"},"content":{"rendered":"<p><strong><span style=\"color: rgb(75, 80, 88);\">L&rsquo;huile essentielle de romarin biologique en gros&nbsp;<\/span><\/strong>est distill\u00e9e \u00e0 la vapeur \u00e0 partir des fleurs, des tiges et des feuilles de la plante. Selon la pharmacop\u00e9e britannique, l&rsquo;huile distill\u00e9e \u00e0 partir des sommit\u00e9s fleuries est sup\u00e9rieure \u00e0 celle obtenue \u00e0 partir de la tige et des feuilles, o\u00f9presque toute l&rsquo;huile commerciale serait distill\u00e9e. L&rsquo;odeur de l&rsquo;huile essentielle de romarin est bois\u00e9e et herbac\u00e9e et est utilis\u00e9e en aromath\u00e9rapie pour rafra\u00eechir et stimuler l&rsquo;esprit.&nbsp;<\/p>\n<p>Cette huile est utile pour traiter les plaies, les br\u00fblures, les rhumes, la grippe, la fatigue, les troubles digestifs, les maux de t\u00eate, l&rsquo;asthme, la bronchite, la goutte, les rhumatismes, les probl\u00e8mes de foie et de v\u00e9sicule biliaire, la r\u00e9tention d&rsquo;eau et la mauvaise circulation. Pour un massage, l&rsquo;huile de romarin est souvent m\u00e9lang\u00e9e \u00e0 une ou deux huiles de base comme l&rsquo;huile d&rsquo;amande, de noyau d&rsquo;abricot ou de noisette. Il est bon pour les cheveux car on dit qu&rsquo;il augmente la circulation vers le cuir chevelu et favorise la croissance des cheveux.&nbsp;<\/p>\n<p>N&rsquo;utilisez jamais cette huile en interne et \u00e9vitez-la si vous \u00eates enceinte ou souffrez d&rsquo;hypertension art\u00e9rielle ou d&rsquo;\u00e9pilepsie. Le romarin \u00e9tait bien connu et utilis\u00e9 dans le monde antique. On croyait qu&rsquo;il am\u00e9liorait la m\u00e9moire, il est donc devenu un symbole de fid\u00e9lit\u00e9 et a \u00e9t\u00e9 utilis\u00e9 lors de mariages, de fun\u00e9railles et d&rsquo;autres c\u00e9r\u00e9monies religieuses. Un brin de romarin \u00e9tait magnifiquement nou\u00e9 avec des rubans et remis aux invit\u00e9s du mariage comme symbole d&rsquo;amour et de loyaut\u00e9.&nbsp;<\/p>\n<p>&laquo;L&rsquo;eau de Hongrie&raquo;, faite de sommit\u00e9s de romarin frais tremp\u00e9es dans du vin pendant quelques jours, \u00e9tait destin\u00e9e \u00e0 la reine de Hongrie et l&rsquo;aurait gu\u00e9rie de la paralysie.&nbsp;<\/p>\n<p><strong><span style=\"color: rgb(75, 80, 88);\">Nom latin :<\/span><\/strong> Rosmarinus Officinalis&nbsp;<\/p>\n<p><strong><span style=\"color: rgb(75, 80, 88);\">Partie de la plante utilis\u00e9e : <\/span><\/strong>Sommit\u00e9s fleuries&nbsp;<\/p>\n<p><strong><span style=\"color: rgb(75, 80, 88);\">Source : <\/span><\/strong>Tunisie&nbsp;<\/p>\n<p><strong><span style=\"color: rgb(75, 80, 88);\">M\u00e9thode d&rsquo;extraction : <\/span><\/strong>Distillation \u00e0 la vapeur&nbsp;<\/p>\n<p><strong><em><span style=\"color: rgb(141, 186, 216);\">NB : Nos Huiles Essentielles ne conviennent pas \u00e0 un usage interne les \u00e9tiquettes sont en anglais.<\/span><\/em><\/strong><\/p>\n","protected":false},"excerpt":{"rendered":"<p>L&rsquo;huile essentielle de romarin biologique en gros&nbsp;est distill\u00e9e \u00e0 la vapeur \u00e0 partir des fleurs, des tiges et des feuilles de la plante. Selon la pharmacop\u00e9e britannique, l&rsquo;huile distill\u00e9e \u00e0 partir des sommit\u00e9s fleuries est sup\u00e9rieure \u00e0 celle obtenue \u00e0 partir de la tige et des feuilles, o\u00f9presque toute l&rsquo;huile commerciale serait distill\u00e9e. L&rsquo;odeur de [&hellip;]<\/p>\n","protected":false},"featured_media":267314,"comment_status":"closed","ping_status":"open","template":"","meta":{"_angie_page":false},"product_brand":[27093],"product_cat":[16450,26860,23646,26657,26371,25842],"product_tag":[],"class_list":{"0":"post-242832","1":"product","2":"type-product","3":"status-publish","4":"has-post-thumbnail","6":"product_brand-ancient-wisdom","7":"product_cat-aromatherapie-et-parfums-d-ambiance","8":"product_cat-herbes-aromatiques","9":"product_cat-huiles-essentielles","10":"product_cat-huiles-essentielles-ecologiques","11":"product_cat-romarin","12":"product_cat-senteurs-aromes","13":"pa_collection-10ml-organic-essential-oils-fr","14":"pa_made-in-tunisie","15":"pa_size-10ml","17":"first","18":"instock","19":"purchasable","20":"product-type-simple"},"supplier_id":null,"supplier_sku":"OrgEO-08","barcode":null,"atum_controlled":true,"out_stock_date":null,"out_stock_threshold":null,"inheritable":false,"inbound_stock":0,"stock_on_hold":0,"sold_today":0,"sales_last_days":0,"reserved_stock":0,"customer_returns":0,"warehouse_damage":0,"lost_in_post":0,"other_logs":0,"out_stock_days":0,"lost_sales":0,"has_location":false,"update_date":"2026-04-27T07:16:58","atum_locations":[],"atum_stock_status":"instock","restock_status":false,"low_stock_amount":"","sales_update_date":"2025-09-05T00:17:30","calc_backorders":null,"_links":{"self":[{"href":"https:\/\/aromasentia.com\/fr\/wp-json\/wp\/v2\/product\/242832","targetHints":{"allow":["GET"]}}],"collection":[{"href":"https:\/\/aromasentia.com\/fr\/wp-json\/wp\/v2\/product"}],"about":[{"href":"https:\/\/aromasentia.com\/fr\/wp-json\/wp\/v2\/types\/product"}],"replies":[{"embeddable":true,"href":"https:\/\/aromasentia.com\/fr\/wp-json\/wp\/v2\/comments?post=242832"}],"version-history":[{"count":0,"href":"https:\/\/aromasentia.com\/fr\/wp-json\/wp\/v2\/product\/242832\/revisions"}],"wp:featuredmedia":[{"embeddable":true,"href":"https:\/\/aromasentia.com\/fr\/wp-json\/wp\/v2\/media\/267314"}],"wp:attachment":[{"href":"https:\/\/aromasentia.com\/fr\/wp-json\/wp\/v2\/media?parent=242832"}],"wp:term":[{"taxonomy":"product_brand","embeddable":true,"href":"https:\/\/aromasentia.com\/fr\/wp-json\/wp\/v2\/product_brand?post=242832"},{"taxonomy":"product_cat","embeddable":true,"href":"https:\/\/aromasentia.com\/fr\/wp-json\/wp\/v2\/product_cat?post=242832"},{"taxonomy":"product_tag","embeddable":true,"href":"https:\/\/aromasentia.com\/fr\/wp-json\/wp\/v2\/product_tag?post=242832"}],"curies":[{"name":"wp","href":"https:\/\/api.w.org\/{rel}","templated":true}]}}