{"id":242824,"date":"2025-03-20T15:13:10","date_gmt":"2025-03-20T15:13:10","guid":{"rendered":"https:\/\/aromasentia.com\/product\/peppermint-organic-essential-oil-10ml\/"},"modified":"2025-06-23T19:18:41","modified_gmt":"2025-06-23T19:18:41","slug":"menthe-poivree-huile-essentielle-bio-10ml","status":"publish","type":"product","link":"https:\/\/aromasentia.com\/fr\/menthe-poivree-huile-essentielle-bio-10ml\/","title":{"rendered":"Menthe poivr\u00e9e &#8211; Huile Essentielle Bio 10ml"},"content":{"rendered":"<p>On dit que<strong><span style=\"color: rgb(75, 80, 88);\">&nbsp;l&rsquo;huile essentielle de menthe poivr\u00e9e biologique<\/span><\/strong> en gros est bonne pour des affections comme l&rsquo;asthme, les coliques, la fi\u00e8vre, les flatulences, les maux de t\u00eate, les naus\u00e9es, la congestion thoracique et les vertiges.&nbsp;<\/p>\n<p>Cette huile est cens\u00e9e \u00eatre excellente pour la fatigue mentale et la d\u00e9pression, rafra\u00eechissante et stimulante avec sa teneur en menthol. Il est bon pour la peau et est utilis\u00e9 dans les lotions pour traiter les coups de soleil, les d\u00e9mangeaisons ou les inflammations cutan\u00e9es. Il aide \u00e0 lutter contre la mauvaise haleine et les infections des gencives lorsqu&rsquo;il est utilis\u00e9 dans des bains de bouche.&nbsp;<\/p>\n<p>Lorsqu&rsquo;il est utilis\u00e9 dans un br\u00fbleur \u00e0 mazout, il n&rsquo;est pas seulement th\u00e9rapeutique, il \u00e9loigne \u00e9galement les moustiques et autres insectes. La menthe poivr\u00e9e est originaire de la M\u00e9diterran\u00e9e, mais est maintenant cultiv\u00e9e dans d&rsquo;autres pays d&rsquo;Europe, d&rsquo;Am\u00e9rique et d&rsquo;Asie.&nbsp;<\/p>\n<p>Des d\u00e9couvertes prouvent que la menthe poivr\u00e9e est utilis\u00e9e depuis l&rsquo;Antiquit\u00e9 en \u00e9gypte, en Gr\u00e8ce, \u00e0 Rome, en Chine et au Japon. Selon la mythologie grecque, une nymphe appel\u00e9e Mentha a \u00e9t\u00e9 transform\u00e9e, dans un acc\u00e8s de col\u00e8re, en plante de menthe par la femme de son amant, Pers\u00e9phone. Selon Pline, la menthe poivr\u00e9e \u00e9tait utilis\u00e9e pour couronner les Grecs et les Romains lors des f\u00eates. Il a \u00e9t\u00e9 utilis\u00e9 en m\u00e9decine en Angleterre au cours des derniers si\u00e8cles.&nbsp;<\/p>\n<p><strong><span style=\"color: rgb(75, 80, 88);\">Nom latin :<\/span><\/strong> Mentha Piperita&nbsp;<\/p>\n<p><strong><span style=\"color: rgb(75, 80, 88);\">Partie de la plante utilis\u00e9e :<\/span><\/strong> herbe \u00e0 fleurs&nbsp;<\/p>\n<p><strong><span style=\"color: rgb(75, 80, 88);\">Source : <\/span><\/strong>Inde&nbsp;<\/p>\n<p><strong><span style=\"color: rgb(75, 80, 88);\">M\u00e9thode d&rsquo;extraction : <\/span><\/strong>Distillation \u00e0 la vapeur&nbsp;<\/p>\n<p><strong><em><span style=\"color: rgb(141, 186, 216);\">NB : Nos Huiles Essentielles ne conviennent pas \u00e0 un usage interne, les \u00e9tiquettes sont en anglais.<\/span><\/em><\/strong><\/p>\n","protected":false},"excerpt":{"rendered":"<p>On dit que&nbsp;l&rsquo;huile essentielle de menthe poivr\u00e9e biologique en gros est bonne pour des affections comme l&rsquo;asthme, les coliques, la fi\u00e8vre, les flatulences, les maux de t\u00eate, les naus\u00e9es, la congestion thoracique et les vertiges.&nbsp; Cette huile est cens\u00e9e \u00eatre excellente pour la fatigue mentale et la d\u00e9pression, rafra\u00eechissante et stimulante avec sa teneur en [&hellip;]<\/p>\n","protected":false},"featured_media":267296,"comment_status":"closed","ping_status":"open","template":"","meta":[],"product_brand":[27093],"product_cat":[16450,23646,26657,26338,26874,25842],"product_tag":[],"class_list":{"0":"post-242824","1":"product","2":"type-product","3":"status-publish","4":"has-post-thumbnail","6":"product_brand-ancient-wisdom","7":"product_cat-aromatherapie-et-parfums-d-ambiance","8":"product_cat-huiles-essentielles","9":"product_cat-huiles-essentielles-ecologiques","10":"product_cat-menthe-poivree","11":"product_cat-menthole","12":"product_cat-senteurs-aromes","13":"pa_collection-10ml-organic-essential-oils-fr","14":"pa_made-in-inde","15":"pa_size-10ml","17":"first","18":"instock","19":"purchasable","20":"product-type-simple"},"supplier_id":null,"supplier_sku":"OrgEO-06","barcode":null,"atum_controlled":true,"out_stock_date":null,"out_stock_threshold":null,"inheritable":false,"inbound_stock":null,"stock_on_hold":0,"sold_today":0,"sales_last_days":0,"reserved_stock":null,"customer_returns":null,"warehouse_damage":null,"lost_in_post":null,"other_logs":null,"out_stock_days":0,"lost_sales":0,"has_location":null,"update_date":"2026-01-30T01:25:02","atum_locations":[],"atum_stock_status":"instock","restock_status":false,"low_stock_amount":"","sales_update_date":"2026-01-30T01:25:02","calc_backorders":null,"_links":{"self":[{"href":"https:\/\/aromasentia.com\/fr\/wp-json\/wp\/v2\/product\/242824","targetHints":{"allow":["GET"]}}],"collection":[{"href":"https:\/\/aromasentia.com\/fr\/wp-json\/wp\/v2\/product"}],"about":[{"href":"https:\/\/aromasentia.com\/fr\/wp-json\/wp\/v2\/types\/product"}],"replies":[{"embeddable":true,"href":"https:\/\/aromasentia.com\/fr\/wp-json\/wp\/v2\/comments?post=242824"}],"version-history":[{"count":0,"href":"https:\/\/aromasentia.com\/fr\/wp-json\/wp\/v2\/product\/242824\/revisions"}],"wp:featuredmedia":[{"embeddable":true,"href":"https:\/\/aromasentia.com\/fr\/wp-json\/wp\/v2\/media\/267296"}],"wp:attachment":[{"href":"https:\/\/aromasentia.com\/fr\/wp-json\/wp\/v2\/media?parent=242824"}],"wp:term":[{"taxonomy":"product_brand","embeddable":true,"href":"https:\/\/aromasentia.com\/fr\/wp-json\/wp\/v2\/product_brand?post=242824"},{"taxonomy":"product_cat","embeddable":true,"href":"https:\/\/aromasentia.com\/fr\/wp-json\/wp\/v2\/product_cat?post=242824"},{"taxonomy":"product_tag","embeddable":true,"href":"https:\/\/aromasentia.com\/fr\/wp-json\/wp\/v2\/product_tag?post=242824"}],"curies":[{"name":"wp","href":"https:\/\/api.w.org\/{rel}","templated":true}]}}