{"id":242816,"date":"2025-03-20T15:13:10","date_gmt":"2025-03-20T15:13:10","guid":{"rendered":"https:\/\/aromasentia.com\/product\/patchouli-organic-essential-oil-10ml\/"},"modified":"2025-06-23T19:18:40","modified_gmt":"2025-06-23T19:18:40","slug":"patchouli-huile-essentielle-bio-10ml","status":"publish","type":"product","link":"https:\/\/aromasentia.com\/fr\/patchouli-huile-essentielle-bio-10ml\/","title":{"rendered":"Patchouli &#8211; Huile Essentielle Bio 10ml"},"content":{"rendered":"<p><strong><span style=\"color: rgb(75, 80, 88);\">L&rsquo;huile essentielle de patchouli biologique en gros<\/span><\/strong> est extraite de la plante Pogostemon cablin de la famille de la menthe et a une riche odeur \u00e9pic\u00e9e et musqu\u00e9e.&nbsp;<\/p>\n<p>La plante est originaire de Malaisie et d&rsquo;Inde, o\u00f9elle est connue sous le nom de \u00ab\u00a0puchaput\u00a0\u00bb. Le mot patchouli est d\u00e9riv\u00e9 du tamoul &laquo; pachchai ilai &raquo; qui signifie simplement &laquo; feuille verte &raquo;. L&rsquo;huile de patchouli est extraite des jeunes feuilles, qui sont s\u00e9ch\u00e9es et ferment\u00e9es avant distillation \u00e0 la vapeur.&nbsp;<\/p>\n<p>Cette huile am\u00e9liore son parfum et sa puissance avec l&rsquo;\u00e2ge. Il est tr\u00e8s appr\u00e9ci\u00e9 dans les soins de la peau, en particulier dans la cicatrisation. Dans les pays de l&rsquo;Est, l&rsquo;huile de patchouli est utilis\u00e9e dans des pots-pourris et des sachets entre le linge et les v\u00eatements pour le parfum ainsi que pour \u00e9loigner les punaises de lit et les insectes.&nbsp;<\/p>\n<p>On dit que l&rsquo;huile a un effet \u00e9quilibrant sur les \u00e9motions et cr\u00e9e une atmosph\u00e8re amoureuse. Lorsqu&rsquo;il est utilis\u00e9 dans un br\u00fbleur \u00e0 mazout, il soulage l&rsquo;anxi\u00e9t\u00e9 et la d\u00e9pression. Utilis\u00e9 dans l&rsquo;eau du bain, on pense qu&rsquo;il aide les probl\u00e8mes de peau et de cuir chevelu, les infections fongiques, la r\u00e9tention d&rsquo;eau, d\u00e9compose la cellulite et soulage la constipation. Il poss\u00e8de d&rsquo;excellentes propri\u00e9t\u00e9s de r\u00e9g\u00e9n\u00e9ration des tissus, acc\u00e9l\u00e8re la cicatrisation et combat les infections.&nbsp;<\/p>\n<p>Ainsi, il aide l&rsquo;acn\u00e9, l&rsquo;ecz\u00e9ma, les plaies suintantes, les ulc\u00e8res et le pied d&rsquo;athl\u00e8te. Il semble que le patchouli ait \u00e9t\u00e9 plac\u00e9 entre des ch\u00e2les indiens en cachemire, avant d&rsquo;\u00eatre envoy\u00e9 dans l&rsquo;Angleterre victorienne, pour prot\u00e9ger la marchandise des mites. Sans cette odeur caract\u00e9ristique de feuilles de patchouli s\u00e9ch\u00e9es, les ch\u00e2les ne pourraient pas \u00eatre vendus en Angleterre. En Europe et en Am\u00e9rique, l&rsquo;huile de patchouli et l&rsquo;encens \u00e9taient immens\u00e9ment populaires dans les ann\u00e9es 1960 et 70 parmi les hippies, car l&rsquo;odeur du patchouli couvrait l&rsquo;odeur corporelle et l&rsquo;odeur du cannabis br\u00fbl\u00e9. Le patchouli \u00e9tait utilis\u00e9 comme conditionneur de cheveux pour les dreadlocks. Dans de nombreux pays asiatiques, le patchouli est \u00e9galement utilis\u00e9 comme antidote aux morsures de serpent.&nbsp;<\/p>\n<p><strong><span style=\"color: rgb(75, 80, 88);\">Nom latin :<\/span><\/strong> Pogostemon Cablin&nbsp;<\/p>\n<p><strong><span style=\"color: rgb(75, 80, 88);\">Partie de la plante utilis\u00e9e :<\/span><\/strong> feuilles s\u00e9ch\u00e9es&nbsp;<\/p>\n<p><strong><span style=\"color: rgb(75, 80, 88);\">Source :<\/span><\/strong> Inde&nbsp;<\/p>\n<p><strong><span style=\"color: rgb(75, 80, 88);\">M\u00e9thode d&rsquo;extraction :<\/span><\/strong> Distillation \u00e0 la vapeur&nbsp;<\/p>\n<p><strong><em><span style=\"color: rgb(141, 186, 216);\">NB : Nos Huiles Essentielles ne conviennent pas \u00e0 un usage interne, les \u00e9tiquettes sont en anglais.<\/span><\/em><\/strong><\/p>\n","protected":false},"excerpt":{"rendered":"<p>L&rsquo;huile essentielle de patchouli biologique en gros est extraite de la plante Pogostemon cablin de la famille de la menthe et a une riche odeur \u00e9pic\u00e9e et musqu\u00e9e.&nbsp; La plante est originaire de Malaisie et d&rsquo;Inde, o\u00f9elle est connue sous le nom de \u00ab\u00a0puchaput\u00a0\u00bb. Le mot patchouli est d\u00e9riv\u00e9 du tamoul &laquo; pachchai ilai &raquo; [&hellip;]<\/p>\n","protected":false},"featured_media":267278,"comment_status":"closed","ping_status":"open","template":"","meta":{"_angie_page":false},"product_brand":[27093],"product_cat":[16450,23646,26657,26333,25842,26825],"product_tag":[],"class_list":{"0":"post-242816","1":"product","2":"type-product","3":"status-publish","4":"has-post-thumbnail","6":"product_brand-ancient-wisdom","7":"product_cat-aromatherapie-et-parfums-d-ambiance","8":"product_cat-huiles-essentielles","9":"product_cat-huiles-essentielles-ecologiques","10":"product_cat-patchouli","11":"product_cat-senteurs-aromes","12":"product_cat-terreux-vert","13":"pa_collection-10ml-organic-essential-oils-fr","14":"pa_made-in-indonesie","15":"pa_size-10ml","17":"first","18":"instock","19":"purchasable","20":"product-type-simple"},"supplier_id":null,"supplier_sku":"OrgEO-04","barcode":null,"atum_controlled":true,"out_stock_date":null,"out_stock_threshold":null,"inheritable":false,"inbound_stock":null,"stock_on_hold":0,"sold_today":0,"sales_last_days":0,"reserved_stock":null,"customer_returns":null,"warehouse_damage":null,"lost_in_post":null,"other_logs":null,"out_stock_days":100,"lost_sales":0,"has_location":null,"update_date":"2026-04-27T07:16:58","atum_locations":[],"atum_stock_status":"instock","restock_status":false,"low_stock_amount":"","sales_update_date":"2026-01-30T01:24:20","calc_backorders":null,"_links":{"self":[{"href":"https:\/\/aromasentia.com\/fr\/wp-json\/wp\/v2\/product\/242816","targetHints":{"allow":["GET"]}}],"collection":[{"href":"https:\/\/aromasentia.com\/fr\/wp-json\/wp\/v2\/product"}],"about":[{"href":"https:\/\/aromasentia.com\/fr\/wp-json\/wp\/v2\/types\/product"}],"replies":[{"embeddable":true,"href":"https:\/\/aromasentia.com\/fr\/wp-json\/wp\/v2\/comments?post=242816"}],"version-history":[{"count":0,"href":"https:\/\/aromasentia.com\/fr\/wp-json\/wp\/v2\/product\/242816\/revisions"}],"wp:featuredmedia":[{"embeddable":true,"href":"https:\/\/aromasentia.com\/fr\/wp-json\/wp\/v2\/media\/267278"}],"wp:attachment":[{"href":"https:\/\/aromasentia.com\/fr\/wp-json\/wp\/v2\/media?parent=242816"}],"wp:term":[{"taxonomy":"product_brand","embeddable":true,"href":"https:\/\/aromasentia.com\/fr\/wp-json\/wp\/v2\/product_brand?post=242816"},{"taxonomy":"product_cat","embeddable":true,"href":"https:\/\/aromasentia.com\/fr\/wp-json\/wp\/v2\/product_cat?post=242816"},{"taxonomy":"product_tag","embeddable":true,"href":"https:\/\/aromasentia.com\/fr\/wp-json\/wp\/v2\/product_tag?post=242816"}],"curies":[{"name":"wp","href":"https:\/\/api.w.org\/{rel}","templated":true}]}}