{"id":242808,"date":"2025-03-20T15:13:31","date_gmt":"2025-03-20T15:13:31","guid":{"rendered":"https:\/\/aromasentia.com\/product\/rosemary-organic-essential-oil-0-5kg\/"},"modified":"2025-06-23T19:18:39","modified_gmt":"2025-06-23T19:18:39","slug":"romarin-huile-essentielle-bio-500ml","status":"publish","type":"product","link":"https:\/\/aromasentia.com\/fr\/romarin-huile-essentielle-bio-500ml\/","title":{"rendered":"Romarin Huile Essentielle Bio 500ml"},"content":{"rendered":"<p>Aiguiser votre esprit avec notre huile essentielle de romarin biologique de 500 ml. Certifi\u00e9e biologique, cette huile de romarin offre un ar\u00f4me puissant, frais, herbac\u00e9 et camphr\u00e9, reconnu pour sa capacit\u00e9 \u00e0 stimuler la clart\u00e9 mentale, \u00e0 am\u00e9liorer la m\u00e9moire et \u00e0 revigorer les sens. Elle est \u00e9galement tr\u00e8s b\u00e9n\u00e9fique pour les soins capillaires biologiques, car elle favorise la sant\u00e9 du cuir chevelu et une croissance vigoureuse. Obtenue avec int\u00e9grit\u00e9, cette huile pure est id\u00e9ale pour la diffusion pendant les \u00e9tudes ou le travail, ou pour l&rsquo;ajout \u00e0 des massages revitalisants et \u00e0 des pr\u00e9parations de soins capillaires.<\/p>\n","protected":false},"excerpt":{"rendered":"<p>Aiguiser votre esprit avec notre huile essentielle de romarin biologique de 500 ml. Certifi\u00e9e biologique, cette huile de romarin offre un ar\u00f4me puissant, frais, herbac\u00e9 et camphr\u00e9, reconnu pour sa capacit\u00e9 \u00e0 stimuler la clart\u00e9 mentale, \u00e0 am\u00e9liorer la m\u00e9moire et \u00e0 revigorer les sens. Elle est \u00e9galement tr\u00e8s b\u00e9n\u00e9fique pour les soins capillaires biologiques, [&hellip;]<\/p>\n","protected":false},"featured_media":267502,"comment_status":"closed","ping_status":"open","template":"","meta":{"_angie_page":false},"product_brand":[27093],"product_cat":[16450,26860,23646,26657,26371,25842],"product_tag":[],"class_list":{"0":"post-242808","1":"product","2":"type-product","3":"status-publish","4":"has-post-thumbnail","6":"product_brand-ancient-wisdom","7":"product_cat-aromatherapie-et-parfums-d-ambiance","8":"product_cat-herbes-aromatiques","9":"product_cat-huiles-essentielles","10":"product_cat-huiles-essentielles-ecologiques","11":"product_cat-romarin","12":"product_cat-senteurs-aromes","13":"pa_collection-bulk-organic-essential-oils-fr","14":"pa_made-in-tunisie","15":"pa_size-500ml","17":"first","18":"instock","19":"purchasable","20":"product-type-simple"},"supplier_id":null,"supplier_sku":"OrgEOB-08","barcode":null,"atum_controlled":true,"out_stock_date":null,"out_stock_threshold":null,"inheritable":false,"inbound_stock":null,"stock_on_hold":0,"sold_today":0,"sales_last_days":0,"reserved_stock":null,"customer_returns":null,"warehouse_damage":null,"lost_in_post":null,"other_logs":null,"out_stock_days":0,"lost_sales":0,"has_location":null,"update_date":"2026-04-27T07:17:04","atum_locations":[],"atum_stock_status":"instock","restock_status":false,"low_stock_amount":"","sales_update_date":"2026-01-30T01:25:59","calc_backorders":null,"_links":{"self":[{"href":"https:\/\/aromasentia.com\/fr\/wp-json\/wp\/v2\/product\/242808","targetHints":{"allow":["GET"]}}],"collection":[{"href":"https:\/\/aromasentia.com\/fr\/wp-json\/wp\/v2\/product"}],"about":[{"href":"https:\/\/aromasentia.com\/fr\/wp-json\/wp\/v2\/types\/product"}],"replies":[{"embeddable":true,"href":"https:\/\/aromasentia.com\/fr\/wp-json\/wp\/v2\/comments?post=242808"}],"version-history":[{"count":0,"href":"https:\/\/aromasentia.com\/fr\/wp-json\/wp\/v2\/product\/242808\/revisions"}],"wp:featuredmedia":[{"embeddable":true,"href":"https:\/\/aromasentia.com\/fr\/wp-json\/wp\/v2\/media\/267502"}],"wp:attachment":[{"href":"https:\/\/aromasentia.com\/fr\/wp-json\/wp\/v2\/media?parent=242808"}],"wp:term":[{"taxonomy":"product_brand","embeddable":true,"href":"https:\/\/aromasentia.com\/fr\/wp-json\/wp\/v2\/product_brand?post=242808"},{"taxonomy":"product_cat","embeddable":true,"href":"https:\/\/aromasentia.com\/fr\/wp-json\/wp\/v2\/product_cat?post=242808"},{"taxonomy":"product_tag","embeddable":true,"href":"https:\/\/aromasentia.com\/fr\/wp-json\/wp\/v2\/product_tag?post=242808"}],"curies":[{"name":"wp","href":"https:\/\/api.w.org\/{rel}","templated":true}]}}