{"id":242804,"date":"2025-03-20T15:13:31","date_gmt":"2025-03-20T15:13:31","guid":{"rendered":"https:\/\/aromasentia.com\/product\/lemon-organic-essential-oil-0-5kg\/"},"modified":"2025-06-23T19:18:37","modified_gmt":"2025-06-23T19:18:37","slug":"citron-huile-essentielle-bio-500ml","status":"publish","type":"product","link":"https:\/\/aromasentia.com\/fr\/citron-huile-essentielle-bio-500ml\/","title":{"rendered":"Citron Huile Essentielle Bio 500ml"},"content":{"rendered":"<p>\u00c9claircissez et nettoyez avec notre huile essentielle de citron biologique de 500 ml. Certifi\u00e9e biologique, cette huile vibrante d\u00e9gage un parfum d&rsquo;agrumes zest\u00e9, frais et merveilleusement stimulant, comme celui des citrons fra\u00eechement tranch\u00e9s. C&rsquo;est un stimulant naturel de l&rsquo;humeur, un purificateur d&rsquo;air et un d\u00e9graissant efficace, ce qui la rend parfaite pour les solutions de nettoyage naturelles. Son ar\u00f4me joyeux peut dynamiser l&rsquo;esprit et favoriser une atmosph\u00e8re positive. D&rsquo;origine biologique pour une puret\u00e9 maximale, c&rsquo;est une huile d\u00e9licieuse et polyvalente pour la diffusion, le nettoyage et pour ajouter de l&rsquo;\u00e9clat \u00e0 votre journ\u00e9e.<\/p>\n","protected":false},"excerpt":{"rendered":"<p>\u00c9claircissez et nettoyez avec notre huile essentielle de citron biologique de 500 ml. Certifi\u00e9e biologique, cette huile vibrante d\u00e9gage un parfum d&rsquo;agrumes zest\u00e9, frais et merveilleusement stimulant, comme celui des citrons fra\u00eechement tranch\u00e9s. C&rsquo;est un stimulant naturel de l&rsquo;humeur, un purificateur d&rsquo;air et un d\u00e9graissant efficace, ce qui la rend parfaite pour les solutions de [&hellip;]<\/p>\n","protected":false},"featured_media":267493,"comment_status":"closed","ping_status":"open","template":"","meta":[],"product_brand":[27093],"product_cat":[16450,26237,26818,23646,26657,25842],"product_tag":[],"class_list":{"0":"post-242804","1":"product","2":"type-product","3":"status-publish","4":"has-post-thumbnail","6":"product_brand-ancient-wisdom","7":"product_cat-aromatherapie-et-parfums-d-ambiance","8":"product_cat-citron","9":"product_cat-hesperide-agrumes","10":"product_cat-huiles-essentielles","11":"product_cat-huiles-essentielles-ecologiques","12":"product_cat-senteurs-aromes","13":"pa_collection-bulk-organic-essential-oils-fr","14":"pa_made-in-italie","15":"pa_size-500ml","17":"first","18":"instock","19":"purchasable","20":"product-type-simple"},"supplier_id":null,"supplier_sku":"OrgEOB-07","barcode":null,"atum_controlled":true,"out_stock_date":null,"out_stock_threshold":null,"inheritable":false,"inbound_stock":null,"stock_on_hold":0,"sold_today":0,"sales_last_days":0,"reserved_stock":null,"customer_returns":null,"warehouse_damage":null,"lost_in_post":null,"other_logs":null,"out_stock_days":0,"lost_sales":0,"has_location":null,"update_date":"2026-01-30T01:26:00","atum_locations":[],"atum_stock_status":"instock","restock_status":false,"low_stock_amount":"","sales_update_date":"2026-01-30T01:26:00","calc_backorders":null,"_links":{"self":[{"href":"https:\/\/aromasentia.com\/fr\/wp-json\/wp\/v2\/product\/242804","targetHints":{"allow":["GET"]}}],"collection":[{"href":"https:\/\/aromasentia.com\/fr\/wp-json\/wp\/v2\/product"}],"about":[{"href":"https:\/\/aromasentia.com\/fr\/wp-json\/wp\/v2\/types\/product"}],"replies":[{"embeddable":true,"href":"https:\/\/aromasentia.com\/fr\/wp-json\/wp\/v2\/comments?post=242804"}],"version-history":[{"count":0,"href":"https:\/\/aromasentia.com\/fr\/wp-json\/wp\/v2\/product\/242804\/revisions"}],"wp:featuredmedia":[{"embeddable":true,"href":"https:\/\/aromasentia.com\/fr\/wp-json\/wp\/v2\/media\/267493"}],"wp:attachment":[{"href":"https:\/\/aromasentia.com\/fr\/wp-json\/wp\/v2\/media?parent=242804"}],"wp:term":[{"taxonomy":"product_brand","embeddable":true,"href":"https:\/\/aromasentia.com\/fr\/wp-json\/wp\/v2\/product_brand?post=242804"},{"taxonomy":"product_cat","embeddable":true,"href":"https:\/\/aromasentia.com\/fr\/wp-json\/wp\/v2\/product_cat?post=242804"},{"taxonomy":"product_tag","embeddable":true,"href":"https:\/\/aromasentia.com\/fr\/wp-json\/wp\/v2\/product_tag?post=242804"}],"curies":[{"name":"wp","href":"https:\/\/api.w.org\/{rel}","templated":true}]}}