{"id":242800,"date":"2025-03-20T15:13:31","date_gmt":"2025-03-20T15:13:31","guid":{"rendered":"https:\/\/aromasentia.com\/product\/peppermint-organic-essential-oil-0-5kg\/"},"modified":"2025-06-23T19:18:36","modified_gmt":"2025-06-23T19:18:36","slug":"menthe-poivree-huile-essentielle-bio-500ml","status":"publish","type":"product","link":"https:\/\/aromasentia.com\/fr\/menthe-poivree-huile-essentielle-bio-500ml\/","title":{"rendered":"Menthe poivr\u00e9e Huile essentielle bio 500ml"},"content":{"rendered":"<p>Revigorez et rafra\u00eechissez avec notre huile essentielle de menthe poivr\u00e9e biologique de 500 ml. Certifi\u00e9e biologique, cette huile de menthe poivr\u00e9e d\u00e9gage un ar\u00f4me intens\u00e9ment menthol\u00e9, piquant et rafra\u00eechissant qui stimule l&rsquo;esprit et dynamise le corps. Elle est bien connue pour sa capacit\u00e9 \u00e0 soulager les maux de t\u00eate, \u00e0 apaiser l&rsquo;inconfort digestif et \u00e0 rafra\u00eechir les muscles surmen\u00e9s. Sa senteur nette et vivifiante est parfaite pour la diffusion afin d&rsquo;am\u00e9liorer la concentration ou de cr\u00e9er une atmosph\u00e8re revitalisante. D&rsquo;origine biologique pour sa puret\u00e9, il s&rsquo;agit d&rsquo;un ajout puissant et polyvalent \u00e0 votre bo\u00eete \u00e0 outils de bien-\u00eatre naturel.<\/p>\n","protected":false},"excerpt":{"rendered":"<p>Revigorez et rafra\u00eechissez avec notre huile essentielle de menthe poivr\u00e9e biologique de 500 ml. Certifi\u00e9e biologique, cette huile de menthe poivr\u00e9e d\u00e9gage un ar\u00f4me intens\u00e9ment menthol\u00e9, piquant et rafra\u00eechissant qui stimule l&rsquo;esprit et dynamise le corps. Elle est bien connue pour sa capacit\u00e9 \u00e0 soulager les maux de t\u00eate, \u00e0 apaiser l&rsquo;inconfort digestif et \u00e0 [&hellip;]<\/p>\n","protected":false},"featured_media":267484,"comment_status":"closed","ping_status":"open","template":"","meta":{"_angie_page":false},"product_brand":[27093],"product_cat":[16450,23646,26657,26338,26874,25842],"product_tag":[],"class_list":{"0":"post-242800","1":"product","2":"type-product","3":"status-publish","4":"has-post-thumbnail","6":"product_brand-ancient-wisdom","7":"product_cat-aromatherapie-et-parfums-d-ambiance","8":"product_cat-huiles-essentielles","9":"product_cat-huiles-essentielles-ecologiques","10":"product_cat-menthe-poivree","11":"product_cat-menthole","12":"product_cat-senteurs-aromes","13":"pa_collection-bulk-organic-essential-oils-fr","14":"pa_made-in-inde","15":"pa_size-500ml","17":"first","18":"instock","19":"purchasable","20":"product-type-simple"},"supplier_id":null,"supplier_sku":"OrgEOB-06","barcode":null,"atum_controlled":true,"out_stock_date":null,"out_stock_threshold":null,"inheritable":false,"inbound_stock":null,"stock_on_hold":0,"sold_today":0,"sales_last_days":0,"reserved_stock":null,"customer_returns":null,"warehouse_damage":null,"lost_in_post":null,"other_logs":null,"out_stock_days":0,"lost_sales":0,"has_location":null,"update_date":"2026-01-30T08:23:04","atum_locations":[],"atum_stock_status":"instock","restock_status":false,"low_stock_amount":"","sales_update_date":"2026-01-30T01:25:32","calc_backorders":null,"_links":{"self":[{"href":"https:\/\/aromasentia.com\/fr\/wp-json\/wp\/v2\/product\/242800","targetHints":{"allow":["GET"]}}],"collection":[{"href":"https:\/\/aromasentia.com\/fr\/wp-json\/wp\/v2\/product"}],"about":[{"href":"https:\/\/aromasentia.com\/fr\/wp-json\/wp\/v2\/types\/product"}],"replies":[{"embeddable":true,"href":"https:\/\/aromasentia.com\/fr\/wp-json\/wp\/v2\/comments?post=242800"}],"version-history":[{"count":0,"href":"https:\/\/aromasentia.com\/fr\/wp-json\/wp\/v2\/product\/242800\/revisions"}],"wp:featuredmedia":[{"embeddable":true,"href":"https:\/\/aromasentia.com\/fr\/wp-json\/wp\/v2\/media\/267484"}],"wp:attachment":[{"href":"https:\/\/aromasentia.com\/fr\/wp-json\/wp\/v2\/media?parent=242800"}],"wp:term":[{"taxonomy":"product_brand","embeddable":true,"href":"https:\/\/aromasentia.com\/fr\/wp-json\/wp\/v2\/product_brand?post=242800"},{"taxonomy":"product_cat","embeddable":true,"href":"https:\/\/aromasentia.com\/fr\/wp-json\/wp\/v2\/product_cat?post=242800"},{"taxonomy":"product_tag","embeddable":true,"href":"https:\/\/aromasentia.com\/fr\/wp-json\/wp\/v2\/product_tag?post=242800"}],"curies":[{"name":"wp","href":"https:\/\/api.w.org\/{rel}","templated":true}]}}