{"id":242796,"date":"2025-03-20T15:13:31","date_gmt":"2025-03-20T15:13:31","guid":{"rendered":"https:\/\/aromasentia.com\/product\/ylang-ylang-organic-essential-oil-0-5kg\/"},"modified":"2025-06-23T19:18:36","modified_gmt":"2025-06-23T19:18:36","slug":"ylang-ylang-huile-essentielle-bio-500ml","status":"publish","type":"product","link":"https:\/\/aromasentia.com\/fr\/ylang-ylang-huile-essentielle-bio-500ml\/","title":{"rendered":"Ylang Ylang Huile Essentielle Bio 500ml"},"content":{"rendered":"<p>Laissez-vous s\u00e9duire par l&rsquo;exotisme floral de notre huile essentielle d&rsquo;Ylang Ylang biologique (500 ml). Certifi\u00e9e biologique, cette huile essentielle d&rsquo;Ylang Ylang (probablement un grade complet ou m\u00e9lang\u00e9) offre un ar\u00f4me floral intens\u00e9ment doux, riche et capiteux, r\u00e9put\u00e9 pour ses qualit\u00e9s relaxantes, stimulantes et aphrodisiaques. Elle aide \u00e0 soulager le stress, \u00e0 inspirer la sensualit\u00e9 et \u00e0 promouvoir l&rsquo;\u00e9quilibre \u00e9motionnel. Sa puret\u00e9 biologique garantit un parfum magnifique et non alt\u00e9r\u00e9, parfait pour les parfums de luxe, les diffuseurs et les m\u00e9langes apaisants pour le bain ou le massage, nourrissant le corps et l&rsquo;esprit.<\/p>\n","protected":false},"excerpt":{"rendered":"<p>Laissez-vous s\u00e9duire par l&rsquo;exotisme floral de notre huile essentielle d&rsquo;Ylang Ylang biologique (500 ml). Certifi\u00e9e biologique, cette huile essentielle d&rsquo;Ylang Ylang (probablement un grade complet ou m\u00e9lang\u00e9) offre un ar\u00f4me floral intens\u00e9ment doux, riche et capiteux, r\u00e9put\u00e9 pour ses qualit\u00e9s relaxantes, stimulantes et aphrodisiaques. Elle aide \u00e0 soulager le stress, \u00e0 inspirer la sensualit\u00e9 et [&hellip;]<\/p>\n","protected":false},"featured_media":267475,"comment_status":"closed","ping_status":"open","template":"","meta":{"_angie_page":false},"product_brand":[27093],"product_cat":[16450,26832,23646,26657,25842,26443],"product_tag":[],"class_list":{"0":"post-242796","1":"product","2":"type-product","3":"status-publish","4":"has-post-thumbnail","6":"product_brand-ancient-wisdom","7":"product_cat-aromatherapie-et-parfums-d-ambiance","8":"product_cat-floral","9":"product_cat-huiles-essentielles","10":"product_cat-huiles-essentielles-ecologiques","11":"product_cat-senteurs-aromes","12":"product_cat-ylang-ylang","13":"pa_collection-bulk-organic-essential-oils-fr","14":"pa_made-in-comores","15":"pa_size-500ml","17":"first","18":"outofstock","19":"purchasable","20":"product-type-simple"},"supplier_id":null,"supplier_sku":"OrgEOB-05","barcode":null,"atum_controlled":true,"out_stock_date":"2026-04-25 15:12:51","out_stock_threshold":null,"inheritable":false,"inbound_stock":0,"stock_on_hold":0,"sold_today":0,"sales_last_days":0,"reserved_stock":0,"customer_returns":0,"warehouse_damage":0,"lost_in_post":0,"other_logs":0,"out_stock_days":0,"lost_sales":0,"has_location":false,"update_date":"2026-04-27T07:17:04","atum_locations":[],"atum_stock_status":"outofstock","restock_status":false,"low_stock_amount":"","sales_update_date":"2025-09-05T00:17:36","calc_backorders":null,"_links":{"self":[{"href":"https:\/\/aromasentia.com\/fr\/wp-json\/wp\/v2\/product\/242796","targetHints":{"allow":["GET"]}}],"collection":[{"href":"https:\/\/aromasentia.com\/fr\/wp-json\/wp\/v2\/product"}],"about":[{"href":"https:\/\/aromasentia.com\/fr\/wp-json\/wp\/v2\/types\/product"}],"replies":[{"embeddable":true,"href":"https:\/\/aromasentia.com\/fr\/wp-json\/wp\/v2\/comments?post=242796"}],"version-history":[{"count":0,"href":"https:\/\/aromasentia.com\/fr\/wp-json\/wp\/v2\/product\/242796\/revisions"}],"wp:featuredmedia":[{"embeddable":true,"href":"https:\/\/aromasentia.com\/fr\/wp-json\/wp\/v2\/media\/267475"}],"wp:attachment":[{"href":"https:\/\/aromasentia.com\/fr\/wp-json\/wp\/v2\/media?parent=242796"}],"wp:term":[{"taxonomy":"product_brand","embeddable":true,"href":"https:\/\/aromasentia.com\/fr\/wp-json\/wp\/v2\/product_brand?post=242796"},{"taxonomy":"product_cat","embeddable":true,"href":"https:\/\/aromasentia.com\/fr\/wp-json\/wp\/v2\/product_cat?post=242796"},{"taxonomy":"product_tag","embeddable":true,"href":"https:\/\/aromasentia.com\/fr\/wp-json\/wp\/v2\/product_tag?post=242796"}],"curies":[{"name":"wp","href":"https:\/\/api.w.org\/{rel}","templated":true}]}}