{"id":242792,"date":"2025-03-20T15:13:31","date_gmt":"2025-03-20T15:13:31","guid":{"rendered":"https:\/\/aromasentia.com\/product\/patchouli-organic-essential-oil-0-5kg\/"},"modified":"2025-06-23T19:18:35","modified_gmt":"2025-06-23T19:18:35","slug":"patchouli-huile-essentielle-bio-500ml","status":"publish","type":"product","link":"https:\/\/aromasentia.com\/fr\/patchouli-huile-essentielle-bio-500ml\/","title":{"rendered":"Patchouli Huile Essentielle Bio 500ml"},"content":{"rendered":"<p>Mettez vos sens en \u00e9veil avec l&rsquo;ar\u00f4me riche et terreux de notre huile essentielle de patchouli biologique (500 ml). Certifi\u00e9e biologique, cette huile de Patchouli offre un parfum profond, musqu\u00e9-sucr\u00e9 et l\u00e9g\u00e8rement bois\u00e9, connu pour ses effets calmants, \u00e9quilibrants et de mise \u00e0 la terre. Elle peut aider \u00e0 apaiser l&rsquo;anxi\u00e9t\u00e9 et \u00e0 cr\u00e9er une atmosph\u00e8re m\u00e9ditative. Dans les soins bio, elle est appr\u00e9ci\u00e9e pour ses propri\u00e9t\u00e9s r\u00e9g\u00e9n\u00e9ratrices, aidant les peaux s\u00e8ches ou matures. D&rsquo;origine biologique, il offre une connexion pure et puissante \u00e0 cet ar\u00f4me distinct et historiquement appr\u00e9ci\u00e9.<\/p>\n","protected":false},"excerpt":{"rendered":"<p>Mettez vos sens en \u00e9veil avec l&rsquo;ar\u00f4me riche et terreux de notre huile essentielle de patchouli biologique (500 ml). Certifi\u00e9e biologique, cette huile de Patchouli offre un parfum profond, musqu\u00e9-sucr\u00e9 et l\u00e9g\u00e8rement bois\u00e9, connu pour ses effets calmants, \u00e9quilibrants et de mise \u00e0 la terre. Elle peut aider \u00e0 apaiser l&rsquo;anxi\u00e9t\u00e9 et \u00e0 cr\u00e9er une [&hellip;]<\/p>\n","protected":false},"featured_media":267466,"comment_status":"closed","ping_status":"open","template":"","meta":[],"product_brand":[27093],"product_cat":[16450,23646,26657,26333,25842,26825],"product_tag":[],"class_list":{"0":"post-242792","1":"product","2":"type-product","3":"status-publish","4":"has-post-thumbnail","6":"product_brand-ancient-wisdom","7":"product_cat-aromatherapie-et-parfums-d-ambiance","8":"product_cat-huiles-essentielles","9":"product_cat-huiles-essentielles-ecologiques","10":"product_cat-patchouli","11":"product_cat-senteurs-aromes","12":"product_cat-terreux-vert","13":"pa_collection-bulk-organic-essential-oils-fr","14":"pa_made-in-indonesie","15":"pa_size-500ml","17":"first","18":"instock","19":"purchasable","20":"product-type-simple"},"supplier_id":null,"supplier_sku":"OrgEOB-04","barcode":null,"atum_controlled":true,"out_stock_date":null,"out_stock_threshold":null,"inheritable":false,"inbound_stock":0,"stock_on_hold":0,"sold_today":0,"sales_last_days":0,"reserved_stock":0,"customer_returns":0,"warehouse_damage":0,"lost_in_post":0,"other_logs":0,"out_stock_days":0,"lost_sales":0,"has_location":false,"update_date":"2026-02-07T03:19:16","atum_locations":[],"atum_stock_status":"instock","restock_status":false,"low_stock_amount":"","sales_update_date":"2025-09-05T00:17:34","calc_backorders":null,"_links":{"self":[{"href":"https:\/\/aromasentia.com\/fr\/wp-json\/wp\/v2\/product\/242792","targetHints":{"allow":["GET"]}}],"collection":[{"href":"https:\/\/aromasentia.com\/fr\/wp-json\/wp\/v2\/product"}],"about":[{"href":"https:\/\/aromasentia.com\/fr\/wp-json\/wp\/v2\/types\/product"}],"replies":[{"embeddable":true,"href":"https:\/\/aromasentia.com\/fr\/wp-json\/wp\/v2\/comments?post=242792"}],"version-history":[{"count":0,"href":"https:\/\/aromasentia.com\/fr\/wp-json\/wp\/v2\/product\/242792\/revisions"}],"wp:featuredmedia":[{"embeddable":true,"href":"https:\/\/aromasentia.com\/fr\/wp-json\/wp\/v2\/media\/267466"}],"wp:attachment":[{"href":"https:\/\/aromasentia.com\/fr\/wp-json\/wp\/v2\/media?parent=242792"}],"wp:term":[{"taxonomy":"product_brand","embeddable":true,"href":"https:\/\/aromasentia.com\/fr\/wp-json\/wp\/v2\/product_brand?post=242792"},{"taxonomy":"product_cat","embeddable":true,"href":"https:\/\/aromasentia.com\/fr\/wp-json\/wp\/v2\/product_cat?post=242792"},{"taxonomy":"product_tag","embeddable":true,"href":"https:\/\/aromasentia.com\/fr\/wp-json\/wp\/v2\/product_tag?post=242792"}],"curies":[{"name":"wp","href":"https:\/\/api.w.org\/{rel}","templated":true}]}}