{"id":242776,"date":"2025-03-20T15:13:31","date_gmt":"2025-03-20T15:13:31","guid":{"rendered":"https:\/\/aromasentia.com\/product\/rose-geranium-organic-essential-oil-10ml\/"},"modified":"2025-06-23T19:18:33","modified_gmt":"2025-06-23T19:18:33","slug":"rose-geranium-huile-essentielle-bio-10ml","status":"publish","type":"product","link":"https:\/\/aromasentia.com\/fr\/rose-geranium-huile-essentielle-bio-10ml\/","title":{"rendered":"Rose G\u00e9ranium &#8211; Huile Essentielle Bio 10ml"},"content":{"rendered":"<p><strong><span style=\"color: rgb(75, 80, 88);\">L&rsquo;huile essentielle de rose g\u00e9ranium bio<\/span><\/strong> est un ingr\u00e9dient actif de certains produits cosm\u00e9tiques comme les lotions et les parfums. Une revue d&rsquo;\u00e9tudes de 2017 a d\u00e9montr\u00e9 que les propri\u00e9t\u00e9s antioxydantes de l&rsquo;huile essentielle de g\u00e9ranium rose peuvent aider \u00e0 r\u00e9duire les signes du vieillissement.&nbsp;<\/p>\n<p>Les antioxydants sont bien \u00e9tablis en tant qu&rsquo;agents naturels pour am\u00e9liorer la capacit\u00e9 de votre peau \u00e0 se gu\u00e9rir des toxines environnementales et de l&rsquo;exposition. L&rsquo;huile de rose g\u00e9ranium poss\u00e8de de fortes propri\u00e9t\u00e9s antimicrobiennes, antifongiques et antivirales.&nbsp;<\/p>\n<p><strong><span style=\"color: rgb(75, 80, 88);\">Nom latin :<\/span><\/strong> Pelargonium Graveolens &amp; P\/Rosa Egypte&nbsp;<\/p>\n<p><span style=\"color: rgb(75, 80, 88);\"><strong>Source :<\/strong><\/span> Royaume-Uni&nbsp;<\/p>\n<p><strong><span style=\"color: rgb(141, 186, 216);\">NB : Nos Huiles Essentielles ne conviennent pas \u00e0 un usage interne, les \u00e9tiquettes sont en anglais.<\/span><\/strong><\/p>\n","protected":false},"excerpt":{"rendered":"<p>L&rsquo;huile essentielle de rose g\u00e9ranium bio est un ingr\u00e9dient actif de certains produits cosm\u00e9tiques comme les lotions et les parfums. Une revue d&rsquo;\u00e9tudes de 2017 a d\u00e9montr\u00e9 que les propri\u00e9t\u00e9s antioxydantes de l&rsquo;huile essentielle de g\u00e9ranium rose peuvent aider \u00e0 r\u00e9duire les signes du vieillissement.&nbsp; Les antioxydants sont bien \u00e9tablis en tant qu&rsquo;agents naturels pour [&hellip;]<\/p>\n","protected":false},"featured_media":267422,"comment_status":"closed","ping_status":"open","template":"","meta":{"_angie_page":false},"product_brand":[27093],"product_cat":[16450,26832,26188,23646,26657,26369,25842],"product_tag":[],"class_list":{"0":"post-242776","1":"product","2":"type-product","3":"status-publish","4":"has-post-thumbnail","6":"product_brand-ancient-wisdom","7":"product_cat-aromatherapie-et-parfums-d-ambiance","8":"product_cat-floral","9":"product_cat-geranium","10":"product_cat-huiles-essentielles","11":"product_cat-huiles-essentielles-ecologiques","12":"product_cat-rose","13":"product_cat-senteurs-aromes","14":"pa_collection-10ml-organic-essential-oils-fr","15":"pa_made-in-la-reunion","16":"pa_size-10ml","18":"first","19":"instock","20":"purchasable","21":"product-type-simple"},"supplier_id":null,"supplier_sku":"OrgEO-20","barcode":null,"atum_controlled":true,"out_stock_date":null,"out_stock_threshold":null,"inheritable":false,"inbound_stock":null,"stock_on_hold":0,"sold_today":0,"sales_last_days":0,"reserved_stock":null,"customer_returns":null,"warehouse_damage":null,"lost_in_post":null,"other_logs":null,"out_stock_days":0,"lost_sales":0,"has_location":null,"update_date":"2026-05-08T05:15:42","atum_locations":[],"atum_stock_status":"instock","restock_status":false,"low_stock_amount":"","sales_update_date":"2026-02-06T00:01:31","calc_backorders":null,"_links":{"self":[{"href":"https:\/\/aromasentia.com\/fr\/wp-json\/wp\/v2\/product\/242776","targetHints":{"allow":["GET"]}}],"collection":[{"href":"https:\/\/aromasentia.com\/fr\/wp-json\/wp\/v2\/product"}],"about":[{"href":"https:\/\/aromasentia.com\/fr\/wp-json\/wp\/v2\/types\/product"}],"replies":[{"embeddable":true,"href":"https:\/\/aromasentia.com\/fr\/wp-json\/wp\/v2\/comments?post=242776"}],"version-history":[{"count":0,"href":"https:\/\/aromasentia.com\/fr\/wp-json\/wp\/v2\/product\/242776\/revisions"}],"wp:featuredmedia":[{"embeddable":true,"href":"https:\/\/aromasentia.com\/fr\/wp-json\/wp\/v2\/media\/267422"}],"wp:attachment":[{"href":"https:\/\/aromasentia.com\/fr\/wp-json\/wp\/v2\/media?parent=242776"}],"wp:term":[{"taxonomy":"product_brand","embeddable":true,"href":"https:\/\/aromasentia.com\/fr\/wp-json\/wp\/v2\/product_brand?post=242776"},{"taxonomy":"product_cat","embeddable":true,"href":"https:\/\/aromasentia.com\/fr\/wp-json\/wp\/v2\/product_cat?post=242776"},{"taxonomy":"product_tag","embeddable":true,"href":"https:\/\/aromasentia.com\/fr\/wp-json\/wp\/v2\/product_tag?post=242776"}],"curies":[{"name":"wp","href":"https:\/\/api.w.org\/{rel}","templated":true}]}}