{"id":242772,"date":"2025-03-20T15:13:31","date_gmt":"2025-03-20T15:13:31","guid":{"rendered":"https:\/\/aromasentia.com\/product\/ginger-organic-essential-oil-10ml\/"},"modified":"2025-06-23T19:18:33","modified_gmt":"2025-06-23T19:18:33","slug":"gingembre-huile-essentielle-bio-10ml","status":"publish","type":"product","link":"https:\/\/aromasentia.com\/fr\/gingembre-huile-essentielle-bio-10ml\/","title":{"rendered":"Gingembre &#8211; Huile Essentielle Bio 10ml"},"content":{"rendered":"<p><strong><span style=\"color: rgb(75, 80, 88);\">L&rsquo;huile essentielle de gingembre biologique<\/span><\/strong> en gros est extraite de la plante Zingiberaceae officinale, \u00e9galement connue sous le nom de gingembre commun ou jama&iuml;cain.&nbsp;<\/p>\n<p>Le nom gingembre est d\u00e9riv\u00e9 de l&rsquo;endroit appel\u00e9 Gingi dans l&rsquo;\u00e9tat du Tamil Nadu, en Inde, et du mot tamoul pour gingembre, inji-ver. L&rsquo;huile est extraite par distillation \u00e0 la vapeur de la racine non pel\u00e9e ou s\u00e9ch\u00e9e et broy\u00e9e de la plante. C&rsquo;est une huile chauffante et particuli\u00e8rement bonne pour la digestion et la lutte contre les naus\u00e9es et les vomissements.&nbsp;<\/p>\n<p>L&rsquo;huile de gingembre poss\u00e8de de nombreuses propri\u00e9t\u00e9s th\u00e9rapeutiques. Il est utilis\u00e9 dans le traitement des fractures, apaisant les douleurs des rhumatismes, de l&rsquo;arthrite et des anthrax. Il aide \u00e0 lutter contre la gueule de bois, le mal des transports, le rhume, la grippe, la toux, la sinusite, le mal de gorge, les plaies cutan\u00e9es, la diarrh\u00e9e, les coliques, les crampes, les frissons et la fi\u00e8vre.&nbsp;<\/p>\n<p>Utilis\u00e9e en vaporisateur, cette huile combat la solitude et la d\u00e9pression et ses propri\u00e9t\u00e9s \u00e9nergisantes en font un bon aphrodisiaque. Mettez une goutte d&rsquo;huile sur un mouchoir et inhalez pour contr\u00f4ler les naus\u00e9es, le mal des transports et le rhume. Le gingembre trouve ses origines en Inde, en Chine et \u00e0 Java, mais est \u00e9galement originaire d&rsquo;Afrique et des Antilles.<\/p>\n<p>Des textes sanskrits et chinois mentionnent l&rsquo;utilisation du gingembre comme m\u00e9dicament. Il est \u00e9galement mentionn\u00e9 dans la litt\u00e9rature grecque, romaine et arabe antique. Le gingembre s\u00e9ch\u00e9 est utilis\u00e9 pour les maux d&rsquo;estomac, la diarrh\u00e9e, les probl\u00e8mes de gorge et les naus\u00e9es. Les Chinois l&rsquo;utilisent \u00e9galement pour stimuler le c\u0153ur et r\u00e9duire le mucus et les mucosit\u00e9s.&nbsp;<\/p>\n<p><strong><span style=\"color: rgb(75, 80, 88);\">Nom latin :<\/span><\/strong> Zingiber Officinale&nbsp;<\/p>\n<p><strong><span style=\"color: rgb(75, 80, 88);\">Partie de la plante utilis\u00e9e :<\/span><\/strong> racine&nbsp;<\/p>\n<p><strong><span style=\"color: rgb(75, 80, 88);\">Source :<\/span><\/strong> chinois&nbsp;<\/p>\n<p><strong><span style=\"color: rgb(75, 80, 88);\">M\u00e9thode d&rsquo;extraction :<\/span>&nbsp;<\/strong>Distillation \u00e0 la vapeur&nbsp;<\/p>\n<p><strong><span style=\"color: rgb(141, 186, 216);\"><em>NB : Nos Huiles Essentielles ne conviennent pas \u00e0 un usage interne, les \u00e9tiquettes sont en anglais.<\/em><\/span><\/strong><\/p>\n","protected":false},"excerpt":{"rendered":"<p>L&rsquo;huile essentielle de gingembre biologique en gros est extraite de la plante Zingiberaceae officinale, \u00e9galement connue sous le nom de gingembre commun ou jama&iuml;cain.&nbsp; Le nom gingembre est d\u00e9riv\u00e9 de l&rsquo;endroit appel\u00e9 Gingi dans l&rsquo;\u00e9tat du Tamil Nadu, en Inde, et du mot tamoul pour gingembre, inji-ver. L&rsquo;huile est extraite par distillation \u00e0 la vapeur [&hellip;]<\/p>\n","protected":false},"featured_media":267413,"comment_status":"closed","ping_status":"open","template":"","meta":[],"product_brand":[27093],"product_cat":[16450,26888,26191,23646,26657,25842],"product_tag":[],"class_list":{"0":"post-242772","1":"product","2":"type-product","3":"status-publish","4":"has-post-thumbnail","6":"product_brand-ancient-wisdom","7":"product_cat-aromatherapie-et-parfums-d-ambiance","8":"product_cat-epice","9":"product_cat-gingembre-senteurs-aromes","10":"product_cat-huiles-essentielles","11":"product_cat-huiles-essentielles-ecologiques","12":"product_cat-senteurs-aromes","13":"pa_collection-10ml-organic-essential-oils-fr","14":"pa_made-in-inde","15":"pa_size-10ml","17":"first","18":"instock","19":"purchasable","20":"product-type-simple"},"supplier_id":null,"supplier_sku":"OrgEO-19","barcode":null,"atum_controlled":true,"out_stock_date":null,"out_stock_threshold":null,"inheritable":false,"inbound_stock":null,"stock_on_hold":0,"sold_today":0,"sales_last_days":0,"reserved_stock":null,"customer_returns":null,"warehouse_damage":null,"lost_in_post":null,"other_logs":null,"out_stock_days":0,"lost_sales":0,"has_location":null,"update_date":"2026-02-05T22:33:33","atum_locations":[],"atum_stock_status":"instock","restock_status":false,"low_stock_amount":"","sales_update_date":"2026-01-30T01:26:20","calc_backorders":null,"_links":{"self":[{"href":"https:\/\/aromasentia.com\/fr\/wp-json\/wp\/v2\/product\/242772","targetHints":{"allow":["GET"]}}],"collection":[{"href":"https:\/\/aromasentia.com\/fr\/wp-json\/wp\/v2\/product"}],"about":[{"href":"https:\/\/aromasentia.com\/fr\/wp-json\/wp\/v2\/types\/product"}],"replies":[{"embeddable":true,"href":"https:\/\/aromasentia.com\/fr\/wp-json\/wp\/v2\/comments?post=242772"}],"version-history":[{"count":0,"href":"https:\/\/aromasentia.com\/fr\/wp-json\/wp\/v2\/product\/242772\/revisions"}],"wp:featuredmedia":[{"embeddable":true,"href":"https:\/\/aromasentia.com\/fr\/wp-json\/wp\/v2\/media\/267413"}],"wp:attachment":[{"href":"https:\/\/aromasentia.com\/fr\/wp-json\/wp\/v2\/media?parent=242772"}],"wp:term":[{"taxonomy":"product_brand","embeddable":true,"href":"https:\/\/aromasentia.com\/fr\/wp-json\/wp\/v2\/product_brand?post=242772"},{"taxonomy":"product_cat","embeddable":true,"href":"https:\/\/aromasentia.com\/fr\/wp-json\/wp\/v2\/product_cat?post=242772"},{"taxonomy":"product_tag","embeddable":true,"href":"https:\/\/aromasentia.com\/fr\/wp-json\/wp\/v2\/product_tag?post=242772"}],"curies":[{"name":"wp","href":"https:\/\/api.w.org\/{rel}","templated":true}]}}