{"id":242764,"date":"2025-03-20T15:13:31","date_gmt":"2025-03-20T15:13:31","guid":{"rendered":"https:\/\/aromasentia.com\/product\/cedarwood-organic-essential-oil-10ml\/"},"modified":"2025-06-23T19:18:30","modified_gmt":"2025-06-23T19:18:30","slug":"cedre-de-virginie-huile-essentielle-bio-10ml","status":"publish","type":"product","link":"https:\/\/aromasentia.com\/fr\/cedre-de-virginie-huile-essentielle-bio-10ml\/","title":{"rendered":"C\u00e8dre de Virginie &#8211; Huile Essentielle Bio 10ml"},"content":{"rendered":"<p><strong><span style=\"color: rgb(75, 80, 88);\">Le bois de c\u00e8dre<\/span><\/strong> est essentiellement une plante originaire des climats froids et se trouve normalement \u00e0 haute altitude. Les bienfaits pour la sant\u00e9 de l&rsquo;huile essentielle de bois de c\u00e8dre biologique peuvent \u00eatre attribu\u00e9s \u00e0 ses propri\u00e9t\u00e9s anti s\u00e9borrh\u00e9iques, antiseptiques, antispasmodiques, toniques, astringentes, diur\u00e9tiques, emm\u00e9nagogues, expectorantes, insecticides, s\u00e9datives et fongicides. L&rsquo;huile essentielle biologique de bois de c\u00e8dre en gros peut soulager les sympt\u00f4mes de la s\u00e9borrh\u00e9e.&nbsp;<\/p>\n<p>La s\u00e9borrh\u00e9e ou ecz\u00e9ma s\u00e9borrh\u00e9ique est une maladie redoutable caus\u00e9e par un dysfonctionnement des glandes s\u00e9bac\u00e9es. Il en r\u00e9sulte une augmentation de la production de s\u00e9bum et une infection subs\u00e9quente des cellules \u00e9pidermiques, la peau, de couleur blanche ou jaune p\u00e2le, commence \u00e0 se d\u00e9coller, en particulier du cuir chevelu, des sourcils, de l&rsquo;oreille interne et partout ailleurs avec des follicules pileux. L&rsquo;huile essentielle de bois de c\u00e8dre peut \u00eatre b\u00e9n\u00e9fique pour gu\u00e9rir cette situation inflammatoire et peut r\u00e9duire cette desquamation de la peau, r\u00e9gulariser la production de s\u00e9bum et traiter l&rsquo;infection.&nbsp;<\/p>\n<p>On dit que le bois de c\u00e8dre emp\u00eache les plaies de devenir septiques et les prot\u00e8ge des germes du t\u00e9tanos. En d\u00e9fendant l&rsquo;organisme contre les toxines, l&rsquo;Huile Essentielle de C\u00e8dre peut soulager les globules blancs et le syst\u00e8me immunitaire du stress suppl\u00e9mentaire, ce qui leur permet de prot\u00e9ger les fonctions internes.&nbsp;<\/p>\n<p>L&rsquo;huile essentielle de bois de c\u00e8dre peut \u00eatre utilis\u00e9e comme tonique de sant\u00e9 g\u00e9n\u00e9ral, car elle tonifie les syst\u00e8mes organiques et stimule le m\u00e9tabolisme. On dit qu&rsquo;il resserre et tonifie les muscles de la peau, de l&rsquo;estomac, du syst\u00e8me digestif et qu&rsquo;il r\u00e9gule les fonctions c\u00e9r\u00e9brales, et qu&rsquo;il stimule la fonctionnalit\u00e9 des reins et du foie, ce qui am\u00e9liore encore la sant\u00e9 et le bien-\u00eatre en g\u00e9n\u00e9ral.&nbsp;<\/p>\n<p><strong><span style=\"color: rgb(75, 80, 88);\">Nom latin :<\/span><\/strong> Juniperus Virginiana&nbsp;<\/p>\n<p><strong><span style=\"color: rgb(75, 80, 88);\">Partie de la plante utilis\u00e9e :<\/span><\/strong> bois&nbsp;<\/p>\n<p><strong><span style=\"color: rgb(75, 80, 88);\">Source :<\/span><\/strong> \u00e9tats-Unis&nbsp;<\/p>\n<p><strong><span style=\"color: rgb(75, 80, 88);\">M\u00e9thode d&rsquo;extraction :<\/span><\/strong> Distillation \u00e0 la vapeur&nbsp;<\/p>\n<p><strong><span style=\"color: rgb(141, 186, 216);\">NB : Nos Huiles Essentielles ne conviennent pas \u00e0 un usage interne.<\/span><\/strong><\/p>\n<p><em><span style=\"color: rgb(75, 80, 88);\"><strong>Les \u00e9tiquettes sont en anglais<\/strong><\/span><\/em><\/p>\n","protected":false},"excerpt":{"rendered":"<p>Le bois de c\u00e8dre est essentiellement une plante originaire des climats froids et se trouve normalement \u00e0 haute altitude. Les bienfaits pour la sant\u00e9 de l&rsquo;huile essentielle de bois de c\u00e8dre biologique peuvent \u00eatre attribu\u00e9s \u00e0 ses propri\u00e9t\u00e9s anti s\u00e9borrh\u00e9iques, antiseptiques, antispasmodiques, toniques, astringentes, diur\u00e9tiques, emm\u00e9nagogues, expectorantes, insecticides, s\u00e9datives et fongicides. L&rsquo;huile essentielle biologique de [&hellip;]<\/p>\n","protected":false},"featured_media":267395,"comment_status":"closed","ping_status":"open","template":"","meta":{"_angie_page":false},"product_brand":[27093],"product_cat":[16450,26895,26122,23646,26657,25842],"product_tag":[],"class_list":{"0":"post-242764","1":"product","2":"type-product","3":"status-publish","4":"has-post-thumbnail","6":"product_brand-ancient-wisdom","7":"product_cat-aromatherapie-et-parfums-d-ambiance","8":"product_cat-boise","9":"product_cat-cedre","10":"product_cat-huiles-essentielles","11":"product_cat-huiles-essentielles-ecologiques","12":"product_cat-senteurs-aromes","13":"pa_collection-10ml-organic-essential-oils-fr","14":"pa_made-in-maroc","15":"pa_size-10ml","17":"first","18":"instock","19":"purchasable","20":"product-type-simple"},"supplier_id":null,"supplier_sku":"OrgEO-17","barcode":null,"atum_controlled":true,"out_stock_date":null,"out_stock_threshold":null,"inheritable":false,"inbound_stock":null,"stock_on_hold":0,"sold_today":0,"sales_last_days":0,"reserved_stock":null,"customer_returns":null,"warehouse_damage":null,"lost_in_post":null,"other_logs":null,"out_stock_days":0,"lost_sales":0,"has_location":null,"update_date":"2026-04-27T07:17:04","atum_locations":[],"atum_stock_status":"instock","restock_status":false,"low_stock_amount":"","sales_update_date":"2025-09-05T00:17:31","calc_backorders":null,"_links":{"self":[{"href":"https:\/\/aromasentia.com\/fr\/wp-json\/wp\/v2\/product\/242764","targetHints":{"allow":["GET"]}}],"collection":[{"href":"https:\/\/aromasentia.com\/fr\/wp-json\/wp\/v2\/product"}],"about":[{"href":"https:\/\/aromasentia.com\/fr\/wp-json\/wp\/v2\/types\/product"}],"replies":[{"embeddable":true,"href":"https:\/\/aromasentia.com\/fr\/wp-json\/wp\/v2\/comments?post=242764"}],"version-history":[{"count":0,"href":"https:\/\/aromasentia.com\/fr\/wp-json\/wp\/v2\/product\/242764\/revisions"}],"wp:featuredmedia":[{"embeddable":true,"href":"https:\/\/aromasentia.com\/fr\/wp-json\/wp\/v2\/media\/267395"}],"wp:attachment":[{"href":"https:\/\/aromasentia.com\/fr\/wp-json\/wp\/v2\/media?parent=242764"}],"wp:term":[{"taxonomy":"product_brand","embeddable":true,"href":"https:\/\/aromasentia.com\/fr\/wp-json\/wp\/v2\/product_brand?post=242764"},{"taxonomy":"product_cat","embeddable":true,"href":"https:\/\/aromasentia.com\/fr\/wp-json\/wp\/v2\/product_cat?post=242764"},{"taxonomy":"product_tag","embeddable":true,"href":"https:\/\/aromasentia.com\/fr\/wp-json\/wp\/v2\/product_tag?post=242764"}],"curies":[{"name":"wp","href":"https:\/\/api.w.org\/{rel}","templated":true}]}}