{"id":242752,"date":"2025-03-20T15:13:48","date_gmt":"2025-03-20T15:13:48","guid":{"rendered":"https:\/\/aromasentia.com\/product\/rose-geranium-organic-essential-oil-0-5kg\/"},"modified":"2025-06-23T19:18:29","modified_gmt":"2025-06-23T19:18:29","slug":"rose-geranium-huile-essentielle-bio-500ml","status":"publish","type":"product","link":"https:\/\/aromasentia.com\/fr\/rose-geranium-huile-essentielle-bio-500ml\/","title":{"rendered":"Rose G\u00e9ranium Huile Essentielle Bio 500ml"},"content":{"rendered":"<p>Appr\u00e9ciez l&rsquo;harmonie florale de notre huile essentielle de g\u00e9ranium rosat biologique (500 ml). Certifi\u00e9e biologique, cette magnifique huile allie les notes douces et ros\u00e9es du g\u00e9ranium \u00e0 un caract\u00e8re rappelant celui de la vraie rose, offrant un parfum exaltant et \u00e9quilibrant sur le plan \u00e9motionnel. Elle est appr\u00e9ci\u00e9e dans les soins de la peau biologiques pour sa capacit\u00e9 \u00e0 \u00e9quilibrer le s\u00e9bum, \u00e0 apaiser la peau et \u00e0 favoriser un \u00e9clat sain. Son parfum d\u00e9licieux contribue \u00e9galement \u00e0 calmer les nerfs et \u00e0 favoriser un sentiment de bien-\u00eatre. Une fleur pure et polyvalente pour la beaut\u00e9 naturelle et l&rsquo;harmonie \u00e9motionnelle.<\/p>\n","protected":false},"excerpt":{"rendered":"<p>Appr\u00e9ciez l&rsquo;harmonie florale de notre huile essentielle de g\u00e9ranium rosat biologique (500 ml). Certifi\u00e9e biologique, cette magnifique huile allie les notes douces et ros\u00e9es du g\u00e9ranium \u00e0 un caract\u00e8re rappelant celui de la vraie rose, offrant un parfum exaltant et \u00e9quilibrant sur le plan \u00e9motionnel. Elle est appr\u00e9ci\u00e9e dans les soins de la peau biologiques [&hellip;]<\/p>\n","protected":false},"featured_media":267610,"comment_status":"closed","ping_status":"open","template":"","meta":{"_angie_page":false},"product_brand":[27093],"product_cat":[16450,26832,26188,23646,26657,26369,25842],"product_tag":[],"class_list":{"0":"post-242752","1":"product","2":"type-product","3":"status-publish","4":"has-post-thumbnail","6":"product_brand-ancient-wisdom","7":"product_cat-aromatherapie-et-parfums-d-ambiance","8":"product_cat-floral","9":"product_cat-geranium","10":"product_cat-huiles-essentielles","11":"product_cat-huiles-essentielles-ecologiques","12":"product_cat-rose","13":"product_cat-senteurs-aromes","14":"pa_collection-bulk-organic-essential-oils-fr","15":"pa_made-in-la-reunion","16":"pa_size-500ml","18":"first","19":"instock","20":"purchasable","21":"product-type-simple"},"supplier_id":null,"supplier_sku":"OrgEOB-20","barcode":null,"atum_controlled":true,"out_stock_date":null,"out_stock_threshold":null,"inheritable":false,"inbound_stock":0,"stock_on_hold":0,"sold_today":0,"sales_last_days":0,"reserved_stock":0,"customer_returns":0,"warehouse_damage":0,"lost_in_post":0,"other_logs":0,"out_stock_days":0,"lost_sales":0,"has_location":false,"update_date":"2026-05-08T05:15:42","atum_locations":[],"atum_stock_status":"instock","restock_status":false,"low_stock_amount":"","sales_update_date":"2026-01-30T01:26:00","calc_backorders":null,"_links":{"self":[{"href":"https:\/\/aromasentia.com\/fr\/wp-json\/wp\/v2\/product\/242752","targetHints":{"allow":["GET"]}}],"collection":[{"href":"https:\/\/aromasentia.com\/fr\/wp-json\/wp\/v2\/product"}],"about":[{"href":"https:\/\/aromasentia.com\/fr\/wp-json\/wp\/v2\/types\/product"}],"replies":[{"embeddable":true,"href":"https:\/\/aromasentia.com\/fr\/wp-json\/wp\/v2\/comments?post=242752"}],"version-history":[{"count":0,"href":"https:\/\/aromasentia.com\/fr\/wp-json\/wp\/v2\/product\/242752\/revisions"}],"wp:featuredmedia":[{"embeddable":true,"href":"https:\/\/aromasentia.com\/fr\/wp-json\/wp\/v2\/media\/267610"}],"wp:attachment":[{"href":"https:\/\/aromasentia.com\/fr\/wp-json\/wp\/v2\/media?parent=242752"}],"wp:term":[{"taxonomy":"product_brand","embeddable":true,"href":"https:\/\/aromasentia.com\/fr\/wp-json\/wp\/v2\/product_brand?post=242752"},{"taxonomy":"product_cat","embeddable":true,"href":"https:\/\/aromasentia.com\/fr\/wp-json\/wp\/v2\/product_cat?post=242752"},{"taxonomy":"product_tag","embeddable":true,"href":"https:\/\/aromasentia.com\/fr\/wp-json\/wp\/v2\/product_tag?post=242752"}],"curies":[{"name":"wp","href":"https:\/\/api.w.org\/{rel}","templated":true}]}}