{"id":242744,"date":"2025-03-20T15:13:48","date_gmt":"2025-03-20T15:13:48","guid":{"rendered":"https:\/\/aromasentia.com\/product\/petitgrain-organic-essential-oil-0-5kg\/"},"modified":"2025-06-23T19:18:28","modified_gmt":"2025-06-23T19:18:28","slug":"petitgrain-huile-essentielle-bio-500ml","status":"publish","type":"product","link":"https:\/\/aromasentia.com\/fr\/petitgrain-huile-essentielle-bio-500ml\/","title":{"rendered":"Petitgrain Huile Essentielle Bio 500ml"},"content":{"rendered":"<p>\u00c9quilibrez et rafra\u00eechissez avec notre huile essentielle de petit grain biologique (500 ml). Certifi\u00e9e biologique, cette huile unique, distill\u00e9e \u00e0 partir des feuilles et des rameaux de l&rsquo;oranger amer, offre un ar\u00f4me frais, bois\u00e9, l\u00e9g\u00e8rement floral et subtilement citronn\u00e9. Elle est appr\u00e9ci\u00e9e pour sa capacit\u00e9 \u00e0 calmer l&rsquo;esprit, \u00e0 apaiser l&rsquo;anxi\u00e9t\u00e9 et \u00e0 remonter le moral sans provoquer de s\u00e9dation. Sa nature organique en fait un excellent choix pour la parfumerie naturelle, les soins des peaux grasses et la cr\u00e9ation d&rsquo;une atmosph\u00e8re harmonieuse et sereine.<\/p>\n","protected":false},"excerpt":{"rendered":"<p>\u00c9quilibrez et rafra\u00eechissez avec notre huile essentielle de petit grain biologique (500 ml). Certifi\u00e9e biologique, cette huile unique, distill\u00e9e \u00e0 partir des feuilles et des rameaux de l&rsquo;oranger amer, offre un ar\u00f4me frais, bois\u00e9, l\u00e9g\u00e8rement floral et subtilement citronn\u00e9. Elle est appr\u00e9ci\u00e9e pour sa capacit\u00e9 \u00e0 calmer l&rsquo;esprit, \u00e0 apaiser l&rsquo;anxi\u00e9t\u00e9 et \u00e0 remonter le [&hellip;]<\/p>\n","protected":false},"featured_media":267592,"comment_status":"closed","ping_status":"open","template":"","meta":{"_angie_page":false},"product_brand":[27093],"product_cat":[16450,26818,23646,26657,26342,25842],"product_tag":[],"class_list":{"0":"post-242744","1":"product","2":"type-product","3":"status-publish","4":"has-post-thumbnail","6":"product_brand-ancient-wisdom","7":"product_cat-aromatherapie-et-parfums-d-ambiance","8":"product_cat-hesperide-agrumes","9":"product_cat-huiles-essentielles","10":"product_cat-huiles-essentielles-ecologiques","11":"product_cat-petitgrain","12":"product_cat-senteurs-aromes","13":"pa_collection-bulk-organic-essential-oils-fr","14":"pa_made-in-paraguay","15":"pa_size-500ml","17":"first","18":"outofstock","19":"purchasable","20":"product-type-simple"},"supplier_id":null,"supplier_sku":"OrgEOB-18","barcode":null,"atum_controlled":true,"out_stock_date":"2026-04-25 15:12:56","out_stock_threshold":null,"inheritable":false,"inbound_stock":0,"stock_on_hold":0,"sold_today":0,"sales_last_days":0,"reserved_stock":0,"customer_returns":0,"warehouse_damage":0,"lost_in_post":0,"other_logs":0,"out_stock_days":0,"lost_sales":0,"has_location":false,"update_date":"2026-04-27T07:17:12","atum_locations":[],"atum_stock_status":"outofstock","restock_status":false,"low_stock_amount":"","sales_update_date":"2026-01-20T05:13:02","calc_backorders":null,"_links":{"self":[{"href":"https:\/\/aromasentia.com\/fr\/wp-json\/wp\/v2\/product\/242744","targetHints":{"allow":["GET"]}}],"collection":[{"href":"https:\/\/aromasentia.com\/fr\/wp-json\/wp\/v2\/product"}],"about":[{"href":"https:\/\/aromasentia.com\/fr\/wp-json\/wp\/v2\/types\/product"}],"replies":[{"embeddable":true,"href":"https:\/\/aromasentia.com\/fr\/wp-json\/wp\/v2\/comments?post=242744"}],"version-history":[{"count":0,"href":"https:\/\/aromasentia.com\/fr\/wp-json\/wp\/v2\/product\/242744\/revisions"}],"wp:featuredmedia":[{"embeddable":true,"href":"https:\/\/aromasentia.com\/fr\/wp-json\/wp\/v2\/media\/267592"}],"wp:attachment":[{"href":"https:\/\/aromasentia.com\/fr\/wp-json\/wp\/v2\/media?parent=242744"}],"wp:term":[{"taxonomy":"product_brand","embeddable":true,"href":"https:\/\/aromasentia.com\/fr\/wp-json\/wp\/v2\/product_brand?post=242744"},{"taxonomy":"product_cat","embeddable":true,"href":"https:\/\/aromasentia.com\/fr\/wp-json\/wp\/v2\/product_cat?post=242744"},{"taxonomy":"product_tag","embeddable":true,"href":"https:\/\/aromasentia.com\/fr\/wp-json\/wp\/v2\/product_tag?post=242744"}],"curies":[{"name":"wp","href":"https:\/\/api.w.org\/{rel}","templated":true}]}}