{"id":242740,"date":"2025-03-20T15:13:48","date_gmt":"2025-03-20T15:13:48","guid":{"rendered":"https:\/\/aromasentia.com\/product\/cedarwood-atlas-organic-essential-oil-0-5kg\/"},"modified":"2025-06-23T19:18:27","modified_gmt":"2025-06-23T19:18:27","slug":"cedre-atlas-huile-essentielle-bio-500ml","status":"publish","type":"product","link":"https:\/\/aromasentia.com\/fr\/cedre-atlas-huile-essentielle-bio-500ml\/","title":{"rendered":"C\u00e8dre Atlas Huile Essentielle Bio 500ml"},"content":{"rendered":"<p>Renforcez et mettez en terre avec notre huile essentielle de bois de c\u00e8dre de l&rsquo;Atlas (500ml). Certifi\u00e9e biologique, cette huile offre un ar\u00f4me riche, bois\u00e9, l\u00e9g\u00e8rement sucr\u00e9 et balsamique qui est profond\u00e9ment calmant et fortifiant. Le bois de c\u00e8dre de l&rsquo;Atlas est r\u00e9put\u00e9 pour sa capacit\u00e9 \u00e0 apaiser les tensions nerveuses, \u00e0 favoriser la stabilit\u00e9 \u00e9motionnelle et \u00e0 encourager un \u00e9tat m\u00e9ditatif. Il est \u00e9galement b\u00e9n\u00e9fique pour la sant\u00e9 du cuir chevelu et comme r\u00e9pulsif pour les insectes. Sa puret\u00e9 organique assure une connexion r\u00e9elle et ancr\u00e9e \u00e0 la force durable de cet arbre majestueux.<\/p>\n","protected":false},"excerpt":{"rendered":"<p>Renforcez et mettez en terre avec notre huile essentielle de bois de c\u00e8dre de l&rsquo;Atlas (500ml). Certifi\u00e9e biologique, cette huile offre un ar\u00f4me riche, bois\u00e9, l\u00e9g\u00e8rement sucr\u00e9 et balsamique qui est profond\u00e9ment calmant et fortifiant. Le bois de c\u00e8dre de l&rsquo;Atlas est r\u00e9put\u00e9 pour sa capacit\u00e9 \u00e0 apaiser les tensions nerveuses, \u00e0 favoriser la stabilit\u00e9 [&hellip;]<\/p>\n","protected":false},"featured_media":267583,"comment_status":"closed","ping_status":"open","template":"","meta":{"_angie_page":false},"product_brand":[27093],"product_cat":[16450,26895,26122,23646,26657,25842],"product_tag":[],"class_list":{"0":"post-242740","1":"product","2":"type-product","3":"status-publish","4":"has-post-thumbnail","6":"product_brand-ancient-wisdom","7":"product_cat-aromatherapie-et-parfums-d-ambiance","8":"product_cat-boise","9":"product_cat-cedre","10":"product_cat-huiles-essentielles","11":"product_cat-huiles-essentielles-ecologiques","12":"product_cat-senteurs-aromes","13":"pa_collection-bulk-organic-essential-oils-fr","14":"pa_made-in-maroc","15":"pa_size-500ml","17":"first","18":"instock","19":"purchasable","20":"product-type-simple"},"supplier_id":null,"supplier_sku":"OrgEOB-17","barcode":null,"atum_controlled":true,"out_stock_date":null,"out_stock_threshold":null,"inheritable":false,"inbound_stock":null,"stock_on_hold":0,"sold_today":0,"sales_last_days":0,"reserved_stock":null,"customer_returns":null,"warehouse_damage":null,"lost_in_post":null,"other_logs":null,"out_stock_days":0,"lost_sales":0,"has_location":null,"update_date":"2026-04-27T07:17:12","atum_locations":[],"atum_stock_status":"instock","restock_status":false,"low_stock_amount":"","sales_update_date":"2025-09-05T00:17:39","calc_backorders":null,"_links":{"self":[{"href":"https:\/\/aromasentia.com\/fr\/wp-json\/wp\/v2\/product\/242740","targetHints":{"allow":["GET"]}}],"collection":[{"href":"https:\/\/aromasentia.com\/fr\/wp-json\/wp\/v2\/product"}],"about":[{"href":"https:\/\/aromasentia.com\/fr\/wp-json\/wp\/v2\/types\/product"}],"replies":[{"embeddable":true,"href":"https:\/\/aromasentia.com\/fr\/wp-json\/wp\/v2\/comments?post=242740"}],"version-history":[{"count":0,"href":"https:\/\/aromasentia.com\/fr\/wp-json\/wp\/v2\/product\/242740\/revisions"}],"wp:featuredmedia":[{"embeddable":true,"href":"https:\/\/aromasentia.com\/fr\/wp-json\/wp\/v2\/media\/267583"}],"wp:attachment":[{"href":"https:\/\/aromasentia.com\/fr\/wp-json\/wp\/v2\/media?parent=242740"}],"wp:term":[{"taxonomy":"product_brand","embeddable":true,"href":"https:\/\/aromasentia.com\/fr\/wp-json\/wp\/v2\/product_brand?post=242740"},{"taxonomy":"product_cat","embeddable":true,"href":"https:\/\/aromasentia.com\/fr\/wp-json\/wp\/v2\/product_cat?post=242740"},{"taxonomy":"product_tag","embeddable":true,"href":"https:\/\/aromasentia.com\/fr\/wp-json\/wp\/v2\/product_tag?post=242740"}],"curies":[{"name":"wp","href":"https:\/\/api.w.org\/{rel}","templated":true}]}}