{"id":242736,"date":"2025-03-20T15:13:48","date_gmt":"2025-03-20T15:13:48","guid":{"rendered":"https:\/\/aromasentia.com\/product\/cypress-organic-essential-oil-0-5kg\/"},"modified":"2025-06-23T19:18:26","modified_gmt":"2025-06-23T19:18:26","slug":"cypres-huile-essentielle-bio-500ml","status":"publish","type":"product","link":"https:\/\/aromasentia.com\/fr\/cypres-huile-essentielle-bio-500ml\/","title":{"rendered":"Cypr\u00e8s Huile Essentielle Bio 500ml"},"content":{"rendered":"<p>Mettez au sol et purifiez votre environnement avec notre huile essentielle de cypr\u00e8s biologique de 500 ml. Certifi\u00e9e biologique, cette huile de cypr\u00e8s offre un parfum frais, propre, l\u00e9g\u00e8rement bois\u00e9 et persistant qui est \u00e0 la fois centr\u00e9 et stimulant. Elle est connue pour ses vertus astringentes, ce qui la rend utile pour les peaux grasses et pour favoriser une bonne circulation. Son ar\u00f4me peut \u00eatre r\u00e9confortant en p\u00e9riode de transition et purifier l&rsquo;air. D&rsquo;origine biologique, elle offre une connexion pure et r\u00e9sineuse au pouvoir \u00e9quilibrant de la nature.<\/p>\n","protected":false},"excerpt":{"rendered":"<p>Mettez au sol et purifiez votre environnement avec notre huile essentielle de cypr\u00e8s biologique de 500 ml. Certifi\u00e9e biologique, cette huile de cypr\u00e8s offre un parfum frais, propre, l\u00e9g\u00e8rement bois\u00e9 et persistant qui est \u00e0 la fois centr\u00e9 et stimulant. Elle est connue pour ses vertus astringentes, ce qui la rend utile pour les peaux [&hellip;]<\/p>\n","protected":false},"featured_media":267574,"comment_status":"closed","ping_status":"open","template":"","meta":{"_angie_page":false},"product_brand":[27093],"product_cat":[16450,26895,26168,23646,26657,25842],"product_tag":[],"class_list":{"0":"post-242736","1":"product","2":"type-product","3":"status-publish","4":"has-post-thumbnail","6":"product_brand-ancient-wisdom","7":"product_cat-aromatherapie-et-parfums-d-ambiance","8":"product_cat-boise","9":"product_cat-cypres","10":"product_cat-huiles-essentielles","11":"product_cat-huiles-essentielles-ecologiques","12":"product_cat-senteurs-aromes","13":"pa_collection-bulk-organic-essential-oils-fr","14":"pa_made-in-espagne","15":"pa_size-500ml","17":"first","18":"instock","19":"purchasable","20":"product-type-simple"},"supplier_id":null,"supplier_sku":"OrgEOB-16","barcode":null,"atum_controlled":true,"out_stock_date":null,"out_stock_threshold":null,"inheritable":false,"inbound_stock":null,"stock_on_hold":0,"sold_today":0,"sales_last_days":0,"reserved_stock":null,"customer_returns":null,"warehouse_damage":null,"lost_in_post":null,"other_logs":null,"out_stock_days":0,"lost_sales":0,"has_location":null,"update_date":"2026-04-27T07:17:04","atum_locations":[],"atum_stock_status":"instock","restock_status":false,"low_stock_amount":"","sales_update_date":"2025-09-05T00:17:39","calc_backorders":null,"_links":{"self":[{"href":"https:\/\/aromasentia.com\/fr\/wp-json\/wp\/v2\/product\/242736","targetHints":{"allow":["GET"]}}],"collection":[{"href":"https:\/\/aromasentia.com\/fr\/wp-json\/wp\/v2\/product"}],"about":[{"href":"https:\/\/aromasentia.com\/fr\/wp-json\/wp\/v2\/types\/product"}],"replies":[{"embeddable":true,"href":"https:\/\/aromasentia.com\/fr\/wp-json\/wp\/v2\/comments?post=242736"}],"version-history":[{"count":0,"href":"https:\/\/aromasentia.com\/fr\/wp-json\/wp\/v2\/product\/242736\/revisions"}],"wp:featuredmedia":[{"embeddable":true,"href":"https:\/\/aromasentia.com\/fr\/wp-json\/wp\/v2\/media\/267574"}],"wp:attachment":[{"href":"https:\/\/aromasentia.com\/fr\/wp-json\/wp\/v2\/media?parent=242736"}],"wp:term":[{"taxonomy":"product_brand","embeddable":true,"href":"https:\/\/aromasentia.com\/fr\/wp-json\/wp\/v2\/product_brand?post=242736"},{"taxonomy":"product_cat","embeddable":true,"href":"https:\/\/aromasentia.com\/fr\/wp-json\/wp\/v2\/product_cat?post=242736"},{"taxonomy":"product_tag","embeddable":true,"href":"https:\/\/aromasentia.com\/fr\/wp-json\/wp\/v2\/product_tag?post=242736"}],"curies":[{"name":"wp","href":"https:\/\/api.w.org\/{rel}","templated":true}]}}