{"id":242732,"date":"2025-03-20T15:13:48","date_gmt":"2025-03-20T15:13:48","guid":{"rendered":"https:\/\/aromasentia.com\/product\/grapefruit-organic-essential-oil-0-5kg\/"},"modified":"2025-06-23T19:18:26","modified_gmt":"2025-06-23T19:18:26","slug":"pamplemousse-huile-essentielle-bio-500ml","status":"publish","type":"product","link":"https:\/\/aromasentia.com\/fr\/pamplemousse-huile-essentielle-bio-500ml\/","title":{"rendered":"Pamplemousse Huile Essentielle Bio 500ml"},"content":{"rendered":"<p>Rafra\u00eechissez et revigorez avec notre huile essentielle de pamplemousse biologique de 500 ml. Certifi\u00e9e biologique, cette huile d\u00e9borde d&rsquo;un ar\u00f4me d&rsquo;agrumes acidul\u00e9, vif et vivifiant qui est merveilleusement \u00e9nergisant et qui remonte le moral. Elle est connue pour ses propri\u00e9t\u00e9s d\u00e9toxifiantes et tonifiantes, souvent utilis\u00e9e dans les m\u00e9langes pour combattre la r\u00e9tention d&rsquo;eau et soutenir un m\u00e9tabolisme sain. Son parfum joyeux aide \u00e0 dissiper la fatigue mentale et \u00e0 promouvoir une attitude positive. D&rsquo;origine biologique pour sa puret\u00e9, c&rsquo;est un d\u00e9lice piquant pour la diffusion et les soins corporels revitalisants.<\/p>\n","protected":false},"excerpt":{"rendered":"<p>Rafra\u00eechissez et revigorez avec notre huile essentielle de pamplemousse biologique de 500 ml. Certifi\u00e9e biologique, cette huile d\u00e9borde d&rsquo;un ar\u00f4me d&rsquo;agrumes acidul\u00e9, vif et vivifiant qui est merveilleusement \u00e9nergisant et qui remonte le moral. Elle est connue pour ses propri\u00e9t\u00e9s d\u00e9toxifiantes et tonifiantes, souvent utilis\u00e9e dans les m\u00e9langes pour combattre la r\u00e9tention d&rsquo;eau et soutenir [&hellip;]<\/p>\n","protected":false},"featured_media":267565,"comment_status":"closed","ping_status":"open","template":"","meta":{"_angie_page":false},"product_brand":[27093],"product_cat":[16450,26818,23646,26657,26202,25842],"product_tag":[],"class_list":{"0":"post-242732","1":"product","2":"type-product","3":"status-publish","4":"has-post-thumbnail","6":"product_brand-ancient-wisdom","7":"product_cat-aromatherapie-et-parfums-d-ambiance","8":"product_cat-hesperide-agrumes","9":"product_cat-huiles-essentielles","10":"product_cat-huiles-essentielles-ecologiques","11":"product_cat-pamplemousse","12":"product_cat-senteurs-aromes","13":"pa_collection-bulk-organic-essential-oils-fr","14":"pa_made-in-etats-unis","15":"pa_size-500ml","17":"first","18":"instock","19":"purchasable","20":"product-type-simple"},"supplier_id":null,"supplier_sku":"OrgEOB-15","barcode":null,"atum_controlled":true,"out_stock_date":null,"out_stock_threshold":null,"inheritable":false,"inbound_stock":0,"stock_on_hold":0,"sold_today":0,"sales_last_days":0,"reserved_stock":0,"customer_returns":0,"warehouse_damage":0,"lost_in_post":0,"other_logs":0,"out_stock_days":0,"lost_sales":0,"has_location":false,"update_date":"2026-04-27T07:17:04","atum_locations":[],"atum_stock_status":"instock","restock_status":false,"low_stock_amount":"","sales_update_date":"2025-09-05T00:17:38","calc_backorders":null,"_links":{"self":[{"href":"https:\/\/aromasentia.com\/fr\/wp-json\/wp\/v2\/product\/242732","targetHints":{"allow":["GET"]}}],"collection":[{"href":"https:\/\/aromasentia.com\/fr\/wp-json\/wp\/v2\/product"}],"about":[{"href":"https:\/\/aromasentia.com\/fr\/wp-json\/wp\/v2\/types\/product"}],"replies":[{"embeddable":true,"href":"https:\/\/aromasentia.com\/fr\/wp-json\/wp\/v2\/comments?post=242732"}],"version-history":[{"count":0,"href":"https:\/\/aromasentia.com\/fr\/wp-json\/wp\/v2\/product\/242732\/revisions"}],"wp:featuredmedia":[{"embeddable":true,"href":"https:\/\/aromasentia.com\/fr\/wp-json\/wp\/v2\/media\/267565"}],"wp:attachment":[{"href":"https:\/\/aromasentia.com\/fr\/wp-json\/wp\/v2\/media?parent=242732"}],"wp:term":[{"taxonomy":"product_brand","embeddable":true,"href":"https:\/\/aromasentia.com\/fr\/wp-json\/wp\/v2\/product_brand?post=242732"},{"taxonomy":"product_cat","embeddable":true,"href":"https:\/\/aromasentia.com\/fr\/wp-json\/wp\/v2\/product_cat?post=242732"},{"taxonomy":"product_tag","embeddable":true,"href":"https:\/\/aromasentia.com\/fr\/wp-json\/wp\/v2\/product_tag?post=242732"}],"curies":[{"name":"wp","href":"https:\/\/api.w.org\/{rel}","templated":true}]}}