{"id":242716,"date":"2025-03-20T15:13:48","date_gmt":"2025-03-20T15:13:48","guid":{"rendered":"https:\/\/aromasentia.com\/product\/citronella-organic-essential-oil-0-5kg\/"},"modified":"2025-06-23T19:18:21","modified_gmt":"2025-06-23T19:18:21","slug":"citronnelle-huile-essentielle-bio-500ml","status":"publish","type":"product","link":"https:\/\/aromasentia.com\/fr\/citronnelle-huile-essentielle-bio-500ml\/","title":{"rendered":"Citronnelle Huile Essentielle Bio 500ml"},"content":{"rendered":"<p>Repoussez naturellement les insectes et rafra\u00eechissez votre environnement avec notre huile essentielle de citronnelle biologique de 500 ml. Certifi\u00e9e biologique, cette huile poss\u00e8de l&rsquo;ar\u00f4me classique frais, puissant, citronn\u00e9 et l\u00e9g\u00e8rement herbac\u00e9 largement connu pour son efficacit\u00e9 en tant que r\u00e9pulsif \u00e0 insectes. C&rsquo;est \u00e9galement un excellent d\u00e9sodorisant naturel, qui aide \u00e0 purifier l&rsquo;air et \u00e0 \u00e9liminer les odeurs ind\u00e9sirables. D&rsquo;origine biologique pour une plus grande tranquillit\u00e9 d&rsquo;esprit, elle est parfaite pour la diffusion \u00e0 l&rsquo;ext\u00e9rieur, l&rsquo;ajout \u00e0 des sprays r\u00e9pulsifs bricol\u00e9s ou l&rsquo;utilisation dans des formules de nettoyage naturelles pour un environnement propre et sans insectes.<\/p>\n","protected":false},"excerpt":{"rendered":"<p>Repoussez naturellement les insectes et rafra\u00eechissez votre environnement avec notre huile essentielle de citronnelle biologique de 500 ml. Certifi\u00e9e biologique, cette huile poss\u00e8de l&rsquo;ar\u00f4me classique frais, puissant, citronn\u00e9 et l\u00e9g\u00e8rement herbac\u00e9 largement connu pour son efficacit\u00e9 en tant que r\u00e9pulsif \u00e0 insectes. C&rsquo;est \u00e9galement un excellent d\u00e9sodorisant naturel, qui aide \u00e0 purifier l&rsquo;air et \u00e0 [&hellip;]<\/p>\n","protected":false},"featured_media":267529,"comment_status":"closed","ping_status":"open","template":"","meta":[],"product_brand":[27093],"product_cat":[16450,26140,26818,23646,26657,25842],"product_tag":[],"class_list":{"0":"post-242716","1":"product","2":"type-product","3":"status-publish","4":"has-post-thumbnail","6":"product_brand-ancient-wisdom","7":"product_cat-aromatherapie-et-parfums-d-ambiance","8":"product_cat-citronnelle","9":"product_cat-hesperide-agrumes","10":"product_cat-huiles-essentielles","11":"product_cat-huiles-essentielles-ecologiques","12":"product_cat-senteurs-aromes","13":"pa_collection-bulk-organic-essential-oils-fr","14":"pa_made-in-indonesie","15":"pa_size-500ml","17":"first","18":"outofstock","19":"purchasable","20":"product-type-simple"},"supplier_id":null,"supplier_sku":"OrgEOB-11","barcode":null,"atum_controlled":true,"out_stock_date":"2025-12-09 14:22:58","out_stock_threshold":null,"inheritable":false,"inbound_stock":null,"stock_on_hold":0,"sold_today":0,"sales_last_days":0,"reserved_stock":null,"customer_returns":null,"warehouse_damage":null,"lost_in_post":null,"other_logs":null,"out_stock_days":58,"lost_sales":0,"has_location":null,"update_date":"2026-02-06T00:00:57","atum_locations":[],"atum_stock_status":"outofstock","restock_status":false,"low_stock_amount":"","sales_update_date":"2026-02-06T00:00:57","calc_backorders":null,"_links":{"self":[{"href":"https:\/\/aromasentia.com\/fr\/wp-json\/wp\/v2\/product\/242716","targetHints":{"allow":["GET"]}}],"collection":[{"href":"https:\/\/aromasentia.com\/fr\/wp-json\/wp\/v2\/product"}],"about":[{"href":"https:\/\/aromasentia.com\/fr\/wp-json\/wp\/v2\/types\/product"}],"replies":[{"embeddable":true,"href":"https:\/\/aromasentia.com\/fr\/wp-json\/wp\/v2\/comments?post=242716"}],"version-history":[{"count":0,"href":"https:\/\/aromasentia.com\/fr\/wp-json\/wp\/v2\/product\/242716\/revisions"}],"wp:featuredmedia":[{"embeddable":true,"href":"https:\/\/aromasentia.com\/fr\/wp-json\/wp\/v2\/media\/267529"}],"wp:attachment":[{"href":"https:\/\/aromasentia.com\/fr\/wp-json\/wp\/v2\/media?parent=242716"}],"wp:term":[{"taxonomy":"product_brand","embeddable":true,"href":"https:\/\/aromasentia.com\/fr\/wp-json\/wp\/v2\/product_brand?post=242716"},{"taxonomy":"product_cat","embeddable":true,"href":"https:\/\/aromasentia.com\/fr\/wp-json\/wp\/v2\/product_cat?post=242716"},{"taxonomy":"product_tag","embeddable":true,"href":"https:\/\/aromasentia.com\/fr\/wp-json\/wp\/v2\/product_tag?post=242716"}],"curies":[{"name":"wp","href":"https:\/\/api.w.org\/{rel}","templated":true}]}}