{"id":242712,"date":"2025-03-20T15:13:48","date_gmt":"2025-03-20T15:13:48","guid":{"rendered":"https:\/\/aromasentia.com\/product\/geranium-organic-essential-oil-0-5kg\/"},"modified":"2025-06-23T19:18:20","modified_gmt":"2025-06-23T19:18:20","slug":"geranium-huile-essentielle-bio-500ml","status":"publish","type":"product","link":"https:\/\/aromasentia.com\/fr\/geranium-huile-essentielle-bio-500ml\/","title":{"rendered":"G\u00e9ranium Huile Essentielle Bio 500ml"},"content":{"rendered":"<p>\u00c9quilibrer et embellir biologiquement avec notre huile essentielle de g\u00e9ranium biologique de 500 ml. Certifi\u00e9e biologique, cette huile exquise offre un ar\u00f4me doux, ros\u00e9 et l\u00e9g\u00e8rement herbac\u00e9, pris\u00e9 pour son influence harmonisante sur les \u00e9motions et la peau. Le g\u00e9ranium biologique est excellent pour \u00e9quilibrer le s\u00e9bum, apaiser les peaux irrit\u00e9es et favoriser l&rsquo;\u00e9clat du teint pour tous les types de peau. Son parfum exaltant aide \u00e0 soulager le stress et \u00e0 favoriser la stabilit\u00e9 \u00e9motionnelle. Une huile polyvalente et pr\u00e9cieuse pour les soins de la peau purs et naturels et le bien-\u00eatre holistique.<\/p>\n","protected":false},"excerpt":{"rendered":"<p>\u00c9quilibrer et embellir biologiquement avec notre huile essentielle de g\u00e9ranium biologique de 500 ml. Certifi\u00e9e biologique, cette huile exquise offre un ar\u00f4me doux, ros\u00e9 et l\u00e9g\u00e8rement herbac\u00e9, pris\u00e9 pour son influence harmonisante sur les \u00e9motions et la peau. Le g\u00e9ranium biologique est excellent pour \u00e9quilibrer le s\u00e9bum, apaiser les peaux irrit\u00e9es et favoriser l&rsquo;\u00e9clat du [&hellip;]<\/p>\n","protected":false},"featured_media":267520,"comment_status":"closed","ping_status":"open","template":"","meta":{"_angie_page":false},"product_brand":[27093],"product_cat":[16450,26832,26188,23646,26657,25842],"product_tag":[],"class_list":{"0":"post-242712","1":"product","2":"type-product","3":"status-publish","4":"has-post-thumbnail","6":"product_brand-ancient-wisdom","7":"product_cat-aromatherapie-et-parfums-d-ambiance","8":"product_cat-floral","9":"product_cat-geranium","10":"product_cat-huiles-essentielles","11":"product_cat-huiles-essentielles-ecologiques","12":"product_cat-senteurs-aromes","13":"pa_collection-bulk-organic-essential-oils-fr","14":"pa_made-in-egypte","15":"pa_size-500ml","17":"first","18":"outofstock","19":"purchasable","20":"product-type-simple"},"supplier_id":null,"supplier_sku":"OrgEOB-10","barcode":null,"atum_controlled":true,"out_stock_date":"2026-04-25 15:12:51","out_stock_threshold":null,"inheritable":false,"inbound_stock":0,"stock_on_hold":0,"sold_today":0,"sales_last_days":0,"reserved_stock":0,"customer_returns":0,"warehouse_damage":0,"lost_in_post":0,"other_logs":0,"out_stock_days":0,"lost_sales":0,"has_location":false,"update_date":"2026-04-27T07:17:04","atum_locations":[],"atum_stock_status":"outofstock","restock_status":false,"low_stock_amount":"","sales_update_date":"2025-09-05T00:17:35","calc_backorders":null,"_links":{"self":[{"href":"https:\/\/aromasentia.com\/fr\/wp-json\/wp\/v2\/product\/242712","targetHints":{"allow":["GET"]}}],"collection":[{"href":"https:\/\/aromasentia.com\/fr\/wp-json\/wp\/v2\/product"}],"about":[{"href":"https:\/\/aromasentia.com\/fr\/wp-json\/wp\/v2\/types\/product"}],"replies":[{"embeddable":true,"href":"https:\/\/aromasentia.com\/fr\/wp-json\/wp\/v2\/comments?post=242712"}],"version-history":[{"count":0,"href":"https:\/\/aromasentia.com\/fr\/wp-json\/wp\/v2\/product\/242712\/revisions"}],"wp:featuredmedia":[{"embeddable":true,"href":"https:\/\/aromasentia.com\/fr\/wp-json\/wp\/v2\/media\/267520"}],"wp:attachment":[{"href":"https:\/\/aromasentia.com\/fr\/wp-json\/wp\/v2\/media?parent=242712"}],"wp:term":[{"taxonomy":"product_brand","embeddable":true,"href":"https:\/\/aromasentia.com\/fr\/wp-json\/wp\/v2\/product_brand?post=242712"},{"taxonomy":"product_cat","embeddable":true,"href":"https:\/\/aromasentia.com\/fr\/wp-json\/wp\/v2\/product_cat?post=242712"},{"taxonomy":"product_tag","embeddable":true,"href":"https:\/\/aromasentia.com\/fr\/wp-json\/wp\/v2\/product_tag?post=242712"}],"curies":[{"name":"wp","href":"https:\/\/api.w.org\/{rel}","templated":true}]}}