{"id":242700,"date":"2025-03-20T15:13:59","date_gmt":"2025-03-20T15:13:59","guid":{"rendered":"https:\/\/aromasentia.com\/product\/cinnamon-stick-8-cm-cassia-vera-indonesia-1kg\/"},"modified":"2025-06-23T19:18:19","modified_gmt":"2025-06-23T19:18:19","slug":"baton-de-cannelle-8-cm-cassia-vera-indonesie-1kg","status":"publish","type":"product","link":"https:\/\/aromasentia.com\/fr\/baton-de-cannelle-8-cm-cassia-vera-indonesie-1kg\/","title":{"rendered":"B\u00e2ton de cannelle 8 cm (Cassia Vera, Indon\u00e9sie) 1Kg"},"content":{"rendered":"<p>Cr\u00e9ez des infusions savoureuses et des touches d\u00e9coratives avec ces b\u00e2tons de cannelle de 8 cm (Cassia Vera, Indon\u00e9sie) en paquet de 1 kg. Ces b\u00e2tons classiques de 8 cm de cannelle de Cassia sont parfaits pour \u00eatre incorpor\u00e9s dans des boissons chaudes, mijot\u00e9s dans des compotes ou des currys, ou utilis\u00e9s comme garnitures aromatiques. Ils d\u00e9gagent un parfum et une saveur merveilleusement chauds, sucr\u00e9s et \u00e9pic\u00e9s. Originaire d&rsquo;Indon\u00e9sie, cette vari\u00e9t\u00e9 de Cassia Vera offre un profil de cannelle robuste, id\u00e9al pour les utilisations culinaires et la cr\u00e9ation de belles d\u00e9corations parfum\u00e9es pour votre maison.<\/p>\n","protected":false},"excerpt":{"rendered":"<p>Cr\u00e9ez des infusions savoureuses et des touches d\u00e9coratives avec ces b\u00e2tons de cannelle de 8 cm (Cassia Vera, Indon\u00e9sie) en paquet de 1 kg. Ces b\u00e2tons classiques de 8 cm de cannelle de Cassia sont parfaits pour \u00eatre incorpor\u00e9s dans des boissons chaudes, mijot\u00e9s dans des compotes ou des currys, ou utilis\u00e9s comme garnitures aromatiques. [&hellip;]<\/p>\n","protected":false},"featured_media":267767,"comment_status":"closed","ping_status":"open","template":"","meta":{"_angie_page":false},"product_brand":[],"product_cat":[16450,26135,26888,25842],"product_tag":[],"class_list":{"0":"post-242700","1":"product","2":"type-product","3":"status-publish","4":"has-post-thumbnail","6":"product_cat-aromatherapie-et-parfums-d-ambiance","7":"product_cat-cannelle","8":"product_cat-epice","9":"product_cat-senteurs-aromes","10":"pa_collection-pure-floral-fr","11":"pa_made-in-indonesie","13":"first","14":"instock","15":"purchasable","16":"product-type-simple"},"supplier_id":null,"supplier_sku":"PF-26","barcode":null,"atum_controlled":true,"out_stock_date":null,"out_stock_threshold":null,"inheritable":false,"inbound_stock":null,"stock_on_hold":0,"sold_today":0,"sales_last_days":0,"reserved_stock":null,"customer_returns":null,"warehouse_damage":null,"lost_in_post":null,"other_logs":null,"out_stock_days":0,"lost_sales":0,"has_location":null,"update_date":"2026-04-29T06:53:35","atum_locations":[],"atum_stock_status":"instock","restock_status":false,"low_stock_amount":"","sales_update_date":"2025-09-05T00:17:46","calc_backorders":null,"_links":{"self":[{"href":"https:\/\/aromasentia.com\/fr\/wp-json\/wp\/v2\/product\/242700","targetHints":{"allow":["GET"]}}],"collection":[{"href":"https:\/\/aromasentia.com\/fr\/wp-json\/wp\/v2\/product"}],"about":[{"href":"https:\/\/aromasentia.com\/fr\/wp-json\/wp\/v2\/types\/product"}],"replies":[{"embeddable":true,"href":"https:\/\/aromasentia.com\/fr\/wp-json\/wp\/v2\/comments?post=242700"}],"version-history":[{"count":0,"href":"https:\/\/aromasentia.com\/fr\/wp-json\/wp\/v2\/product\/242700\/revisions"}],"wp:featuredmedia":[{"embeddable":true,"href":"https:\/\/aromasentia.com\/fr\/wp-json\/wp\/v2\/media\/267767"}],"wp:attachment":[{"href":"https:\/\/aromasentia.com\/fr\/wp-json\/wp\/v2\/media?parent=242700"}],"wp:term":[{"taxonomy":"product_brand","embeddable":true,"href":"https:\/\/aromasentia.com\/fr\/wp-json\/wp\/v2\/product_brand?post=242700"},{"taxonomy":"product_cat","embeddable":true,"href":"https:\/\/aromasentia.com\/fr\/wp-json\/wp\/v2\/product_cat?post=242700"},{"taxonomy":"product_tag","embeddable":true,"href":"https:\/\/aromasentia.com\/fr\/wp-json\/wp\/v2\/product_tag?post=242700"}],"curies":[{"name":"wp","href":"https:\/\/api.w.org\/{rel}","templated":true}]}}