{"id":242696,"date":"2025-03-20T15:13:59","date_gmt":"2025-03-20T15:13:59","guid":{"rendered":"https:\/\/aromasentia.com\/product\/cinnamon-cut-2-cm-cassia-vera-indonesia-1kg\/"},"modified":"2025-06-23T19:18:19","modified_gmt":"2025-06-23T19:18:19","slug":"cannelle-coupee-2-cm-cassia-vera-indonesie-1kg","status":"publish","type":"product","link":"https:\/\/aromasentia.com\/fr\/cannelle-coupee-2-cm-cassia-vera-indonesie-1kg\/","title":{"rendered":"Cannelle coup\u00e9e 2 cm (Cassia Vera, Indon\u00e9sie) 1Kg"},"content":{"rendered":"<p>Infusez vos plats d&rsquo;une chaleur authentique en utilisant la cannelle coup\u00e9e de 2 cm (Cassia Vera, Indon\u00e9sie) dans ce paquet de 1 kg. Ces morceaux de cannelle de Cassia pratiques et pr\u00e9d\u00e9coup\u00e9s offrent une saveur forte, sucr\u00e9e et \u00e9pic\u00e9e, parfaite pour les rago\u00fbts, les currys, les plats de riz et pour mijoter dans des boissons telles que le vin chaud ou le cidre \u00e9pic\u00e9. Originaire d&rsquo;Indon\u00e9sie, cette vari\u00e9t\u00e9 de Cassia Vera offre une exp\u00e9rience robuste et famili\u00e8re de la cannelle, id\u00e9ale pour les applications sucr\u00e9es et sal\u00e9es o\u00f9 l&rsquo;on recherche une \u00e9pice audacieuse et aromatique.<\/p>\n","protected":false},"excerpt":{"rendered":"<p>Infusez vos plats d&rsquo;une chaleur authentique en utilisant la cannelle coup\u00e9e de 2 cm (Cassia Vera, Indon\u00e9sie) dans ce paquet de 1 kg. Ces morceaux de cannelle de Cassia pratiques et pr\u00e9d\u00e9coup\u00e9s offrent une saveur forte, sucr\u00e9e et \u00e9pic\u00e9e, parfaite pour les rago\u00fbts, les currys, les plats de riz et pour mijoter dans des boissons [&hellip;]<\/p>\n","protected":false},"featured_media":267758,"comment_status":"closed","ping_status":"open","template":"","meta":{"_angie_page":false},"product_brand":[],"product_cat":[16450,26135,26888,25842],"product_tag":[],"class_list":{"0":"post-242696","1":"product","2":"type-product","3":"status-publish","4":"has-post-thumbnail","6":"product_cat-aromatherapie-et-parfums-d-ambiance","7":"product_cat-cannelle","8":"product_cat-epice","9":"product_cat-senteurs-aromes","10":"pa_collection-pure-floral-fr","11":"pa_made-in-indonesie","13":"first","14":"instock","15":"purchasable","16":"product-type-simple"},"supplier_id":null,"supplier_sku":"PF-25","barcode":null,"atum_controlled":true,"out_stock_date":null,"out_stock_threshold":null,"inheritable":false,"inbound_stock":null,"stock_on_hold":0,"sold_today":0,"sales_last_days":0,"reserved_stock":null,"customer_returns":null,"warehouse_damage":null,"lost_in_post":null,"other_logs":null,"out_stock_days":0,"lost_sales":0,"has_location":null,"update_date":"2026-04-27T07:17:58","atum_locations":[],"atum_stock_status":"instock","restock_status":false,"low_stock_amount":"","sales_update_date":"2026-02-06T00:00:50","calc_backorders":null,"_links":{"self":[{"href":"https:\/\/aromasentia.com\/fr\/wp-json\/wp\/v2\/product\/242696","targetHints":{"allow":["GET"]}}],"collection":[{"href":"https:\/\/aromasentia.com\/fr\/wp-json\/wp\/v2\/product"}],"about":[{"href":"https:\/\/aromasentia.com\/fr\/wp-json\/wp\/v2\/types\/product"}],"replies":[{"embeddable":true,"href":"https:\/\/aromasentia.com\/fr\/wp-json\/wp\/v2\/comments?post=242696"}],"version-history":[{"count":0,"href":"https:\/\/aromasentia.com\/fr\/wp-json\/wp\/v2\/product\/242696\/revisions"}],"wp:featuredmedia":[{"embeddable":true,"href":"https:\/\/aromasentia.com\/fr\/wp-json\/wp\/v2\/media\/267758"}],"wp:attachment":[{"href":"https:\/\/aromasentia.com\/fr\/wp-json\/wp\/v2\/media?parent=242696"}],"wp:term":[{"taxonomy":"product_brand","embeddable":true,"href":"https:\/\/aromasentia.com\/fr\/wp-json\/wp\/v2\/product_brand?post=242696"},{"taxonomy":"product_cat","embeddable":true,"href":"https:\/\/aromasentia.com\/fr\/wp-json\/wp\/v2\/product_cat?post=242696"},{"taxonomy":"product_tag","embeddable":true,"href":"https:\/\/aromasentia.com\/fr\/wp-json\/wp\/v2\/product_tag?post=242696"}],"curies":[{"name":"wp","href":"https:\/\/api.w.org\/{rel}","templated":true}]}}