{"id":242688,"date":"2025-03-20T15:13:59","date_gmt":"2025-03-20T15:13:59","guid":{"rendered":"https:\/\/aromasentia.com\/product\/anise-grain-1kg\/"},"modified":"2025-06-23T19:18:17","modified_gmt":"2025-06-23T19:18:17","slug":"anis-grain-1kg","status":"publish","type":"product","link":"https:\/\/aromasentia.com\/fr\/anis-grain-1kg\/","title":{"rendered":"Anis (grain) 1Kg"},"content":{"rendered":"<p>Savourez la douce saveur de r\u00e9glisse de l&rsquo;anis (grain), \u00e9galement connu sous le nom de graines d&rsquo;anis, dans ce paquet de 1 kg. Ces petites graines aromatiques sont appr\u00e9ci\u00e9es pour leur go\u00fbt particulier et sont largement utilis\u00e9es dans la p\u00e2tisserie, la confiserie, les liqueurs (comme l&rsquo;ouzo et l&rsquo;absinthe) et les plats sal\u00e9s. L&rsquo;anis est aussi traditionnellement utilis\u00e9 pour favoriser la digestion, rafra\u00eechir l&rsquo;haleine et calmer la toux. Cette quantit\u00e9 g\u00e9n\u00e9reuse est parfaite pour ceux qui aiment sa saveur unique dans leurs cr\u00e9ations culinaires ou qui appr\u00e9cient ses propri\u00e9t\u00e9s carminatives et expectorantes traditionnelles.<\/p>\n","protected":false},"excerpt":{"rendered":"<p>Savourez la douce saveur de r\u00e9glisse de l&rsquo;anis (grain), \u00e9galement connu sous le nom de graines d&rsquo;anis, dans ce paquet de 1 kg. Ces petites graines aromatiques sont appr\u00e9ci\u00e9es pour leur go\u00fbt particulier et sont largement utilis\u00e9es dans la p\u00e2tisserie, la confiserie, les liqueurs (comme l&rsquo;ouzo et l&rsquo;absinthe) et les plats sal\u00e9s. L&rsquo;anis est aussi [&hellip;]<\/p>\n","protected":false},"featured_media":267740,"comment_status":"closed","ping_status":"open","template":"","meta":{"_angie_page":false},"product_brand":[],"product_cat":[16450],"product_tag":[],"class_list":{"0":"post-242688","1":"product","2":"type-product","3":"status-publish","4":"has-post-thumbnail","6":"product_cat-aromatherapie-et-parfums-d-ambiance","7":"pa_collection-pure-floral-fr","8":"pa_made-in-espagne","10":"first","11":"instock","12":"purchasable","13":"product-type-simple"},"supplier_id":null,"supplier_sku":"PF-22","barcode":null,"atum_controlled":true,"out_stock_date":null,"out_stock_threshold":null,"inheritable":false,"inbound_stock":null,"stock_on_hold":0,"sold_today":0,"sales_last_days":0,"reserved_stock":null,"customer_returns":null,"warehouse_damage":null,"lost_in_post":null,"other_logs":null,"out_stock_days":87,"lost_sales":0,"has_location":null,"update_date":"2026-04-27T07:17:58","atum_locations":[],"atum_stock_status":"instock","restock_status":false,"low_stock_amount":"","sales_update_date":"2026-02-06T00:01:04","calc_backorders":null,"_links":{"self":[{"href":"https:\/\/aromasentia.com\/fr\/wp-json\/wp\/v2\/product\/242688","targetHints":{"allow":["GET"]}}],"collection":[{"href":"https:\/\/aromasentia.com\/fr\/wp-json\/wp\/v2\/product"}],"about":[{"href":"https:\/\/aromasentia.com\/fr\/wp-json\/wp\/v2\/types\/product"}],"replies":[{"embeddable":true,"href":"https:\/\/aromasentia.com\/fr\/wp-json\/wp\/v2\/comments?post=242688"}],"version-history":[{"count":0,"href":"https:\/\/aromasentia.com\/fr\/wp-json\/wp\/v2\/product\/242688\/revisions"}],"wp:featuredmedia":[{"embeddable":true,"href":"https:\/\/aromasentia.com\/fr\/wp-json\/wp\/v2\/media\/267740"}],"wp:attachment":[{"href":"https:\/\/aromasentia.com\/fr\/wp-json\/wp\/v2\/media?parent=242688"}],"wp:term":[{"taxonomy":"product_brand","embeddable":true,"href":"https:\/\/aromasentia.com\/fr\/wp-json\/wp\/v2\/product_brand?post=242688"},{"taxonomy":"product_cat","embeddable":true,"href":"https:\/\/aromasentia.com\/fr\/wp-json\/wp\/v2\/product_cat?post=242688"},{"taxonomy":"product_tag","embeddable":true,"href":"https:\/\/aromasentia.com\/fr\/wp-json\/wp\/v2\/product_tag?post=242688"}],"curies":[{"name":"wp","href":"https:\/\/api.w.org\/{rel}","templated":true}]}}