{"id":242680,"date":"2025-03-20T15:13:59","date_gmt":"2025-03-20T15:13:59","guid":{"rendered":"https:\/\/aromasentia.com\/product\/basil-cut-leaf-1kg\/"},"modified":"2025-06-23T19:18:14","modified_gmt":"2025-06-23T19:18:14","slug":"basilic-feuille-coupee-1kg","status":"publish","type":"product","link":"https:\/\/aromasentia.com\/fr\/basilic-feuille-coupee-1kg\/","title":{"rendered":"Basilic (feuille coup\u00e9e) 1Kg"},"content":{"rendered":"<p>Infusez vos plats et vos routines de bien-\u00eatre avec le charme aromatique du basilic (feuille coup\u00e9e) dans cette offre de 1 kg. Avec ses notes douces, l\u00e9g\u00e8rement poivr\u00e9es et anis\u00e9es, le basilic s\u00e9ch\u00e9 est un aliment de base de la cuisine, parfait pour les sauces italiennes, le pesto, les soupes et les salades. Traditionnellement, le th\u00e9 au basilic est \u00e9galement appr\u00e9ci\u00e9 pour ses propri\u00e9t\u00e9s calmantes et sa capacit\u00e9 \u00e0 faciliter la digestion. Ce paquet g\u00e9n\u00e9reux vous permet d&rsquo;avoir sous la main une grande quantit\u00e9 de cette herbe polyvalente pour une cuisine savoureuse et des pr\u00e9parations \u00e0 base de plantes apaisantes.<\/p>\n","protected":false},"excerpt":{"rendered":"<p>Infusez vos plats et vos routines de bien-\u00eatre avec le charme aromatique du basilic (feuille coup\u00e9e) dans cette offre de 1 kg. Avec ses notes douces, l\u00e9g\u00e8rement poivr\u00e9es et anis\u00e9es, le basilic s\u00e9ch\u00e9 est un aliment de base de la cuisine, parfait pour les sauces italiennes, le pesto, les soupes et les salades. Traditionnellement, le [&hellip;]<\/p>\n","protected":false},"featured_media":267722,"comment_status":"closed","ping_status":"open","template":"","meta":[],"product_brand":[],"product_cat":[16450,26091,26860,25842],"product_tag":[],"class_list":{"0":"post-242680","1":"product","2":"type-product","3":"status-publish","4":"has-post-thumbnail","6":"product_cat-aromatherapie-et-parfums-d-ambiance","7":"product_cat-basilic","8":"product_cat-herbes-aromatiques","9":"product_cat-senteurs-aromes","10":"pa_collection-pure-floral-fr","11":"pa_made-in-egypte","13":"first","14":"instock","15":"purchasable","16":"product-type-simple"},"supplier_id":null,"supplier_sku":"PF-20","barcode":null,"atum_controlled":true,"out_stock_date":null,"out_stock_threshold":null,"inheritable":false,"inbound_stock":0,"stock_on_hold":0,"sold_today":0,"sales_last_days":0,"reserved_stock":0,"customer_returns":0,"warehouse_damage":0,"lost_in_post":0,"other_logs":0,"out_stock_days":0,"lost_sales":0,"has_location":false,"update_date":"2026-01-30T01:25:32","atum_locations":[],"atum_stock_status":"instock","restock_status":false,"low_stock_amount":"","sales_update_date":"2026-01-30T01:25:32","calc_backorders":null,"_links":{"self":[{"href":"https:\/\/aromasentia.com\/fr\/wp-json\/wp\/v2\/product\/242680","targetHints":{"allow":["GET"]}}],"collection":[{"href":"https:\/\/aromasentia.com\/fr\/wp-json\/wp\/v2\/product"}],"about":[{"href":"https:\/\/aromasentia.com\/fr\/wp-json\/wp\/v2\/types\/product"}],"replies":[{"embeddable":true,"href":"https:\/\/aromasentia.com\/fr\/wp-json\/wp\/v2\/comments?post=242680"}],"version-history":[{"count":0,"href":"https:\/\/aromasentia.com\/fr\/wp-json\/wp\/v2\/product\/242680\/revisions"}],"wp:featuredmedia":[{"embeddable":true,"href":"https:\/\/aromasentia.com\/fr\/wp-json\/wp\/v2\/media\/267722"}],"wp:attachment":[{"href":"https:\/\/aromasentia.com\/fr\/wp-json\/wp\/v2\/media?parent=242680"}],"wp:term":[{"taxonomy":"product_brand","embeddable":true,"href":"https:\/\/aromasentia.com\/fr\/wp-json\/wp\/v2\/product_brand?post=242680"},{"taxonomy":"product_cat","embeddable":true,"href":"https:\/\/aromasentia.com\/fr\/wp-json\/wp\/v2\/product_cat?post=242680"},{"taxonomy":"product_tag","embeddable":true,"href":"https:\/\/aromasentia.com\/fr\/wp-json\/wp\/v2\/product_tag?post=242680"}],"curies":[{"name":"wp","href":"https:\/\/api.w.org\/{rel}","templated":true}]}}