{"id":242648,"date":"2025-03-20T15:14:06","date_gmt":"2025-03-20T15:14:06","guid":{"rendered":"https:\/\/aromasentia.com\/product\/fennel-grain-1kg\/"},"modified":"2025-06-23T19:18:11","modified_gmt":"2025-06-23T19:18:11","slug":"fennel-grain-1kg","status":"publish","type":"product","link":"https:\/\/aromasentia.com\/fr\/fennel-grain-1kg\/","title":{"rendered":"Fennel (grain) 1Kg"},"content":{"rendered":"<p>Soutenez votre sant\u00e9 digestive avec le fenouil (en grains) dans ce paquet de 1 kg. Ces graines aromatiques offrent une saveur douce, chaude et anis\u00e9e et sont traditionnellement utilis\u00e9es depuis des si\u00e8cles pour faciliter la digestion, soulager les ballonnements et rafra\u00eechir l&rsquo;haleine. Le th\u00e9 de fenouil est un carminatif populaire, et les graines sont \u00e9galement largement utilis\u00e9es en cuisine, en particulier dans les cuisines indienne et m\u00e9diterran\u00e9enne, ainsi que dans les m\u00e9langes d&rsquo;\u00e9pices comme le cinq-\u00e9pices chinois. Cet approvisionnement en vrac est parfait pour les applications culinaires et \u00e0 base de plantes.<\/p>\n","protected":false},"excerpt":{"rendered":"<p>Soutenez votre sant\u00e9 digestive avec le fenouil (en grains) dans ce paquet de 1 kg. Ces graines aromatiques offrent une saveur douce, chaude et anis\u00e9e et sont traditionnellement utilis\u00e9es depuis des si\u00e8cles pour faciliter la digestion, soulager les ballonnements et rafra\u00eechir l&rsquo;haleine. Le th\u00e9 de fenouil est un carminatif populaire, et les graines sont \u00e9galement [&hellip;]<\/p>\n","protected":false},"featured_media":267884,"comment_status":"closed","ping_status":"open","template":"","meta":{"_angie_page":false},"product_brand":[],"product_cat":[16450,26185,26860,25842],"product_tag":[],"class_list":{"0":"post-242648","1":"product","2":"type-product","3":"status-publish","4":"has-post-thumbnail","6":"product_cat-aromatherapie-et-parfums-d-ambiance","7":"product_cat-fenouil","8":"product_cat-herbes-aromatiques","9":"product_cat-senteurs-aromes","10":"pa_collection-pure-floral-fr","11":"pa_made-in-egypte","13":"first","14":"instock","15":"purchasable","16":"product-type-simple"},"supplier_id":null,"supplier_sku":"PF-39","barcode":null,"atum_controlled":true,"out_stock_date":null,"out_stock_threshold":null,"inheritable":false,"inbound_stock":null,"stock_on_hold":0,"sold_today":0,"sales_last_days":0,"reserved_stock":null,"customer_returns":null,"warehouse_damage":null,"lost_in_post":null,"other_logs":null,"out_stock_days":0,"lost_sales":0,"has_location":null,"update_date":"2026-04-27T07:18:04","atum_locations":[],"atum_stock_status":"instock","restock_status":false,"low_stock_amount":"","sales_update_date":"2026-02-06T00:01:18","calc_backorders":null,"_links":{"self":[{"href":"https:\/\/aromasentia.com\/fr\/wp-json\/wp\/v2\/product\/242648","targetHints":{"allow":["GET"]}}],"collection":[{"href":"https:\/\/aromasentia.com\/fr\/wp-json\/wp\/v2\/product"}],"about":[{"href":"https:\/\/aromasentia.com\/fr\/wp-json\/wp\/v2\/types\/product"}],"replies":[{"embeddable":true,"href":"https:\/\/aromasentia.com\/fr\/wp-json\/wp\/v2\/comments?post=242648"}],"version-history":[{"count":0,"href":"https:\/\/aromasentia.com\/fr\/wp-json\/wp\/v2\/product\/242648\/revisions"}],"wp:featuredmedia":[{"embeddable":true,"href":"https:\/\/aromasentia.com\/fr\/wp-json\/wp\/v2\/media\/267884"}],"wp:attachment":[{"href":"https:\/\/aromasentia.com\/fr\/wp-json\/wp\/v2\/media?parent=242648"}],"wp:term":[{"taxonomy":"product_brand","embeddable":true,"href":"https:\/\/aromasentia.com\/fr\/wp-json\/wp\/v2\/product_brand?post=242648"},{"taxonomy":"product_cat","embeddable":true,"href":"https:\/\/aromasentia.com\/fr\/wp-json\/wp\/v2\/product_cat?post=242648"},{"taxonomy":"product_tag","embeddable":true,"href":"https:\/\/aromasentia.com\/fr\/wp-json\/wp\/v2\/product_tag?post=242648"}],"curies":[{"name":"wp","href":"https:\/\/api.w.org\/{rel}","templated":true}]}}