{"id":242624,"date":"2025-03-20T15:14:06","date_gmt":"2025-03-20T15:14:06","guid":{"rendered":"https:\/\/aromasentia.com\/product\/rosehip-cut-rosehip-1kg\/"},"modified":"2025-06-23T19:18:06","modified_gmt":"2025-06-23T19:18:06","slug":"cynorrhodon-coupe-rose-musquee-1kg","status":"publish","type":"product","link":"https:\/\/aromasentia.com\/fr\/cynorrhodon-coupe-rose-musquee-1kg\/","title":{"rendered":"Cynorrhodon (coup\u00e9) (Rose Musqu\u00e9e) 1Kg"},"content":{"rendered":"<p>Boostez votre bien-\u00eatre avec les bienfaits naturels du cynorrhodon (coup\u00e9) dans ce paquet de 1 kg. Ces morceaux s\u00e9ch\u00e9s et coup\u00e9s du fruit de la plante rose sont r\u00e9put\u00e9s pour leur teneur exceptionnellement \u00e9lev\u00e9e en vitamine C, ainsi qu&rsquo;en d&rsquo;autres antioxydants et vitamines. Le th\u00e9 d&rsquo;\u00e9glantier, \u00e0 la saveur fruit\u00e9e et piquante, est un choix populaire pour soutenir le syst\u00e8me immunitaire, promouvoir la sant\u00e9 de la peau et comme tonique g\u00e9n\u00e9ral. Cet approvisionnement g\u00e9n\u00e9reux permet de r\u00e9aliser de nombreuses infusions et pr\u00e9parations \u00e0 base de plantes.<\/p>\n","protected":false},"excerpt":{"rendered":"<p>Boostez votre bien-\u00eatre avec les bienfaits naturels du cynorrhodon (coup\u00e9) dans ce paquet de 1 kg. Ces morceaux s\u00e9ch\u00e9s et coup\u00e9s du fruit de la plante rose sont r\u00e9put\u00e9s pour leur teneur exceptionnellement \u00e9lev\u00e9e en vitamine C, ainsi qu&rsquo;en d&rsquo;autres antioxydants et vitamines. Le th\u00e9 d&rsquo;\u00e9glantier, \u00e0 la saveur fruit\u00e9e et piquante, est un choix [&hellip;]<\/p>\n","protected":false},"featured_media":267830,"comment_status":"closed","ping_status":"open","template":"","meta":{"_angie_page":false},"product_brand":[],"product_cat":[16450,26483,25842,26825],"product_tag":[],"class_list":{"0":"post-242624","1":"product","2":"type-product","3":"status-publish","4":"has-post-thumbnail","6":"product_cat-aromatherapie-et-parfums-d-ambiance","7":"product_cat-cynorrhodon","8":"product_cat-senteurs-aromes","9":"product_cat-terreux-vert","10":"pa_collection-pure-floral-fr","11":"pa_made-in-espagne","13":"first","14":"instock","15":"purchasable","16":"product-type-simple"},"supplier_id":null,"supplier_sku":"PF-33","barcode":null,"atum_controlled":true,"out_stock_date":null,"out_stock_threshold":null,"inheritable":false,"inbound_stock":null,"stock_on_hold":0,"sold_today":0,"sales_last_days":0,"reserved_stock":null,"customer_returns":null,"warehouse_damage":null,"lost_in_post":null,"other_logs":null,"out_stock_days":0,"lost_sales":0,"has_location":false,"update_date":"2026-04-27T07:18:04","atum_locations":[],"atum_stock_status":"instock","restock_status":false,"low_stock_amount":"","sales_update_date":"2026-01-30T01:24:55","calc_backorders":null,"_links":{"self":[{"href":"https:\/\/aromasentia.com\/fr\/wp-json\/wp\/v2\/product\/242624","targetHints":{"allow":["GET"]}}],"collection":[{"href":"https:\/\/aromasentia.com\/fr\/wp-json\/wp\/v2\/product"}],"about":[{"href":"https:\/\/aromasentia.com\/fr\/wp-json\/wp\/v2\/types\/product"}],"replies":[{"embeddable":true,"href":"https:\/\/aromasentia.com\/fr\/wp-json\/wp\/v2\/comments?post=242624"}],"version-history":[{"count":0,"href":"https:\/\/aromasentia.com\/fr\/wp-json\/wp\/v2\/product\/242624\/revisions"}],"wp:featuredmedia":[{"embeddable":true,"href":"https:\/\/aromasentia.com\/fr\/wp-json\/wp\/v2\/media\/267830"}],"wp:attachment":[{"href":"https:\/\/aromasentia.com\/fr\/wp-json\/wp\/v2\/media?parent=242624"}],"wp:term":[{"taxonomy":"product_brand","embeddable":true,"href":"https:\/\/aromasentia.com\/fr\/wp-json\/wp\/v2\/product_brand?post=242624"},{"taxonomy":"product_cat","embeddable":true,"href":"https:\/\/aromasentia.com\/fr\/wp-json\/wp\/v2\/product_cat?post=242624"},{"taxonomy":"product_tag","embeddable":true,"href":"https:\/\/aromasentia.com\/fr\/wp-json\/wp\/v2\/product_tag?post=242624"}],"curies":[{"name":"wp","href":"https:\/\/api.w.org\/{rel}","templated":true}]}}