{"id":242608,"date":"2025-03-20T15:14:06","date_gmt":"2025-03-20T15:14:06","guid":{"rendered":"https:\/\/aromasentia.com\/product\/green-cardamom-grains-1kg\/"},"modified":"2025-06-23T19:18:04","modified_gmt":"2025-06-23T19:18:04","slug":"cardamome-verte-grains-1kg","status":"publish","type":"product","link":"https:\/\/aromasentia.com\/fr\/cardamome-verte-grains-1kg\/","title":{"rendered":"Cardamome verte (grains) 1Kg"},"content":{"rendered":"<p>Ajoutez une touche exotique et aromatique \u00e0 votre cuisine avec la cardamome verte (en grains) dans ce paquet de 1 kg. Ces grains entiers (gousses contenant les graines) offrent une saveur intens\u00e9ment parfum\u00e9e, sucr\u00e9e, \u00e9pic\u00e9e et l\u00e9g\u00e8rement citronn\u00e9e, semblable \u00e0 celle de l&rsquo;eucalyptus. \u00c9pice tr\u00e8s pris\u00e9e dans la cuisine indienne, moyen-orientale et scandinave, la cardamome rel\u00e8ve les plats sucr\u00e9s et sal\u00e9s, du curry au riz pilaf en passant par les p\u00e2tisseries et les th\u00e9s \u00e9pic\u00e9s. Cette offre en vrac garantit un approvisionnement abondant de cette \u00ab\u00a0Reine des \u00e9pices\u00a0\u00bb exquise et polyvalente.<\/p>\n","protected":false},"excerpt":{"rendered":"<p>Ajoutez une touche exotique et aromatique \u00e0 votre cuisine avec la cardamome verte (en grains) dans ce paquet de 1 kg. Ces grains entiers (gousses contenant les graines) offrent une saveur intens\u00e9ment parfum\u00e9e, sucr\u00e9e, \u00e9pic\u00e9e et l\u00e9g\u00e8rement citronn\u00e9e, semblable \u00e0 celle de l&rsquo;eucalyptus. \u00c9pice tr\u00e8s pris\u00e9e dans la cuisine indienne, moyen-orientale et scandinave, la cardamome [&hellip;]<\/p>\n","protected":false},"featured_media":267794,"comment_status":"closed","ping_status":"open","template":"","meta":{"_angie_page":false},"product_brand":[],"product_cat":[16450],"product_tag":[],"class_list":{"0":"post-242608","1":"product","2":"type-product","3":"status-publish","4":"has-post-thumbnail","6":"product_cat-aromatherapie-et-parfums-d-ambiance","7":"pa_collection-pure-floral-fr","8":"pa_made-in-guatemala","10":"first","11":"instock","12":"purchasable","13":"product-type-simple"},"supplier_id":null,"supplier_sku":"PF-29","barcode":null,"atum_controlled":true,"out_stock_date":null,"out_stock_threshold":null,"inheritable":false,"inbound_stock":0,"stock_on_hold":0,"sold_today":0,"sales_last_days":0,"reserved_stock":0,"customer_returns":0,"warehouse_damage":0,"lost_in_post":0,"other_logs":0,"out_stock_days":0,"lost_sales":0,"has_location":false,"update_date":"2026-05-08T05:16:50","atum_locations":[],"atum_stock_status":"instock","restock_status":false,"low_stock_amount":"","sales_update_date":"2026-01-30T01:25:48","calc_backorders":null,"_links":{"self":[{"href":"https:\/\/aromasentia.com\/fr\/wp-json\/wp\/v2\/product\/242608","targetHints":{"allow":["GET"]}}],"collection":[{"href":"https:\/\/aromasentia.com\/fr\/wp-json\/wp\/v2\/product"}],"about":[{"href":"https:\/\/aromasentia.com\/fr\/wp-json\/wp\/v2\/types\/product"}],"replies":[{"embeddable":true,"href":"https:\/\/aromasentia.com\/fr\/wp-json\/wp\/v2\/comments?post=242608"}],"version-history":[{"count":0,"href":"https:\/\/aromasentia.com\/fr\/wp-json\/wp\/v2\/product\/242608\/revisions"}],"wp:featuredmedia":[{"embeddable":true,"href":"https:\/\/aromasentia.com\/fr\/wp-json\/wp\/v2\/media\/267794"}],"wp:attachment":[{"href":"https:\/\/aromasentia.com\/fr\/wp-json\/wp\/v2\/media?parent=242608"}],"wp:term":[{"taxonomy":"product_brand","embeddable":true,"href":"https:\/\/aromasentia.com\/fr\/wp-json\/wp\/v2\/product_brand?post=242608"},{"taxonomy":"product_cat","embeddable":true,"href":"https:\/\/aromasentia.com\/fr\/wp-json\/wp\/v2\/product_cat?post=242608"},{"taxonomy":"product_tag","embeddable":true,"href":"https:\/\/aromasentia.com\/fr\/wp-json\/wp\/v2\/product_tag?post=242608"}],"curies":[{"name":"wp","href":"https:\/\/api.w.org\/{rel}","templated":true}]}}