{"id":242592,"date":"2025-03-20T15:14:15","date_gmt":"2025-03-20T15:14:15","guid":{"rendered":"https:\/\/aromasentia.com\/product\/saflower-petals-1kg\/"},"modified":"2025-06-23T19:18:00","modified_gmt":"2025-06-23T19:18:00","slug":"carthame-petales-1kg","status":"publish","type":"product","link":"https:\/\/aromasentia.com\/fr\/carthame-petales-1kg\/","title":{"rendered":"Carthame (p\u00e9tales) 1Kg"},"content":{"rendered":"<p>Ajoutez une touche de couleur vibrante et de saveur subtile avec le carthame (p\u00e9tales) dans ce paquet de 1 kg. Ces magnifiques p\u00e9tales jaune orang\u00e9, souvent appel\u00e9s \u00ab\u00a0safran du pauvre\u00a0\u00bb, conf\u00e8rent une saveur d\u00e9licate, l\u00e9g\u00e8rement sucr\u00e9e et terreuse, ainsi qu&rsquo;une jolie teinte dor\u00e9e aux plats, en particulier au riz. Ils sont \u00e9galement utilis\u00e9s pour pr\u00e9parer une tisane douce et sont un colorant naturel populaire pour les cosm\u00e9tiques et l&rsquo;artisanat. Cette offre en vrac fournit une grande quantit\u00e9 de ces p\u00e9tales remarquables pour un usage culinaire, d\u00e9coratif ou artistique.<\/p>\n","protected":false},"excerpt":{"rendered":"<p>Ajoutez une touche de couleur vibrante et de saveur subtile avec le carthame (p\u00e9tales) dans ce paquet de 1 kg. Ces magnifiques p\u00e9tales jaune orang\u00e9, souvent appel\u00e9s \u00ab\u00a0safran du pauvre\u00a0\u00bb, conf\u00e8rent une saveur d\u00e9licate, l\u00e9g\u00e8rement sucr\u00e9e et terreuse, ainsi qu&rsquo;une jolie teinte dor\u00e9e aux plats, en particulier au riz. Ils sont \u00e9galement utilis\u00e9s pour pr\u00e9parer [&hellip;]<\/p>\n","protected":false},"featured_media":267992,"comment_status":"closed","ping_status":"open","template":"","meta":{"_angie_page":false},"product_brand":[],"product_cat":[16450],"product_tag":[],"class_list":{"0":"post-242592","1":"product","2":"type-product","3":"status-publish","4":"has-post-thumbnail","6":"product_cat-aromatherapie-et-parfums-d-ambiance","7":"pa_collection-pure-floral-fr","8":"pa_made-in-iran","10":"first","11":"instock","12":"purchasable","13":"product-type-simple"},"supplier_id":null,"supplier_sku":"PF-53","barcode":null,"atum_controlled":true,"out_stock_date":null,"out_stock_threshold":null,"inheritable":false,"inbound_stock":null,"stock_on_hold":0,"sold_today":0,"sales_last_days":0,"reserved_stock":null,"customer_returns":null,"warehouse_damage":null,"lost_in_post":null,"other_logs":null,"out_stock_days":0,"lost_sales":0,"has_location":null,"update_date":"2026-04-27T07:18:04","atum_locations":[],"atum_stock_status":"instock","restock_status":false,"low_stock_amount":"","sales_update_date":"2025-09-05T00:17:55","calc_backorders":null,"_links":{"self":[{"href":"https:\/\/aromasentia.com\/fr\/wp-json\/wp\/v2\/product\/242592","targetHints":{"allow":["GET"]}}],"collection":[{"href":"https:\/\/aromasentia.com\/fr\/wp-json\/wp\/v2\/product"}],"about":[{"href":"https:\/\/aromasentia.com\/fr\/wp-json\/wp\/v2\/types\/product"}],"replies":[{"embeddable":true,"href":"https:\/\/aromasentia.com\/fr\/wp-json\/wp\/v2\/comments?post=242592"}],"version-history":[{"count":0,"href":"https:\/\/aromasentia.com\/fr\/wp-json\/wp\/v2\/product\/242592\/revisions"}],"wp:featuredmedia":[{"embeddable":true,"href":"https:\/\/aromasentia.com\/fr\/wp-json\/wp\/v2\/media\/267992"}],"wp:attachment":[{"href":"https:\/\/aromasentia.com\/fr\/wp-json\/wp\/v2\/media?parent=242592"}],"wp:term":[{"taxonomy":"product_brand","embeddable":true,"href":"https:\/\/aromasentia.com\/fr\/wp-json\/wp\/v2\/product_brand?post=242592"},{"taxonomy":"product_cat","embeddable":true,"href":"https:\/\/aromasentia.com\/fr\/wp-json\/wp\/v2\/product_cat?post=242592"},{"taxonomy":"product_tag","embeddable":true,"href":"https:\/\/aromasentia.com\/fr\/wp-json\/wp\/v2\/product_tag?post=242592"}],"curies":[{"name":"wp","href":"https:\/\/api.w.org\/{rel}","templated":true}]}}