{"id":242556,"date":"2025-03-20T15:14:15","date_gmt":"2025-03-20T15:14:15","guid":{"rendered":"https:\/\/aromasentia.com\/product\/lemongrass-cut-1kg\/"},"modified":"2025-06-23T19:17:53","modified_gmt":"2025-06-23T19:17:53","slug":"citronnelle-coupee-1kg","status":"publish","type":"product","link":"https:\/\/aromasentia.com\/fr\/citronnelle-coupee-1kg\/","title":{"rendered":"Citronnelle (coup\u00e9e) 1Kg"},"content":{"rendered":"<p>Revigorez vos sens avec la citronnelle (coup\u00e9e) dans ce paquet de 1 kg. Cette herbe tropicale parfum\u00e9e offre un ar\u00f4me et une saveur puissants, frais, citronn\u00e9s et l\u00e9g\u00e8rement semblables \u00e0 ceux du gingembre. Largement utilis\u00e9e dans la cuisine de l&rsquo;Asie du Sud-Est, la citronnelle ajoute une note piquante aux currys, aux soupes et aux marinades. En th\u00e9, elle est stimulante et peut faciliter la digestion. Cette forme coup\u00e9e est pratique pour les infusions et la cuisine, apportant un \u00e9clat de rafra\u00eechissement citronn\u00e9 et une touche exotique \u00e0 vos cr\u00e9ations culinaires et aromatiques.<\/p>\n","protected":false},"excerpt":{"rendered":"<p>Revigorez vos sens avec la citronnelle (coup\u00e9e) dans ce paquet de 1 kg. Cette herbe tropicale parfum\u00e9e offre un ar\u00f4me et une saveur puissants, frais, citronn\u00e9s et l\u00e9g\u00e8rement semblables \u00e0 ceux du gingembre. Largement utilis\u00e9e dans la cuisine de l&rsquo;Asie du Sud-Est, la citronnelle ajoute une note piquante aux currys, aux soupes et aux marinades. [&hellip;]<\/p>\n","protected":false},"featured_media":267911,"comment_status":"closed","ping_status":"open","template":"","meta":{"_angie_page":false},"product_brand":[],"product_cat":[16450,26818,26252,25842],"product_tag":[],"class_list":{"0":"post-242556","1":"product","2":"type-product","3":"status-publish","4":"has-post-thumbnail","6":"product_cat-aromatherapie-et-parfums-d-ambiance","7":"product_cat-hesperide-agrumes","8":"product_cat-lemongrass-citronnelle","9":"product_cat-senteurs-aromes","10":"pa_collection-pure-floral-fr","11":"pa_made-in-egypte","13":"first","14":"instock","15":"purchasable","16":"product-type-simple"},"supplier_id":null,"supplier_sku":"PF-43","barcode":null,"atum_controlled":true,"out_stock_date":null,"out_stock_threshold":null,"inheritable":false,"inbound_stock":null,"stock_on_hold":0,"sold_today":0,"sales_last_days":0,"reserved_stock":null,"customer_returns":null,"warehouse_damage":null,"lost_in_post":null,"other_logs":null,"out_stock_days":0,"lost_sales":0,"has_location":null,"update_date":"2026-04-27T07:18:04","atum_locations":[],"atum_stock_status":"instock","restock_status":false,"low_stock_amount":"","sales_update_date":"2026-01-30T01:25:49","calc_backorders":null,"_links":{"self":[{"href":"https:\/\/aromasentia.com\/fr\/wp-json\/wp\/v2\/product\/242556","targetHints":{"allow":["GET"]}}],"collection":[{"href":"https:\/\/aromasentia.com\/fr\/wp-json\/wp\/v2\/product"}],"about":[{"href":"https:\/\/aromasentia.com\/fr\/wp-json\/wp\/v2\/types\/product"}],"replies":[{"embeddable":true,"href":"https:\/\/aromasentia.com\/fr\/wp-json\/wp\/v2\/comments?post=242556"}],"version-history":[{"count":0,"href":"https:\/\/aromasentia.com\/fr\/wp-json\/wp\/v2\/product\/242556\/revisions"}],"wp:featuredmedia":[{"embeddable":true,"href":"https:\/\/aromasentia.com\/fr\/wp-json\/wp\/v2\/media\/267911"}],"wp:attachment":[{"href":"https:\/\/aromasentia.com\/fr\/wp-json\/wp\/v2\/media?parent=242556"}],"wp:term":[{"taxonomy":"product_brand","embeddable":true,"href":"https:\/\/aromasentia.com\/fr\/wp-json\/wp\/v2\/product_brand?post=242556"},{"taxonomy":"product_cat","embeddable":true,"href":"https:\/\/aromasentia.com\/fr\/wp-json\/wp\/v2\/product_cat?post=242556"},{"taxonomy":"product_tag","embeddable":true,"href":"https:\/\/aromasentia.com\/fr\/wp-json\/wp\/v2\/product_tag?post=242556"}],"curies":[{"name":"wp","href":"https:\/\/api.w.org\/{rel}","templated":true}]}}