{"id":242548,"date":"2025-03-20T15:14:21","date_gmt":"2025-03-20T15:14:21","guid":{"rendered":"https:\/\/aromasentia.com\/product\/lemon-50ml-essential-oil\/"},"modified":"2025-06-23T19:17:52","modified_gmt":"2025-06-23T19:17:52","slug":"citron-huile-essentielle-professionnelle-50ml","status":"publish","type":"product","link":"https:\/\/aromasentia.com\/fr\/citron-huile-essentielle-professionnelle-50ml\/","title":{"rendered":"Citron &#8211; Huile Essentielle Professionnelle 50ml"},"content":{"rendered":"<p><strong><span style=\"color: rgb(75, 80, 88);\">L&rsquo;huile de citron<\/span><\/strong> a une odeur forte et fra\u00eeche et est extraite de l&rsquo;\u00e9corce de citron frais par expression \u00e0 froid. Cette huile est rafra\u00eechissante pour l&rsquo;esprit et aiguise la concentration, elle est donc souvent pr\u00e9f\u00e9r\u00e9e pour les bureaux et les banques.&nbsp;<\/p>\n<p>On pense qu&rsquo;il aide contre les rhumatismes, l&rsquo;arthrite et la goutte. Il a \u00e9t\u00e9 utilis\u00e9 pour soigner les probl\u00e8mes de peau comme les abc\u00e8s, les furoncles, les anthrax et l&rsquo;acn\u00e9. Il renforce le syst\u00e8me immunitaire et nettoie le corps.&nbsp;<\/p>\n<p>Lorsqu&rsquo;elles sont utilis\u00e9es dans un br\u00fbleur \u00e0 mazout (quelques gouttes dans l&rsquo;eau), les vapeurs d&rsquo;huile de citron sont utilis\u00e9es pour les rhumes, les laryngites, les maux de t\u00eate et la grippe. Sentir l&rsquo;ar\u00f4me est utile pour les hoquets mentaux comme la d\u00e9pression, l&rsquo;irritation, le stress, la l\u00e9thargie et la fatigue. Il \u00e9l\u00e8ve les esprits et clarifie l&rsquo;esprit.&nbsp;<\/p>\n<p>Ajout\u00e9e quelques gouttes dans le bain ou m\u00e9lang\u00e9e \u00e0 une huile de massage, on dit qu&rsquo;elle soulage les troubles digestifs, le manque d&rsquo;\u00e9nergie, &nbsp;fatigue, infections, ob\u00e9sit\u00e9, rhumatismes, d\u00e9pression et stress. Il est \u00e9galement utilis\u00e9 pour aider \u00e0 se d\u00e9barrasser des lendemains difficiles.&nbsp;<\/p>\n<p>Le citronnier est originaire d&rsquo;Inde et peut-\u00eatre de Chine, et a \u00e9t\u00e9 apport\u00e9 en Europe par les crois\u00e9s au Moyen \u00e2ge. \u00e9tant donn\u00e9 que le fruit contient une bonne quantit\u00e9 de vitamines A, B et C, une once par jour a \u00e9t\u00e9 donn\u00e9e aux marins pour pr\u00e9venir le scorbut, les probl\u00e8mes oculaires et autres carences en vitamines.<\/p>\n<p>La premi\u00e8re v\u00e9ritable culture du citron en Europe a commenc\u00e9 \u00e0 G\u00eanes au milieu du XVe si\u00e8cle. Il a ensuite \u00e9t\u00e9 introduit en Am\u00e9rique par Christophe Colomb. Les conqu\u00eates espagnoles ont aid\u00e9 \u00e0 r\u00e9pandre les graines de citron plus loin. Le citron \u00e9tait principalement utilis\u00e9 comme ornement et comme m\u00e9dicament. Ce n&rsquo;est que bien plus tard qu&rsquo;il a commenc\u00e9 \u00e0 \u00eatre utilis\u00e9 en cuisine.<\/p>\n<p><strong><span style=\"color: rgb(75, 80, 88);\">Nom latin :&nbsp;<\/span><\/strong>Citrus Limon.&nbsp;<\/p>\n<p><strong><span style=\"color: rgb(75, 80, 88);\">Partie de la plante utilis\u00e9e :&nbsp;<\/span><\/strong>\u00e9corce de fruit&nbsp;<\/p>\n<p><strong><span style=\"color: rgb(75, 80, 88);\">Provenance :&nbsp;<\/span><\/strong>Italie.&nbsp;<\/p>\n<p><strong><span style=\"color: rgb(75, 80, 88);\">M\u00e9thode d&rsquo;extraction :<\/span><\/strong> Expression \u00e0 froid.&nbsp;<\/p>\n<p>Les fiches techniques sont disponibles, pr\u00eates \u00e0 imprimer et \u00e0 partager avec vos clients. Vous aurez besoin d&rsquo;un mot de passe pour t\u00e9l\u00e9charger le PDF que vous trouverez \u00e0 la fin de l&#8217;email de confirmation de votre commande (ATTENTION: les fiches techniques ne sont disponibles qu\u2019en anglais pour le moment).<\/p>\n<p><strong><span style=\"color: rgb(141, 186, 216);\">Les huiles essentielles mises en bouteille \u00e0 Ancient Wisdom sont utilis\u00e9es par des centaines d\u2019aromat\u00e9rapeutes et autres professionnels. Nous ne faisons pas de compromis sur la qualit\u00e9 et la puret\u00e9 des huiles essentielles.<\/span><\/strong><\/p>\n","protected":false},"excerpt":{"rendered":"<p>L&rsquo;huile de citron a une odeur forte et fra\u00eeche et est extraite de l&rsquo;\u00e9corce de citron frais par expression \u00e0 froid. Cette huile est rafra\u00eechissante pour l&rsquo;esprit et aiguise la concentration, elle est donc souvent pr\u00e9f\u00e9r\u00e9e pour les bureaux et les banques.&nbsp; On pense qu&rsquo;il aide contre les rhumatismes, l&rsquo;arthrite et la goutte. Il a [&hellip;]<\/p>\n","protected":false},"featured_media":268127,"comment_status":"closed","ping_status":"open","template":"","meta":{"_angie_page":false},"product_brand":[27093],"product_cat":[16450,26237,26818,23646,25842],"product_tag":[],"class_list":{"0":"post-242548","1":"product","2":"type-product","3":"status-publish","4":"has-post-thumbnail","6":"product_brand-ancient-wisdom","7":"product_cat-aromatherapie-et-parfums-d-ambiance","8":"product_cat-citron","9":"product_cat-hesperide-agrumes","10":"product_cat-huiles-essentielles","11":"product_cat-senteurs-aromes","12":"pa_collection-50ml-essential-oil-fr","13":"pa_made-in-italie","14":"pa_size-50ml","16":"first","17":"instock","18":"purchasable","19":"product-type-simple"},"supplier_id":null,"supplier_sku":"PrEO-12","barcode":null,"atum_controlled":true,"out_stock_date":null,"out_stock_threshold":null,"inheritable":false,"inbound_stock":null,"stock_on_hold":0,"sold_today":0,"sales_last_days":0,"reserved_stock":null,"customer_returns":null,"warehouse_damage":null,"lost_in_post":null,"other_logs":null,"out_stock_days":0,"lost_sales":0,"has_location":null,"update_date":"2026-05-08T05:16:51","atum_locations":[],"atum_stock_status":"instock","restock_status":false,"low_stock_amount":"","sales_update_date":"2026-01-30T01:25:52","calc_backorders":null,"_links":{"self":[{"href":"https:\/\/aromasentia.com\/fr\/wp-json\/wp\/v2\/product\/242548","targetHints":{"allow":["GET"]}}],"collection":[{"href":"https:\/\/aromasentia.com\/fr\/wp-json\/wp\/v2\/product"}],"about":[{"href":"https:\/\/aromasentia.com\/fr\/wp-json\/wp\/v2\/types\/product"}],"replies":[{"embeddable":true,"href":"https:\/\/aromasentia.com\/fr\/wp-json\/wp\/v2\/comments?post=242548"}],"version-history":[{"count":0,"href":"https:\/\/aromasentia.com\/fr\/wp-json\/wp\/v2\/product\/242548\/revisions"}],"wp:featuredmedia":[{"embeddable":true,"href":"https:\/\/aromasentia.com\/fr\/wp-json\/wp\/v2\/media\/268127"}],"wp:attachment":[{"href":"https:\/\/aromasentia.com\/fr\/wp-json\/wp\/v2\/media?parent=242548"}],"wp:term":[{"taxonomy":"product_brand","embeddable":true,"href":"https:\/\/aromasentia.com\/fr\/wp-json\/wp\/v2\/product_brand?post=242548"},{"taxonomy":"product_cat","embeddable":true,"href":"https:\/\/aromasentia.com\/fr\/wp-json\/wp\/v2\/product_cat?post=242548"},{"taxonomy":"product_tag","embeddable":true,"href":"https:\/\/aromasentia.com\/fr\/wp-json\/wp\/v2\/product_tag?post=242548"}],"curies":[{"name":"wp","href":"https:\/\/api.w.org\/{rel}","templated":true}]}}