{"id":242544,"date":"2025-03-20T15:14:21","date_gmt":"2025-03-20T15:14:21","guid":{"rendered":"https:\/\/aromasentia.com\/product\/jasmine-dilute-50ml-essential-oil\/"},"modified":"2025-06-23T19:17:52","modified_gmt":"2025-06-23T19:17:52","slug":"jasmin-dilue-huile-essentielle-professionnelle-50ml","status":"publish","type":"product","link":"https:\/\/aromasentia.com\/fr\/jasmin-dilue-huile-essentielle-professionnelle-50ml\/","title":{"rendered":"Jasmin  (Dilu\u00e9) &#8211; Huile Essentielle Professionnelle 50ml"},"content":{"rendered":"<p>Ce sont peut-\u00eatre les propri\u00e9t\u00e9s aphrodisiaques qui ont plac\u00e9 <strong><span style=\"color: rgb(75, 80, 88);\">l&rsquo;huile de Jasmin<\/span><\/strong> dans une telle demande tout au long de l&rsquo;histoire.&nbsp;<\/p>\n<p>L&rsquo;huile essentielle de jasmin \u00e9tait utilis\u00e9e dans les c\u00e9r\u00e9monies de gu\u00e9rison et religieuses en raison de cette qualit\u00e9 irr\u00e9sistible. En Chine, l&rsquo;huile de jasmin \u00e9tait utilis\u00e9e dans les chambres des malades pour parfumer l&rsquo;air, mais on pensait aussi qu&rsquo;elle purifiait l&rsquo;air des polluants avant m\u00eame la d\u00e9couverte des bact\u00e9ries.&nbsp;<\/p>\n<p>Aujourd&rsquo;hui, l&rsquo;essence est produite par un processus appel\u00e9 extraction par solvant. \u00e0 premi\u00e8re vue, le jasmin est synonyme de parfum. Son \u00e9nergie florale complexe est un stimulant de l&rsquo;humeur pour la plupart des gens et fournit souvent des qualit\u00e9s aphrodisiaques.&nbsp;<\/p>\n<p>Des \u00e9tudes ont montr\u00e9 que le simple fait de sentir le jasmin peut augmenter la vigilance, la coordination \u0153il-main, renforcer la confiance en soi et le bonheur, et r\u00e9duire le stress. Dans un sens th\u00e9rapeutique, le jasmin peut traiter la peau s\u00e8che et vieillissante. Il est utilis\u00e9 \u00e0 faible concentration pour traiter l&rsquo;ecz\u00e9ma et la dermatite. De plus, le jasmin est utile pour estomper les cicatrices et traiter les vergetures apr\u00e8s l&rsquo;accouchement. Le jasmin peut soulager la col\u00e8re, l&rsquo;anxi\u00e9t\u00e9 et le stress sans agir comme s\u00e9datif.&nbsp;<\/p>\n<p>Le jasmin ouvre l&rsquo;acc\u00e8s aux options disponibles gr\u00e2ce \u00e0 une pens\u00e9e plus claire. Ce pouvoir calmant et \u00e9quilibrant peut \u00e9galement r\u00e9duire l&rsquo;inflammation due au stress \u00e9motionnel. Le jasmin a une longue histoire d&rsquo;am\u00e9lioration de la libido, de lib\u00e9ration des inhibitions et d&rsquo;inspiration du d\u00e9sir sexuel.&nbsp;<\/p>\n<p>Le jasmin a des propri\u00e9t\u00e9s qui r\u00e9gulent les cycles menstruels, peuvent r\u00e9duire les douleurs menstruelles, la l\u00e9thargie et les sautes d&rsquo;humeur. Il peut aussi retarder l&rsquo;apparition de la m\u00e9nopause.&nbsp;<\/p>\n<p><strong><span style=\"color: rgb(75, 80, 88);\">Nom latin :<\/span><\/strong> Jasminum Officinale&nbsp;<\/p>\n<p><strong><span style=\"color: rgb(75, 80, 88);\">Partie de la plante utilis\u00e9e : <\/span><\/strong>feuilles s\u00e9ch\u00e9es&nbsp;<\/p>\n<p><strong><span style=\"color: rgb(75, 80, 88);\">Source :<\/span><\/strong> Inde&nbsp;<\/p>\n<p><strong><span style=\"color: rgb(75, 80, 88);\">M\u00e9thode d&rsquo;extraction : <\/span><\/strong>Extraction par solvant 5% de dilution dans l&rsquo;huile de p\u00e9pins de raisin<\/p>\n<p><strong><span style=\"color: rgb(141, 186, 216);\">NB : Nos Huiles Essentielles ne conviennent pas \u00e0 un usage interne.<\/span><\/strong><\/p>\n","protected":false},"excerpt":{"rendered":"<p>Ce sont peut-\u00eatre les propri\u00e9t\u00e9s aphrodisiaques qui ont plac\u00e9 l&rsquo;huile de Jasmin dans une telle demande tout au long de l&rsquo;histoire.&nbsp; L&rsquo;huile essentielle de jasmin \u00e9tait utilis\u00e9e dans les c\u00e9r\u00e9monies de gu\u00e9rison et religieuses en raison de cette qualit\u00e9 irr\u00e9sistible. En Chine, l&rsquo;huile de jasmin \u00e9tait utilis\u00e9e dans les chambres des malades pour parfumer l&rsquo;air, [&hellip;]<\/p>\n","protected":false},"featured_media":268118,"comment_status":"closed","ping_status":"open","template":"","meta":{"_angie_page":false},"product_brand":[27093],"product_cat":[16450,26832,23646,26225,25842],"product_tag":[],"class_list":{"0":"post-242544","1":"product","2":"type-product","3":"status-publish","4":"has-post-thumbnail","6":"product_brand-ancient-wisdom","7":"product_cat-aromatherapie-et-parfums-d-ambiance","8":"product_cat-floral","9":"product_cat-huiles-essentielles","10":"product_cat-jasmin","11":"product_cat-senteurs-aromes","12":"pa_collection-50ml-essential-oil-fr","13":"pa_made-in-indonesie","14":"pa_size-50ml","16":"first","17":"instock","18":"purchasable","19":"product-type-simple"},"supplier_id":null,"supplier_sku":"PrEO-11","barcode":null,"atum_controlled":true,"out_stock_date":null,"out_stock_threshold":null,"inheritable":false,"inbound_stock":null,"stock_on_hold":0,"sold_today":0,"sales_last_days":0,"reserved_stock":null,"customer_returns":null,"warehouse_damage":null,"lost_in_post":null,"other_logs":null,"out_stock_days":0,"lost_sales":0,"has_location":null,"update_date":"2026-04-27T07:18:20","atum_locations":[],"atum_stock_status":"instock","restock_status":false,"low_stock_amount":"","sales_update_date":"2025-09-05T00:18:00","calc_backorders":null,"_links":{"self":[{"href":"https:\/\/aromasentia.com\/fr\/wp-json\/wp\/v2\/product\/242544","targetHints":{"allow":["GET"]}}],"collection":[{"href":"https:\/\/aromasentia.com\/fr\/wp-json\/wp\/v2\/product"}],"about":[{"href":"https:\/\/aromasentia.com\/fr\/wp-json\/wp\/v2\/types\/product"}],"replies":[{"embeddable":true,"href":"https:\/\/aromasentia.com\/fr\/wp-json\/wp\/v2\/comments?post=242544"}],"version-history":[{"count":0,"href":"https:\/\/aromasentia.com\/fr\/wp-json\/wp\/v2\/product\/242544\/revisions"}],"wp:featuredmedia":[{"embeddable":true,"href":"https:\/\/aromasentia.com\/fr\/wp-json\/wp\/v2\/media\/268118"}],"wp:attachment":[{"href":"https:\/\/aromasentia.com\/fr\/wp-json\/wp\/v2\/media?parent=242544"}],"wp:term":[{"taxonomy":"product_brand","embeddable":true,"href":"https:\/\/aromasentia.com\/fr\/wp-json\/wp\/v2\/product_brand?post=242544"},{"taxonomy":"product_cat","embeddable":true,"href":"https:\/\/aromasentia.com\/fr\/wp-json\/wp\/v2\/product_cat?post=242544"},{"taxonomy":"product_tag","embeddable":true,"href":"https:\/\/aromasentia.com\/fr\/wp-json\/wp\/v2\/product_tag?post=242544"}],"curies":[{"name":"wp","href":"https:\/\/api.w.org\/{rel}","templated":true}]}}