{"id":242536,"date":"2025-03-20T15:14:21","date_gmt":"2025-03-20T15:14:21","guid":{"rendered":"https:\/\/aromasentia.com\/product\/sandalwood-amayris-50ml-essential-oil\/"},"modified":"2025-06-23T19:17:51","modified_gmt":"2025-06-23T19:17:51","slug":"bois-de-santal-damarys-huile-essentielle-professionnelle-50ml","status":"publish","type":"product","link":"https:\/\/aromasentia.com\/fr\/bois-de-santal-damarys-huile-essentielle-professionnelle-50ml\/","title":{"rendered":"Bois de santal d&rsquo;Amarys &#8211; Huile Essentielle Professionnelle 50ml"},"content":{"rendered":"<p><strong><span style=\"color: rgb(75, 80, 88);\">L&rsquo;huile essentielle d&rsquo;Amyris&nbsp;<\/span><\/strong>est aussi appel\u00e9e huile de Santal des Antilles car son odeur rappelle celle du bois de santal. Il est obtenu par distillation \u00e0 la vapeur &nbsp;de l&rsquo;\u00e9corce et des branches de l&rsquo;arbre Amyris balsamifera. En raison de sa forte teneur en huile, ce bois br\u00fble tout seul, comme une bougie, et est donc appel\u00e9 bois de bougie par la population locale.&nbsp;<\/p>\n<p>C&rsquo;est une alternative moins ch\u00e8re au bois de santal pur. Cette huile a \u00e9t\u00e9 utilis\u00e9e pour nettoyer les plaies et traiter la grippe, la diarrh\u00e9e. On dit qu&rsquo;il est tr\u00e8s efficace pour soulager la cystite et les infections vaginales. Lorsqu&rsquo;il est utilis\u00e9 dans un vaporisateur, il aide \u00e0 soulager l&rsquo;anxi\u00e9t\u00e9 et la tension, l&rsquo;insomnie et agit comme un aphrodisiaque, soulageant l&rsquo;impuissance et la frigidit\u00e9. Il est utilis\u00e9 pour traiter la toux, le rhume et la bronchite.&nbsp;<\/p>\n<p>On dit que ses propri\u00e9t\u00e9s calmantes aident pendant la m\u00e9ditation. C&rsquo;est aussi un relaxant musculaire et un \u00e9mollient. L&rsquo;origine botanique de l&rsquo;arbre produisant cette huile \u00e9tait inconnue jusqu&rsquo;en 1886, date \u00e0 laquelle les principales diff\u00e9rences entre cette plante et le vrai bois de santal ont \u00e9t\u00e9 identifi\u00e9es par l&rsquo;examen microscopique des feuilles.&nbsp;<\/p>\n<p>L&rsquo;arbre Amyris balsamifera pousse \u00e0 l&rsquo;\u00e9tat sauvage en Ha&iuml;ti. Pour leurs propri\u00e9t\u00e9s curatives et aromatiques, les huiles essentielles \u00e9taient consid\u00e9r\u00e9es comme plus pr\u00e9cieuses que l&rsquo;or pour les humains anciens.<\/p>\n<p><strong><span style=\"color: rgb(75, 80, 88);\">Nom latin : <\/span><\/strong>Amyris Balsamifera.&nbsp;<\/p>\n<p><strong><span style=\"color: rgb(75, 80, 88);\">Partie de la plante utilis\u00e9e :<\/span><\/strong> bois et branches.&nbsp;<\/p>\n<p><strong><span style=\"color: rgb(75, 80, 88);\">Source : <\/span><\/strong>Jama&iuml;que.&nbsp;<\/p>\n<p><strong><span style=\"color: rgb(75, 80, 88);\">M\u00e9thode d&rsquo;extraction : <\/span><\/strong>Distillation \u00e0 la vapeur.&nbsp;<\/p>\n<p>Les fiches techniques sont disponibles, pr\u00eates \u00e0 imprimer et \u00e0 partager avec vos clients. Vous aurez besoin d&rsquo;un mot de passe pour t\u00e9l\u00e9charger le PDF que vous trouverez \u00e0 la fin de l&#8217;email de confirmation de votre commande (ATTENTION: les fiches techniques ne sont disponibles qu\u2019en anglais pour le moment).<\/p>\n<p><strong><span style=\"color: rgb(141, 186, 216);\">Les huiles essentielles mises en bouteille \u00e0 Ancient Wisdom sont utilis\u00e9es par des centaines d\u2019aromat\u00e9rapeutes et autres professionnels. Nous ne faisons pas de compromis sur la qualit\u00e9 et la puret\u00e9 des huiles essentielles.<\/span><\/strong><\/p>\n","protected":false},"excerpt":{"rendered":"<p>L&rsquo;huile essentielle d&rsquo;Amyris&nbsp;est aussi appel\u00e9e huile de Santal des Antilles car son odeur rappelle celle du bois de santal. Il est obtenu par distillation \u00e0 la vapeur &nbsp;de l&rsquo;\u00e9corce et des branches de l&rsquo;arbre Amyris balsamifera. En raison de sa forte teneur en huile, ce bois br\u00fble tout seul, comme une bougie, et est donc [&hellip;]<\/p>\n","protected":false},"featured_media":268100,"comment_status":"closed","ping_status":"open","template":"","meta":[],"product_brand":[27093],"product_cat":[16450,26389,26895,23646,25842],"product_tag":[],"class_list":{"0":"post-242536","1":"product","2":"type-product","3":"status-publish","4":"has-post-thumbnail","6":"product_brand-ancient-wisdom","7":"product_cat-aromatherapie-et-parfums-d-ambiance","8":"product_cat-bois-de-santal","9":"product_cat-boise","10":"product_cat-huiles-essentielles","11":"product_cat-senteurs-aromes","12":"pa_collection-50ml-essential-oil-fr","13":"pa_made-in-haiti","14":"pa_size-50ml","16":"first","17":"instock","18":"purchasable","19":"product-type-simple"},"supplier_id":null,"supplier_sku":"PrEO-09","barcode":null,"atum_controlled":true,"out_stock_date":null,"out_stock_threshold":null,"inheritable":false,"inbound_stock":null,"stock_on_hold":0,"sold_today":0,"sales_last_days":0,"reserved_stock":null,"customer_returns":null,"warehouse_damage":null,"lost_in_post":null,"other_logs":null,"out_stock_days":0,"lost_sales":0,"has_location":null,"update_date":"2026-02-11T09:36:00","atum_locations":[],"atum_stock_status":"instock","restock_status":false,"low_stock_amount":"","sales_update_date":"2025-09-05T00:17:59","calc_backorders":null,"_links":{"self":[{"href":"https:\/\/aromasentia.com\/fr\/wp-json\/wp\/v2\/product\/242536","targetHints":{"allow":["GET"]}}],"collection":[{"href":"https:\/\/aromasentia.com\/fr\/wp-json\/wp\/v2\/product"}],"about":[{"href":"https:\/\/aromasentia.com\/fr\/wp-json\/wp\/v2\/types\/product"}],"replies":[{"embeddable":true,"href":"https:\/\/aromasentia.com\/fr\/wp-json\/wp\/v2\/comments?post=242536"}],"version-history":[{"count":0,"href":"https:\/\/aromasentia.com\/fr\/wp-json\/wp\/v2\/product\/242536\/revisions"}],"wp:featuredmedia":[{"embeddable":true,"href":"https:\/\/aromasentia.com\/fr\/wp-json\/wp\/v2\/media\/268100"}],"wp:attachment":[{"href":"https:\/\/aromasentia.com\/fr\/wp-json\/wp\/v2\/media?parent=242536"}],"wp:term":[{"taxonomy":"product_brand","embeddable":true,"href":"https:\/\/aromasentia.com\/fr\/wp-json\/wp\/v2\/product_brand?post=242536"},{"taxonomy":"product_cat","embeddable":true,"href":"https:\/\/aromasentia.com\/fr\/wp-json\/wp\/v2\/product_cat?post=242536"},{"taxonomy":"product_tag","embeddable":true,"href":"https:\/\/aromasentia.com\/fr\/wp-json\/wp\/v2\/product_tag?post=242536"}],"curies":[{"name":"wp","href":"https:\/\/api.w.org\/{rel}","templated":true}]}}