{"id":242532,"date":"2025-03-20T15:14:21","date_gmt":"2025-03-20T15:14:21","guid":{"rendered":"https:\/\/aromasentia.com\/product\/geranium-50ml-essential-oil\/"},"modified":"2025-06-23T19:17:51","modified_gmt":"2025-06-23T19:17:51","slug":"geranium-huile-essentielle-professionnelle-50ml","status":"publish","type":"product","link":"https:\/\/aromasentia.com\/fr\/geranium-huile-essentielle-professionnelle-50ml\/","title":{"rendered":"G\u00e9ranium &#8211; Huile Essentielle Professionnelle 50ml"},"content":{"rendered":"<p><strong><span style=\"color: rgb(75, 80, 88);\">&nbsp;L&rsquo;huile essentielle de G\u00e9ranium<\/span><\/strong> est distill\u00e9e \u00e0 la vapeur \u00e0 partir des feuilles et des tiges de la plante Pelargonium odoratissimum (g\u00e9ranium pomme). Il a une odeur forte avec un ar\u00f4me floral et des notes de menthe et de pomme. La caract\u00e9ristique principale de cette huile est sa capacit\u00e9 \u00e0 \u00e9quilibrer et \u00e9lever, et elle est utilis\u00e9e pour faire \u00e0 la fois sur l&rsquo;esprit et le corps, pour soulager une foule de maux.&nbsp;<\/p>\n<p>L&rsquo;huile essentielle de g\u00e9ranium aide \u00e0 \u00e9quilibrer les peaux grasses et s\u00e8ches, et apporte \u00e9galement un \u00e9quilibre de l&rsquo;esprit, soulageant le stress et l&rsquo;anxi\u00e9t\u00e9. On dit qu&rsquo;il agit sur le cortex surr\u00e9nalien, ce qui a un effet \u00e9quilibrant sur le syst\u00e8me hormonal. L&rsquo;huile de g\u00e9ranium a \u00e9t\u00e9 utilis\u00e9 pour traiter l&rsquo;acn\u00e9, les ecchymoses, les br\u00fblures, les coupures, la dermatite, l&rsquo;ecz\u00e9ma, les h\u00e9morro&iuml;des, la teigne, les ulc\u00e8res, l&rsquo;engorgement mammaire, l&rsquo;\u0153d\u00e8me, la mauvaise circulation, le mal de gorge, l&rsquo;amygdalite, le syndrome pr\u00e9menstruel, les probl\u00e8mes de m\u00e9nopause, le stress et la n\u00e9vralgie.&nbsp;<\/p>\n<p>Son odeur forte chasse les moustiques. Ajouter quelques gouttes au shampooing pour obtenir d\u00e9barrasser des poux de t\u00eate. Ces g\u00e9raniums \u00e9taient cens\u00e9s \u00e9loigner les esprits (comme ils le faisaient des moustiques !) et ils \u00e9taient donc plant\u00e9s autour des maisons comme des haies. Les plantes sont originaires d&rsquo;Afrique du Sud, de la R\u00e9union, de Madagascar, d&rsquo;\u00e9gypte et du Maroc et ont \u00e9t\u00e9 introduites dans les pays europ\u00e9ens au XVIIe si\u00e8cle. Bien qu&rsquo;il existe environ 700 vari\u00e9t\u00e9s de la plante, seules 10 fournissent de l&rsquo;huile essentielle en quantit\u00e9s viables.&nbsp;<\/p>\n<p>Les vari\u00e9t\u00e9s plant\u00e9es dans les jardins produisent g\u00e9n\u00e9ralement trop peu d&rsquo;huile \u00e0 utiliser pour l&rsquo;extraction.<\/p>\n<p><strong><span style=\"color: rgb(75, 80, 88);\">Nom latin :<\/span><\/strong> Pelargonium Graveolens.&nbsp;<\/p>\n<p><strong><span style=\"color: rgb(75, 80, 88);\">Partie de la plante utilis\u00e9e : <\/span><\/strong>feuilles, tiges et fleurs.&nbsp;<\/p>\n<p><strong><span style=\"color: rgb(75, 80, 88);\">Source : <\/span><\/strong>Egypte.&nbsp;<\/p>\n<p><strong><span style=\"color: rgb(75, 80, 88);\">M\u00e9thode d&rsquo;extraction : <\/span><\/strong>Distillation \u00e0 la vapeur. <\/p>\n<p>Les fiches techniques sont disponibles, pr\u00eates \u00e0 imprimer et \u00e0 partager avec vos clients. Vous aurez besoin d&rsquo;un mot de passe pour t\u00e9l\u00e9charger le PDF que vous trouverez \u00e0 la fin de l&#8217;email de confirmation de votre commande (ATTENTION: les fiches techniques ne sont disponibles qu\u2019en anglais pour le moment).<\/p>\n<p><strong><span style=\"color: rgb(141, 186, 216);\">Les huiles essentielles mises en bouteille \u00e0 Ancient Wisdom sont utilis\u00e9es par des centaines d\u2019aromat\u00e9rapeutes et autres professionnels. Nous ne faisons pas de compromis sur la qualit\u00e9 et la puret\u00e9 des huiles essentielles.<\/span><\/strong><\/p>\n","protected":false},"excerpt":{"rendered":"<p>&nbsp;L&rsquo;huile essentielle de G\u00e9ranium est distill\u00e9e \u00e0 la vapeur \u00e0 partir des feuilles et des tiges de la plante Pelargonium odoratissimum (g\u00e9ranium pomme). Il a une odeur forte avec un ar\u00f4me floral et des notes de menthe et de pomme. La caract\u00e9ristique principale de cette huile est sa capacit\u00e9 \u00e0 \u00e9quilibrer et \u00e9lever, et elle [&hellip;]<\/p>\n","protected":false},"featured_media":268091,"comment_status":"closed","ping_status":"open","template":"","meta":{"_angie_page":false},"product_brand":[27093],"product_cat":[16450,26832,26188,23646,25842],"product_tag":[],"class_list":{"0":"post-242532","1":"product","2":"type-product","3":"status-publish","4":"has-post-thumbnail","6":"product_brand-ancient-wisdom","7":"product_cat-aromatherapie-et-parfums-d-ambiance","8":"product_cat-floral","9":"product_cat-geranium","10":"product_cat-huiles-essentielles","11":"product_cat-senteurs-aromes","12":"pa_collection-50ml-essential-oil-fr","13":"pa_made-in-egypte","14":"pa_size-50ml","16":"first","17":"instock","18":"purchasable","19":"product-type-simple"},"supplier_id":null,"supplier_sku":"PrEO-08","barcode":null,"atum_controlled":true,"out_stock_date":null,"out_stock_threshold":null,"inheritable":false,"inbound_stock":null,"stock_on_hold":0,"sold_today":0,"sales_last_days":0,"reserved_stock":null,"customer_returns":null,"warehouse_damage":null,"lost_in_post":null,"other_logs":null,"out_stock_days":0,"lost_sales":0,"has_location":null,"update_date":"2026-05-08T05:16:51","atum_locations":[],"atum_stock_status":"instock","restock_status":false,"low_stock_amount":"","sales_update_date":"2026-01-30T01:26:20","calc_backorders":null,"_links":{"self":[{"href":"https:\/\/aromasentia.com\/fr\/wp-json\/wp\/v2\/product\/242532","targetHints":{"allow":["GET"]}}],"collection":[{"href":"https:\/\/aromasentia.com\/fr\/wp-json\/wp\/v2\/product"}],"about":[{"href":"https:\/\/aromasentia.com\/fr\/wp-json\/wp\/v2\/types\/product"}],"replies":[{"embeddable":true,"href":"https:\/\/aromasentia.com\/fr\/wp-json\/wp\/v2\/comments?post=242532"}],"version-history":[{"count":0,"href":"https:\/\/aromasentia.com\/fr\/wp-json\/wp\/v2\/product\/242532\/revisions"}],"wp:featuredmedia":[{"embeddable":true,"href":"https:\/\/aromasentia.com\/fr\/wp-json\/wp\/v2\/media\/268091"}],"wp:attachment":[{"href":"https:\/\/aromasentia.com\/fr\/wp-json\/wp\/v2\/media?parent=242532"}],"wp:term":[{"taxonomy":"product_brand","embeddable":true,"href":"https:\/\/aromasentia.com\/fr\/wp-json\/wp\/v2\/product_brand?post=242532"},{"taxonomy":"product_cat","embeddable":true,"href":"https:\/\/aromasentia.com\/fr\/wp-json\/wp\/v2\/product_cat?post=242532"},{"taxonomy":"product_tag","embeddable":true,"href":"https:\/\/aromasentia.com\/fr\/wp-json\/wp\/v2\/product_tag?post=242532"}],"curies":[{"name":"wp","href":"https:\/\/api.w.org\/{rel}","templated":true}]}}