{"id":242520,"date":"2025-03-20T15:14:21","date_gmt":"2025-03-20T15:14:21","guid":{"rendered":"https:\/\/aromasentia.com\/product\/rosemary-50ml-essential-oil\/"},"modified":"2025-06-23T19:17:47","modified_gmt":"2025-06-23T19:17:47","slug":"romarin-huile-essentielle-professionnelle-50ml","status":"publish","type":"product","link":"https:\/\/aromasentia.com\/fr\/romarin-huile-essentielle-professionnelle-50ml\/","title":{"rendered":"Romarin &#8211; Huile Essentielle Professionnelle 50ml"},"content":{"rendered":"<p><strong><span style=\"color: rgb(75, 80, 88);\">&nbsp;L&rsquo;huile essentielle de Romarin<\/span><\/strong> est distill\u00e9e \u00e0 la vapeur \u00e0 partir des fleurs, des tiges et des feuilles de la plante. Selon la pharmacop\u00e9e britannique, l&rsquo;huile distill\u00e9e \u00e0 partir des sommit\u00e9s fleuries est sup\u00e9rieure \u00e0 celle obtenue \u00e0 partir de la tige et des feuilles, o\u00f9presque toute l&rsquo;huile commerciale serait distill\u00e9e.&nbsp;<\/p>\n<p>L&rsquo;odeur de l&rsquo;huile essentielle de romarin est bois\u00e9e et herbac\u00e9e et est utilis\u00e9e en aromath\u00e9rapie pour rafra\u00eechir et stimuler l&rsquo;esprit.&nbsp;<\/p>\n<p>Cette huile est utile pour traiter les plaies, les br\u00fblures, les rhumes, la grippe, la fatigue, les troubles digestifs, les maux de t\u00eate, l&rsquo;asthme, la bronchite, la goutte, les rhumatismes, les probl\u00e8mes de foie et de v\u00e9sicule biliaire, la r\u00e9tention d&rsquo;eau et la mauvaise circulation.&nbsp;<\/p>\n<p>Pour un massage, l&rsquo;huile de romarin est souvent m\u00e9lang\u00e9e \u00e0 une ou deux huiles de base comme l&rsquo;huile d&rsquo;amande, de noyau d&rsquo;abricot ou de noisette. Il est bon pour les cheveux car on dit qu&rsquo;il augmente la circulation vers le cuir chevelu et favorise la croissance des cheveux.&nbsp;<\/p>\n<p>N&rsquo;utilisez jamais cette huile en interne et \u00e9vitez-la si vous \u00eates enceinte ou souffrez d&rsquo;hypertension art\u00e9rielle ou d&rsquo;\u00e9pilepsie. Le romarin \u00e9tait bien connu et utilis\u00e9 dans le monde antique.&nbsp;<\/p>\n<p>On croyait qu&rsquo;il am\u00e9liorait la m\u00e9moire, il est donc devenu un symbole de fid\u00e9lit\u00e9 et a \u00e9t\u00e9 utilis\u00e9 lors de mariages, de fun\u00e9railles et d&rsquo;autres c\u00e9r\u00e9monies religieuses.&nbsp;<\/p>\n<p>Un brin de romarin \u00e9tait magnifiquement nou\u00e9 avec des rubans et remis aux invit\u00e9s du mariage comme symbole d&rsquo;amour et de loyaut\u00e9. &laquo;L&rsquo;eau de Hongrie&raquo;, compos\u00e9e de sommit\u00e9s de romarin frais tremp\u00e9es dans du vin pendant quelques jours, \u00e9tait destin\u00e9e \u00e0 la reine de Hongrie et l&rsquo;aurait gu\u00e9rie de la paralysie.<\/p>\n<p><strong><span style=\"color: rgb(75, 80, 88);\">Nom latin :<\/span><\/strong> Rosmarinus Officinalis&nbsp;<\/p>\n<p><strong><span style=\"color: rgb(75, 80, 88);\">Partie de la plante utilis\u00e9e :<\/span><\/strong> Sommit\u00e9s fleuries&nbsp;<\/p>\n<p><strong><span style=\"color: rgb(75, 80, 88);\">Provenance :<\/span><\/strong> Espagne&nbsp;<\/p>\n<p><strong><span style=\"color: rgb(75, 80, 88);\">M\u00e9thode d&rsquo;extraction : <\/span><\/strong>Distillation \u00e0 la vapeur<\/p>\n<p>Les fiches techniques sont disponibles, pr\u00eates \u00e0 imprimer et \u00e0 partager avec vos clients. Vous aurez besoin d&rsquo;un mot de passe pour t\u00e9l\u00e9charger le PDF que vous trouverez \u00e0 la fin de l&#8217;email de confirmation de votre commande (ATTENTION: les fiches techniques ne sont disponibles qu\u2019en anglais pour le moment).<\/p>\n<p><strong><span style=\"color: rgb(141, 186, 216);\">Les huiles essentielles mises en bouteille \u00e0 Ancient Wisdom sont utilis\u00e9es par des centaines d\u2019aromat\u00e9rapeutes et autres professionnels. Nous ne faisons pas de compromis sur la qualit\u00e9 et la puret\u00e9 des huiles essentielles.<\/span><\/strong><\/p>\n","protected":false},"excerpt":{"rendered":"<p>&nbsp;L&rsquo;huile essentielle de Romarin est distill\u00e9e \u00e0 la vapeur \u00e0 partir des fleurs, des tiges et des feuilles de la plante. Selon la pharmacop\u00e9e britannique, l&rsquo;huile distill\u00e9e \u00e0 partir des sommit\u00e9s fleuries est sup\u00e9rieure \u00e0 celle obtenue \u00e0 partir de la tige et des feuilles, o\u00f9presque toute l&rsquo;huile commerciale serait distill\u00e9e.&nbsp; L&rsquo;odeur de l&rsquo;huile essentielle [&hellip;]<\/p>\n","protected":false},"featured_media":268064,"comment_status":"closed","ping_status":"open","template":"","meta":[],"product_brand":[27093],"product_cat":[16450,26860,23646,26371,25842],"product_tag":[],"class_list":{"0":"post-242520","1":"product","2":"type-product","3":"status-publish","4":"has-post-thumbnail","6":"product_brand-ancient-wisdom","7":"product_cat-aromatherapie-et-parfums-d-ambiance","8":"product_cat-herbes-aromatiques","9":"product_cat-huiles-essentielles","10":"product_cat-romarin","11":"product_cat-senteurs-aromes","12":"pa_collection-50ml-essential-oil-fr","13":"pa_made-in-espagne","14":"pa_size-50ml","16":"first","17":"instock","18":"purchasable","19":"product-type-simple"},"supplier_id":null,"supplier_sku":"PrEO-05","barcode":null,"atum_controlled":true,"out_stock_date":null,"out_stock_threshold":null,"inheritable":false,"inbound_stock":null,"stock_on_hold":0,"sold_today":0,"sales_last_days":0,"reserved_stock":null,"customer_returns":null,"warehouse_damage":null,"lost_in_post":null,"other_logs":null,"out_stock_days":0,"lost_sales":0,"has_location":null,"update_date":"2026-01-30T01:26:15","atum_locations":[],"atum_stock_status":"instock","restock_status":false,"low_stock_amount":"","sales_update_date":"2026-01-30T01:26:15","calc_backorders":null,"_links":{"self":[{"href":"https:\/\/aromasentia.com\/fr\/wp-json\/wp\/v2\/product\/242520","targetHints":{"allow":["GET"]}}],"collection":[{"href":"https:\/\/aromasentia.com\/fr\/wp-json\/wp\/v2\/product"}],"about":[{"href":"https:\/\/aromasentia.com\/fr\/wp-json\/wp\/v2\/types\/product"}],"replies":[{"embeddable":true,"href":"https:\/\/aromasentia.com\/fr\/wp-json\/wp\/v2\/comments?post=242520"}],"version-history":[{"count":0,"href":"https:\/\/aromasentia.com\/fr\/wp-json\/wp\/v2\/product\/242520\/revisions"}],"wp:featuredmedia":[{"embeddable":true,"href":"https:\/\/aromasentia.com\/fr\/wp-json\/wp\/v2\/media\/268064"}],"wp:attachment":[{"href":"https:\/\/aromasentia.com\/fr\/wp-json\/wp\/v2\/media?parent=242520"}],"wp:term":[{"taxonomy":"product_brand","embeddable":true,"href":"https:\/\/aromasentia.com\/fr\/wp-json\/wp\/v2\/product_brand?post=242520"},{"taxonomy":"product_cat","embeddable":true,"href":"https:\/\/aromasentia.com\/fr\/wp-json\/wp\/v2\/product_cat?post=242520"},{"taxonomy":"product_tag","embeddable":true,"href":"https:\/\/aromasentia.com\/fr\/wp-json\/wp\/v2\/product_tag?post=242520"}],"curies":[{"name":"wp","href":"https:\/\/api.w.org\/{rel}","templated":true}]}}