{"id":242516,"date":"2025-03-20T15:14:21","date_gmt":"2025-03-20T15:14:21","guid":{"rendered":"https:\/\/aromasentia.com\/product\/peppermint-50ml-essential-oil\/"},"modified":"2025-06-23T19:17:47","modified_gmt":"2025-06-23T19:17:47","slug":"menthe-poivree-huile-essentielle-professionnelle-50ml","status":"publish","type":"product","link":"https:\/\/aromasentia.com\/fr\/menthe-poivree-huile-essentielle-professionnelle-50ml\/","title":{"rendered":"Menthe poivr\u00e9e &#8211; Huile Essentielle Professionnelle 50ml"},"content":{"rendered":"<p>On dit que <strong><span style=\"color: rgb(75, 80, 88);\">l&rsquo;Huile Essentielle de Menthe Poivr\u00e9e<\/span><\/strong> est bonne pour des affections comme l&rsquo;asthme, les coliques, la fi\u00e8vre, les flatulences, les maux de t\u00eate, les naus\u00e9es, la congestion thoracique et les vertiges. Cette huile est cens\u00e9e \u00eatre excellente pour la fatigue mentale et la d\u00e9pression, rafra\u00eechissante et stimulante avec sa teneur en menthol. Il est bon pour la peau et est utilis\u00e9 dans les lotions pour traiter les coups de soleil, les d\u00e9mangeaisons ou les inflammations cutan\u00e9es. Il aide \u00e0 lutter contre la mauvaise haleine et les infections des gencives lorsqu&rsquo;il est utilis\u00e9 dans des bains de bouche.&nbsp;<\/p>\n<p>Lorsqu&rsquo;il est utilis\u00e9 dans un br\u00fbleur \u00e0 mazout, il n&rsquo;est pas seulement th\u00e9rapeutique, il \u00e9loigne \u00e9galement les moustiques et autres insectes. La menthe poivr\u00e9e est originaire de la M\u00e9diterran\u00e9e mais est maintenant cultiv\u00e9e dans d&rsquo;autres pays d&rsquo;Europe, d&rsquo;Am\u00e9rique et d&rsquo;Asie.&nbsp;<\/p>\n<p>Des d\u00e9couvertes prouvent que la menthe poivr\u00e9e est utilis\u00e9e depuis l&rsquo;Antiquit\u00e9 en \u00e9gypte, en Gr\u00e8ce, \u00e0 Rome, en Chine et au Japon. Selon la mythologie grecque, une nymphe appel\u00e9e Mentha a \u00e9t\u00e9 transform\u00e9e, dans un acc\u00e8s de col\u00e8re, en plante de menthe par la femme de son amant, Pers\u00e9phone. Selon Pline, la menthe poivr\u00e9e \u00e9tait utilis\u00e9e pour couronner les Grecs et les Romains lors des f\u00eates.<\/p>\n<p>Il a \u00e9t\u00e9 utilis\u00e9 en m\u00e9decine en Angleterre au cours des derniers si\u00e8cles.<\/p>\n<p><strong><span style=\"color: rgb(75, 80, 88);\">Nom latin :<\/span><\/strong> Mentha Piperita.&nbsp;<\/p>\n<p><strong><span style=\"color: rgb(75, 80, 88);\">Partie de la plante utilis\u00e9e :<\/span><\/strong> herbe \u00e0 fleurs.&nbsp;<\/p>\n<p><strong><span style=\"color: rgb(75, 80, 88);\">Source :<\/span><\/strong> Inde.&nbsp;<\/p>\n<p><strong><span style=\"color: rgb(75, 80, 88);\">M\u00e9thode d&rsquo;extraction :<\/span><\/strong> Distillation \u00e0 la vapeur.&nbsp;<\/p>\n<p>Les fiches techniques sont disponibles, pr\u00eates \u00e0 imprimer et \u00e0 partager avec vos clients. Vous aurez besoin d&rsquo;un mot de passe pour t\u00e9l\u00e9charger le PDF que vous trouverez \u00e0 la fin de l&#8217;email de confirmation de votre commande (ATTENTION: les fiches techniques ne sont disponibles qu\u2019en anglais pour le moment).<\/p>\n<p><strong><span style=\"color: rgb(141, 186, 216);\">Les huiles essentielles mises en bouteille \u00e0 Ancient Wisdom sont utilis\u00e9es par des centaines d\u2019aromat\u00e9rapeutes et autres professionnels. Nous ne faisons pas de compromis sur la qualit\u00e9 et la puret\u00e9 des huiles essentielles.<\/span><\/strong><\/p>\n","protected":false},"excerpt":{"rendered":"<p>On dit que l&rsquo;Huile Essentielle de Menthe Poivr\u00e9e est bonne pour des affections comme l&rsquo;asthme, les coliques, la fi\u00e8vre, les flatulences, les maux de t\u00eate, les naus\u00e9es, la congestion thoracique et les vertiges. Cette huile est cens\u00e9e \u00eatre excellente pour la fatigue mentale et la d\u00e9pression, rafra\u00eechissante et stimulante avec sa teneur en menthol. Il [&hellip;]<\/p>\n","protected":false},"featured_media":268055,"comment_status":"closed","ping_status":"open","template":"","meta":{"_angie_page":false},"product_brand":[27093],"product_cat":[16450,23646,26338,26874,25842],"product_tag":[],"class_list":{"0":"post-242516","1":"product","2":"type-product","3":"status-publish","4":"has-post-thumbnail","6":"product_brand-ancient-wisdom","7":"product_cat-aromatherapie-et-parfums-d-ambiance","8":"product_cat-huiles-essentielles","9":"product_cat-menthe-poivree","10":"product_cat-menthole","11":"product_cat-senteurs-aromes","12":"pa_collection-50ml-essential-oil-fr","13":"pa_made-in-etats-unis","14":"pa_size-50ml","16":"first","17":"instock","18":"purchasable","19":"product-type-simple"},"supplier_id":null,"supplier_sku":"PrEO-04","barcode":null,"atum_controlled":true,"out_stock_date":null,"out_stock_threshold":null,"inheritable":false,"inbound_stock":null,"stock_on_hold":0,"sold_today":0,"sales_last_days":0,"reserved_stock":null,"customer_returns":null,"warehouse_damage":null,"lost_in_post":null,"other_logs":null,"out_stock_days":0,"lost_sales":0,"has_location":null,"update_date":"2026-04-27T07:18:14","atum_locations":[],"atum_stock_status":"instock","restock_status":false,"low_stock_amount":"","sales_update_date":"2026-01-30T01:26:14","calc_backorders":null,"_links":{"self":[{"href":"https:\/\/aromasentia.com\/fr\/wp-json\/wp\/v2\/product\/242516","targetHints":{"allow":["GET"]}}],"collection":[{"href":"https:\/\/aromasentia.com\/fr\/wp-json\/wp\/v2\/product"}],"about":[{"href":"https:\/\/aromasentia.com\/fr\/wp-json\/wp\/v2\/types\/product"}],"replies":[{"embeddable":true,"href":"https:\/\/aromasentia.com\/fr\/wp-json\/wp\/v2\/comments?post=242516"}],"version-history":[{"count":0,"href":"https:\/\/aromasentia.com\/fr\/wp-json\/wp\/v2\/product\/242516\/revisions"}],"wp:featuredmedia":[{"embeddable":true,"href":"https:\/\/aromasentia.com\/fr\/wp-json\/wp\/v2\/media\/268055"}],"wp:attachment":[{"href":"https:\/\/aromasentia.com\/fr\/wp-json\/wp\/v2\/media?parent=242516"}],"wp:term":[{"taxonomy":"product_brand","embeddable":true,"href":"https:\/\/aromasentia.com\/fr\/wp-json\/wp\/v2\/product_brand?post=242516"},{"taxonomy":"product_cat","embeddable":true,"href":"https:\/\/aromasentia.com\/fr\/wp-json\/wp\/v2\/product_cat?post=242516"},{"taxonomy":"product_tag","embeddable":true,"href":"https:\/\/aromasentia.com\/fr\/wp-json\/wp\/v2\/product_tag?post=242516"}],"curies":[{"name":"wp","href":"https:\/\/api.w.org\/{rel}","templated":true}]}}