{"id":242512,"date":"2025-03-20T15:14:21","date_gmt":"2025-03-20T15:14:21","guid":{"rendered":"https:\/\/aromasentia.com\/product\/eucalyptus-50ml-essential-oil\/"},"modified":"2025-06-23T19:17:46","modified_gmt":"2025-06-23T19:17:46","slug":"eucalyptus-huile-essentielle-professionnelle-50ml","status":"publish","type":"product","link":"https:\/\/aromasentia.com\/fr\/eucalyptus-huile-essentielle-professionnelle-50ml\/","title":{"rendered":"Eucalyptus &#8211; Huile Essentielle Professionnelle 50ml"},"content":{"rendered":"<p><strong><span style=\"color: rgb(75, 80, 88);\">L&rsquo;huile essentielle d&rsquo;Eucalyptus<\/span><\/strong> est un liquide concentr\u00e9 contenant des compos\u00e9s aromatiques volatils de l&rsquo;arbre Eucalyptus Globulus. Il est g\u00e9n\u00e9ralement distill\u00e9, parfois exprim\u00e9 ou extrait au solvant.&nbsp;<\/p>\n<p>L&rsquo;huile essentielle d&rsquo;eucalyptus serait antibact\u00e9rienne, d\u00e9sinfectante et antalgique. Il a \u00e9t\u00e9 utilis\u00e9 pour soulager la toux, le rhume et d&rsquo;autres troubles respiratoires. Elle apaise les douleurs musculaires et articulaires, et aide \u00e0 cicatriser les plaies, les br\u00fblures, les ulc\u00e8res et les piq\u00fbres d&rsquo;insectes. En aromath\u00e9rapie, on dit que l&rsquo;eucalyptus favorise l&rsquo;activit\u00e9, la vitalit\u00e9 et l&rsquo;\u00e9nergie.&nbsp;<\/p>\n<p>Pour les troubles respiratoires, quelques gouttes de cette huile d\u00e9pos\u00e9es sur un chiffon peuvent \u00eatre inhal\u00e9es par la bouche et expir\u00e9es par le nez pendant une demi-minute. Il s&rsquo;applique directement sur les plaies, les \u00e9ruptions cutan\u00e9es et les piq\u00fbres d&rsquo;insectes. Ajoutez quelques gouttes \u00e0 l&rsquo;eau de votre bain pour vous sentir revigor\u00e9 et rafra\u00eechi. Faites tremper vos pieds endoloris dans une bassine d&rsquo;eau ti\u00e8de avec 4 \u00e0 5 gouttes de cette huile pour les soulager.&nbsp;<\/p>\n<p>On dit que quelques gouttes d&rsquo;huile dans un diffuseur tuent les germes et les bact\u00e9ries en suspension dans l&rsquo;air, une bonne id\u00e9e pour une chambre de malade. L&rsquo;huile essentielle d&rsquo;eucalyptus est \u00e0 usage externe uniquement ; consultez toujours un praticien autoris\u00e9 lorsque vous l&rsquo;utilisez comme rem\u00e8de de sant\u00e9. On pense que les huiles essentielles ont jou\u00e9 un r\u00f4le dans la gu\u00e9rison dans les temps anciens en \u00e9gypte, en Chine et dans d&rsquo;autres parties du monde.&nbsp;<\/p>\n<p>On dit qu&rsquo;ils sont la plus ancienne forme de m\u00e9decine et de cosm\u00e9tique, car ils sont distill\u00e9s \u00e0 partir de plantes, n&rsquo;impliquant pas de processus ou de machines compliqu\u00e9s, mais n\u00e9anmoins un art. Pour leurs propri\u00e9t\u00e9s curatives et aromatiques, ils \u00e9taient consid\u00e9r\u00e9s comme plus pr\u00e9cieux que l&rsquo;or pour les anciens.<\/p>\n<p><strong><span style=\"color: rgb(75, 80, 88);\">Nom latin :<\/span><\/strong> Eucalyptus Globulus.&nbsp;<\/p>\n<p><strong><span style=\"color: rgb(75, 80, 88);\">Partie de la plante utilis\u00e9e :<\/span><\/strong> feuilles et brindilles&nbsp;<\/p>\n<p><strong><span style=\"color: rgb(75, 80, 88);\">Source :<\/span><\/strong> Chine.&nbsp;<\/p>\n<p><strong><span style=\"color: rgb(75, 80, 88);\">M\u00e9thode d&rsquo;extraction : <\/span><\/strong>Distillation \u00e0 la vapeur.&nbsp;<\/p>\n<p>Les fiches techniques sont disponibles, pr\u00eates \u00e0 imprimer et \u00e0 partager avec vos clients. Vous aurez besoin d&rsquo;un mot de passe pour t\u00e9l\u00e9charger le PDF que vous trouverez \u00e0 la fin de l&#8217;email de confirmation de votre commande (ATTENTION: les fiches techniques ne sont disponibles qu\u2019en anglais pour le moment).<\/p>\n<p><strong><span style=\"color: rgb(141, 186, 216);\">Les huiles essentielles mises en bouteille \u00e0 Ancient Wisdom sont utilis\u00e9es par des centaines d\u2019aromat\u00e9rapeutes et autres professionnels. Nous ne faisons pas de compromis sur la qualit\u00e9 et la puret\u00e9 des huiles essentielles.<\/span><\/strong><\/p>\n","protected":false},"excerpt":{"rendered":"<p>L&rsquo;huile essentielle d&rsquo;Eucalyptus est un liquide concentr\u00e9 contenant des compos\u00e9s aromatiques volatils de l&rsquo;arbre Eucalyptus Globulus. Il est g\u00e9n\u00e9ralement distill\u00e9, parfois exprim\u00e9 ou extrait au solvant.&nbsp; L&rsquo;huile essentielle d&rsquo;eucalyptus serait antibact\u00e9rienne, d\u00e9sinfectante et antalgique. Il a \u00e9t\u00e9 utilis\u00e9 pour soulager la toux, le rhume et d&rsquo;autres troubles respiratoires. Elle apaise les douleurs musculaires et articulaires, [&hellip;]<\/p>\n","protected":false},"featured_media":268046,"comment_status":"closed","ping_status":"open","template":"","meta":{"_angie_page":false},"product_brand":[27093],"product_cat":[16450,26180,23646,26867,25842],"product_tag":[],"class_list":{"0":"post-242512","1":"product","2":"type-product","3":"status-publish","4":"has-post-thumbnail","6":"product_brand-ancient-wisdom","7":"product_cat-aromatherapie-et-parfums-d-ambiance","8":"product_cat-eucalyptus","9":"product_cat-huiles-essentielles","10":"product_cat-medicinal-camphre","11":"product_cat-senteurs-aromes","12":"pa_collection-50ml-essential-oil-fr","13":"pa_made-in-chine","14":"pa_size-50ml","16":"first","17":"instock","18":"purchasable","19":"product-type-simple"},"supplier_id":null,"supplier_sku":"PrEO-03","barcode":null,"atum_controlled":true,"out_stock_date":null,"out_stock_threshold":null,"inheritable":false,"inbound_stock":null,"stock_on_hold":0,"sold_today":0,"sales_last_days":0,"reserved_stock":null,"customer_returns":null,"warehouse_damage":null,"lost_in_post":null,"other_logs":null,"out_stock_days":0,"lost_sales":0,"has_location":null,"update_date":"2026-05-08T05:16:51","atum_locations":[],"atum_stock_status":"instock","restock_status":false,"low_stock_amount":"","sales_update_date":"2026-01-30T01:26:14","calc_backorders":null,"_links":{"self":[{"href":"https:\/\/aromasentia.com\/fr\/wp-json\/wp\/v2\/product\/242512","targetHints":{"allow":["GET"]}}],"collection":[{"href":"https:\/\/aromasentia.com\/fr\/wp-json\/wp\/v2\/product"}],"about":[{"href":"https:\/\/aromasentia.com\/fr\/wp-json\/wp\/v2\/types\/product"}],"replies":[{"embeddable":true,"href":"https:\/\/aromasentia.com\/fr\/wp-json\/wp\/v2\/comments?post=242512"}],"version-history":[{"count":0,"href":"https:\/\/aromasentia.com\/fr\/wp-json\/wp\/v2\/product\/242512\/revisions"}],"wp:featuredmedia":[{"embeddable":true,"href":"https:\/\/aromasentia.com\/fr\/wp-json\/wp\/v2\/media\/268046"}],"wp:attachment":[{"href":"https:\/\/aromasentia.com\/fr\/wp-json\/wp\/v2\/media?parent=242512"}],"wp:term":[{"taxonomy":"product_brand","embeddable":true,"href":"https:\/\/aromasentia.com\/fr\/wp-json\/wp\/v2\/product_brand?post=242512"},{"taxonomy":"product_cat","embeddable":true,"href":"https:\/\/aromasentia.com\/fr\/wp-json\/wp\/v2\/product_cat?post=242512"},{"taxonomy":"product_tag","embeddable":true,"href":"https:\/\/aromasentia.com\/fr\/wp-json\/wp\/v2\/product_tag?post=242512"}],"curies":[{"name":"wp","href":"https:\/\/api.w.org\/{rel}","templated":true}]}}