{"id":242508,"date":"2025-03-20T15:14:21","date_gmt":"2025-03-20T15:14:21","guid":{"rendered":"https:\/\/aromasentia.com\/product\/tea-tree-50ml-essential-oil\/"},"modified":"2025-06-23T19:17:46","modified_gmt":"2025-06-23T19:17:46","slug":"arbre-a-the-huile-essentielle-professionnelle-50ml","status":"publish","type":"product","link":"https:\/\/aromasentia.com\/fr\/arbre-a-the-huile-essentielle-professionnelle-50ml\/","title":{"rendered":"Arbre \u00e0 th\u00e9 &#8211; Huile Essentielle Professionnelle 50ml"},"content":{"rendered":"<p>&nbsp;Au d\u00e9but, il semble que les feuilles de cet arbre aient \u00e9t\u00e9 infus\u00e9es pour faire du th\u00e9, d&rsquo;o\u00f9le nom. <strong><span style=\"color: rgb(75, 80, 88);\">L&rsquo;Huile Essentielle d&rsquo;Arbre \u00e0 Th\u00e9<\/span><\/strong> est constitu\u00e9e de compos\u00e9s liquides concentr\u00e9s distill\u00e9s \u00e0 la vapeur \u00e0 partir des feuilles de l&rsquo;arbre Melaleuca alternifolia, originaire de la c\u00f4te nord-est de la Nouvelle-Galles du Sud, en Australie.&nbsp;<\/p>\n<p>L&rsquo;huile est cens\u00e9e avoir de pr\u00e9cieuses propri\u00e9t\u00e9s antiseptiques et antifongiques en raison de constituants appel\u00e9s &nbsp;terp\u00e9no&iuml;des, et est aujourd&rsquo;hui utilis\u00e9 dans de nombreux produits de soins personnels et m\u00e9dicaments.&nbsp;<\/p>\n<p>On dit que l&rsquo;huile d&rsquo;arbre \u00e0 th\u00e9 est bonne pour soulager la congestion, le rhume, la toux et la grippe. Il a \u00e9t\u00e9 utilis\u00e9 pour soigner l&rsquo;acn\u00e9, les infections fongiques, les pellicules, les infections vaginales, les h\u00e9morro&iuml;des, le pied d&rsquo;athl\u00e8te, et on pense qu&rsquo;il apaise les muscles endoloris et les blessures articulaires. Lorsqu&rsquo;il est ajout\u00e9 \u00e0 l&rsquo;eau du bain, il aide \u00e0 contr\u00f4ler les bact\u00e9ries.&nbsp;<\/p>\n<p>L&rsquo;huile d&rsquo;arbre \u00e0 th\u00e9 ne doit pas \u00eatre prise en interne. Il est g\u00e9n\u00e9ralement utilis\u00e9 uniquement sur les adultes et doit \u00eatre tenu \u00e0 l&rsquo;\u00e9cart des enfants et des animaux domestiques.&nbsp;<\/p>\n<p>Ne l&rsquo;utilisez pas si vous \u00eates enceinte ou si vous allaitez. L&rsquo;arbre \u00e0 th\u00e9 est connu pour ses propri\u00e9t\u00e9s m\u00e9dicinales depuis l&rsquo;Antiquit\u00e9 dans l&rsquo;est de l&rsquo;Australie. Les aborig\u00e8nes australiens sont connus pour avoir utilis\u00e9 les feuilles broy\u00e9es pour soigner les coupures, les br\u00fblures, les plaies et les infections pendant des centaines d&rsquo;ann\u00e9es. Ils inhalaient les huiles des feuilles broy\u00e9es pour soulager la toux et le rhume. Ils saupoudraient cette huile sur les plaies et y appliquaient un cataplasme. Ils ont infus\u00e9 les feuilles et fait du th\u00e9 pour apaiser les maux de gorge.&nbsp;<\/p>\n<p>C&rsquo;est entre 1920 et 1930 que l&rsquo;huile essentielle de cet arbre a commenc\u00e9 \u00e0 \u00eatre connue et utilis\u00e9e pour ses propri\u00e9t\u00e9s antimicrobiennes en Europe.<\/p>\n<p><strong><span style=\"color: rgb(75, 80, 88);\">Nom latin :&nbsp;<\/span><\/strong>Melaleuca Alternifolia.&nbsp;<\/p>\n<p><strong><span style=\"color: rgb(75, 80, 88);\">Partie de la plante utilis\u00e9e :<\/span><\/strong> feuilles et brindilles&nbsp;<\/p>\n<p><strong><span style=\"color: rgb(75, 80, 88);\">Source :<\/span><\/strong> Australie.&nbsp;<\/p>\n<p><strong><span style=\"color: rgb(75, 80, 88);\">M\u00e9thode d&rsquo;extraction : <\/span><\/strong>Distillation \u00e0 la vapeur.&nbsp;<\/p>\n<p>Les fiches techniques sont disponibles, pr\u00eates \u00e0 imprimer et \u00e0 partager avec vos clients. Vous aurez besoin d&rsquo;un mot de passe pour t\u00e9l\u00e9charger le PDF que vous trouverez \u00e0 la fin de l&#8217;email de confirmation de votre commande (ATTENTION: les fiches techniques ne sont disponibles qu\u2019en anglais pour le moment).<\/p>\n<p><strong><span style=\"color: rgb(141, 186, 216);\">Les huiles essentielles mises en bouteille \u00e0 Ancient Wisdom sont utilis\u00e9es par des centaines d\u2019aromat\u00e9rapeutes et autres professionnels. Nous ne faisons pas de compromis sur la qualit\u00e9 et la puret\u00e9 des huiles essentielles.<\/span><\/strong><\/p>\n","protected":false},"excerpt":{"rendered":"<p>&nbsp;Au d\u00e9but, il semble que les feuilles de cet arbre aient \u00e9t\u00e9 infus\u00e9es pour faire du th\u00e9, d&rsquo;o\u00f9le nom. L&rsquo;Huile Essentielle d&rsquo;Arbre \u00e0 Th\u00e9 est constitu\u00e9e de compos\u00e9s liquides concentr\u00e9s distill\u00e9s \u00e0 la vapeur \u00e0 partir des feuilles de l&rsquo;arbre Melaleuca alternifolia, originaire de la c\u00f4te nord-est de la Nouvelle-Galles du Sud, en Australie.&nbsp; L&rsquo;huile [&hellip;]<\/p>\n","protected":false},"featured_media":268037,"comment_status":"closed","ping_status":"open","template":"","meta":{"_angie_page":false},"product_brand":[27093],"product_cat":[26409,16450,23646,26867,25842],"product_tag":[],"class_list":{"0":"post-242508","1":"product","2":"type-product","3":"status-publish","4":"has-post-thumbnail","6":"product_brand-ancient-wisdom","7":"product_cat-arbre-a-the-tea-tree","8":"product_cat-aromatherapie-et-parfums-d-ambiance","9":"product_cat-huiles-essentielles","10":"product_cat-medicinal-camphre","11":"product_cat-senteurs-aromes","12":"pa_collection-50ml-essential-oil-fr","13":"pa_made-in-australie","14":"pa_size-50ml","16":"first","17":"instock","18":"purchasable","19":"product-type-simple"},"supplier_id":null,"supplier_sku":"PrEO-02","barcode":null,"atum_controlled":true,"out_stock_date":null,"out_stock_threshold":null,"inheritable":false,"inbound_stock":null,"stock_on_hold":0,"sold_today":0,"sales_last_days":0,"reserved_stock":null,"customer_returns":null,"warehouse_damage":null,"lost_in_post":null,"other_logs":null,"out_stock_days":0,"lost_sales":0,"has_location":null,"update_date":"2026-05-08T05:16:51","atum_locations":[],"atum_stock_status":"instock","restock_status":false,"low_stock_amount":"","sales_update_date":"2026-01-30T01:26:15","calc_backorders":null,"_links":{"self":[{"href":"https:\/\/aromasentia.com\/fr\/wp-json\/wp\/v2\/product\/242508","targetHints":{"allow":["GET"]}}],"collection":[{"href":"https:\/\/aromasentia.com\/fr\/wp-json\/wp\/v2\/product"}],"about":[{"href":"https:\/\/aromasentia.com\/fr\/wp-json\/wp\/v2\/types\/product"}],"replies":[{"embeddable":true,"href":"https:\/\/aromasentia.com\/fr\/wp-json\/wp\/v2\/comments?post=242508"}],"version-history":[{"count":0,"href":"https:\/\/aromasentia.com\/fr\/wp-json\/wp\/v2\/product\/242508\/revisions"}],"wp:featuredmedia":[{"embeddable":true,"href":"https:\/\/aromasentia.com\/fr\/wp-json\/wp\/v2\/media\/268037"}],"wp:attachment":[{"href":"https:\/\/aromasentia.com\/fr\/wp-json\/wp\/v2\/media?parent=242508"}],"wp:term":[{"taxonomy":"product_brand","embeddable":true,"href":"https:\/\/aromasentia.com\/fr\/wp-json\/wp\/v2\/product_brand?post=242508"},{"taxonomy":"product_cat","embeddable":true,"href":"https:\/\/aromasentia.com\/fr\/wp-json\/wp\/v2\/product_cat?post=242508"},{"taxonomy":"product_tag","embeddable":true,"href":"https:\/\/aromasentia.com\/fr\/wp-json\/wp\/v2\/product_tag?post=242508"}],"curies":[{"name":"wp","href":"https:\/\/api.w.org\/{rel}","templated":true}]}}