{"id":242504,"date":"2025-03-20T15:14:21","date_gmt":"2025-03-20T15:14:21","guid":{"rendered":"https:\/\/aromasentia.com\/product\/lavender-50ml-essential-oil\/"},"modified":"2025-06-23T19:17:45","modified_gmt":"2025-06-23T19:17:45","slug":"lavande-huile-essentielle-professionnelle-50ml","status":"publish","type":"product","link":"https:\/\/aromasentia.com\/fr\/lavande-huile-essentielle-professionnelle-50ml\/","title":{"rendered":"Lavande &#8211; Huile Essentielle Professionnelle 50ml"},"content":{"rendered":"<p><strong><span style=\"color: rgb(75, 80, 88);\">La lavande<\/span><\/strong> est utilis\u00e9e et ch\u00e9rie depuis des si\u00e8cles pour son ar\u00f4me incomparable et ses innombrables bienfaits. Dans les temps anciens, les \u00e9gyptiens et les Romains utilisaient la lavande pour le bain, la d\u00e9tente, la cuisine et comme parfum.&nbsp;<\/p>\n<p>Appliqu\u00e9e par voie topique, la lavande est fr\u00e9quemment utilis\u00e9e pour r\u00e9duire l&rsquo;apparence des imperfections cutan\u00e9es. Ajouter \u00e0 l&rsquo;eau du bain pour \u00e9liminer le stress ou appliquer sur les tempes et la nuque.&nbsp;<\/p>\n<p>Ajoutez quelques gouttes de lavande aux oreillers, \u00e0 la literie ou \u00e0 la plante des pieds pour vous d\u00e9tendre et vous pr\u00e9parer \u00e0 une bonne nuit de sommeil. En raison des propri\u00e9t\u00e9s polyvalentes de la lavande, elle est consid\u00e9r\u00e9e comme l&rsquo;huile indispensable \u00e0 avoir \u00e0 port\u00e9e de main \u00e0 tout moment. Les usages Ajoutez quelques gouttes de lavande de la sagesse ancienne aux oreillers, \u00e0 la literie ou \u00e0 la plante des pieds au coucher.&nbsp;<\/p>\n<p>Gardez une bouteille de lavande \u00e0 port\u00e9e de main pour apaiser les irritations cutan\u00e9es occasionnelles. Rafra\u00eechissez votre armoire \u00e0 linge, votre matelas, votre voiture ou l&rsquo;air en combinant la lavande avec de l&rsquo;eau dans un flacon pulv\u00e9risateur. Mode d&#8217;emploi Diffusion : Utiliser trois \u00e0 quatre gouttes dans le diffuseur de votre choix. Utilisation topique : Appliquer une \u00e0 deux gouttes sur la zone souhait\u00e9e. Diluer avec de l&rsquo;huile de noix de coco fractionn\u00e9e Ancient Wisdom pour minimiser toute sensibilit\u00e9 cutan\u00e9e.&nbsp;<\/p>\n<p>Pr\u00e9cautions Sensibilit\u00e9 cutan\u00e9e possible. Tenir hors de port\u00e9e des enfants. Si vous \u00eates enceinte, si vous allaitez ou si vous \u00eates suivi par un m\u00e9decin, consultez votre m\u00e9decin. \u00e9viter tout contact avec les yeux, l&rsquo;int\u00e9rieur des oreilles et les zones sensibles.<\/p>\n<p><strong><span style=\"color: rgb(75, 80, 88);\">Nom latin :<\/span><\/strong> Lavandula Angustifolia&nbsp;<\/p>\n<p><strong><span style=\"color: rgb(75, 80, 88);\">Partie de la plante utilis\u00e9e : <\/span><\/strong>Conseils de floraison&nbsp;<\/p>\n<p><strong><span style=\"color: rgb(75, 80, 88);\">Source :<\/span><\/strong> France&nbsp;<\/p>\n<p><strong><span style=\"color: rgb(75, 80, 88);\">M\u00e9thode d&rsquo;extraction :<\/span><\/strong> Distillation \u00e0 la vapeur&nbsp;<\/p>\n<p>Les fiches techniques sont disponibles, pr\u00eates \u00e0 imprimer et \u00e0 partager avec vos clients. Vous aurez besoin d&rsquo;un mot de passe pour t\u00e9l\u00e9charger le PDF que vous trouverez \u00e0 la fin de l&#8217;email de confirmation de votre commande (ATTENTION: les fiches techniques ne sont disponibles qu\u2019en anglais pour le moment).<\/p>\n<p><strong><span style=\"color: rgb(141, 186, 216);\">Les huiles essentielles mises en bouteille \u00e0 Ancient Wisdom sont utilis\u00e9es par des centaines d\u2019aromat\u00e9rapeutes et autres professionnels. Nous ne faisons pas de compromis sur la qualit\u00e9 et la puret\u00e9 des huiles essentielles.<\/span><\/strong><\/p>\n","protected":false},"excerpt":{"rendered":"<p>La lavande est utilis\u00e9e et ch\u00e9rie depuis des si\u00e8cles pour son ar\u00f4me incomparable et ses innombrables bienfaits. Dans les temps anciens, les \u00e9gyptiens et les Romains utilisaient la lavande pour le bain, la d\u00e9tente, la cuisine et comme parfum.&nbsp; Appliqu\u00e9e par voie topique, la lavande est fr\u00e9quemment utilis\u00e9e pour r\u00e9duire l&rsquo;apparence des imperfections cutan\u00e9es. Ajouter [&hellip;]<\/p>\n","protected":false},"featured_media":268028,"comment_status":"closed","ping_status":"open","template":"","meta":{"_angie_page":false},"product_brand":[27093],"product_cat":[16450,26832,23646,26233,25842],"product_tag":[],"class_list":{"0":"post-242504","1":"product","2":"type-product","3":"status-publish","4":"has-post-thumbnail","6":"product_brand-ancient-wisdom","7":"product_cat-aromatherapie-et-parfums-d-ambiance","8":"product_cat-floral","9":"product_cat-huiles-essentielles","10":"product_cat-lavande","11":"product_cat-senteurs-aromes","12":"pa_collection-50ml-essential-oil-fr","13":"pa_made-in-france","14":"pa_size-50ml","16":"first","17":"instock","18":"purchasable","19":"product-type-simple"},"supplier_id":null,"supplier_sku":"PrEO-01","barcode":null,"atum_controlled":true,"out_stock_date":null,"out_stock_threshold":null,"inheritable":false,"inbound_stock":null,"stock_on_hold":0,"sold_today":0,"sales_last_days":0,"reserved_stock":null,"customer_returns":null,"warehouse_damage":null,"lost_in_post":null,"other_logs":null,"out_stock_days":0,"lost_sales":0,"has_location":null,"update_date":"2026-05-08T05:16:51","atum_locations":[],"atum_stock_status":"instock","restock_status":false,"low_stock_amount":"","sales_update_date":"2026-01-30T01:26:16","calc_backorders":null,"_links":{"self":[{"href":"https:\/\/aromasentia.com\/fr\/wp-json\/wp\/v2\/product\/242504","targetHints":{"allow":["GET"]}}],"collection":[{"href":"https:\/\/aromasentia.com\/fr\/wp-json\/wp\/v2\/product"}],"about":[{"href":"https:\/\/aromasentia.com\/fr\/wp-json\/wp\/v2\/types\/product"}],"replies":[{"embeddable":true,"href":"https:\/\/aromasentia.com\/fr\/wp-json\/wp\/v2\/comments?post=242504"}],"version-history":[{"count":0,"href":"https:\/\/aromasentia.com\/fr\/wp-json\/wp\/v2\/product\/242504\/revisions"}],"wp:featuredmedia":[{"embeddable":true,"href":"https:\/\/aromasentia.com\/fr\/wp-json\/wp\/v2\/media\/268028"}],"wp:attachment":[{"href":"https:\/\/aromasentia.com\/fr\/wp-json\/wp\/v2\/media?parent=242504"}],"wp:term":[{"taxonomy":"product_brand","embeddable":true,"href":"https:\/\/aromasentia.com\/fr\/wp-json\/wp\/v2\/product_brand?post=242504"},{"taxonomy":"product_cat","embeddable":true,"href":"https:\/\/aromasentia.com\/fr\/wp-json\/wp\/v2\/product_cat?post=242504"},{"taxonomy":"product_tag","embeddable":true,"href":"https:\/\/aromasentia.com\/fr\/wp-json\/wp\/v2\/product_tag?post=242504"}],"curies":[{"name":"wp","href":"https:\/\/api.w.org\/{rel}","templated":true}]}}