{"id":242492,"date":"2025-03-20T15:14:41","date_gmt":"2025-03-20T15:14:41","guid":{"rendered":"https:\/\/aromasentia.com\/product\/ginger-50ml-essential-oil\/"},"modified":"2025-06-23T19:17:44","modified_gmt":"2025-06-23T19:17:44","slug":"gingembre-huile-essentielle-professionnelle-50ml","status":"publish","type":"product","link":"https:\/\/aromasentia.com\/fr\/gingembre-huile-essentielle-professionnelle-50ml\/","title":{"rendered":"Gingembre &#8211; Huile Essentielle Professionnelle 50ml"},"content":{"rendered":"<p><strong><span style=\"color: rgb(75, 80, 88);\">L&rsquo;huile essentielle de Gingembre<\/span><\/strong> est extraite de la plante Zingiberaceae officinale, \u00e9galement connue sous le nom de gingembre commun ou gingembre de la Jama&iuml;que. Le nom gingembre est d\u00e9riv\u00e9 de l&rsquo;endroit appel\u00e9 Gingi dans l&rsquo;\u00e9tat du Tamil Nadu, en Inde, et du mot tamoul pour gingembre, inji-ver.&nbsp;<\/p>\n<p>L&rsquo;huile est extraite par distillation \u00e0 la vapeur de la racine non pel\u00e9e ou s\u00e9ch\u00e9e et broy\u00e9e de la plante. C&rsquo;est une huile chauffante et particuli\u00e8rement bonne pour la digestion et la lutte contre les naus\u00e9es et les vomissements. L&rsquo;huile de gingembre poss\u00e8de de nombreuses propri\u00e9t\u00e9s th\u00e9rapeutiques.&nbsp;<\/p>\n<p>Il est utilis\u00e9 dans le traitement des fractures, apaisant la douleur des rhumatismes, de l&rsquo;arthrite et des anthrax. Il aide \u00e0 lutter contre les lendemains difficiles, le mal des transports, le rhume, la grippe, la toux, la sinusite, le mal de gorge, les plaies cutan\u00e9es, la diarrh\u00e9e, les coliques, les crampes, les frissons et la fi\u00e8vre. Utilis\u00e9e en vaporisateur, cette huile combat la solitude et la d\u00e9pression, et ses propri\u00e9t\u00e9s \u00e9nergisantes en font un bon aphrodisiaque.&nbsp;<\/p>\n<p>Mettez une goutte d&rsquo;huile sur un mouchoir et inhalez pour contr\u00f4ler les naus\u00e9es, le mal des transports et le rhume. Le gingembre a ses origines en Inde, en Chine et \u00e0 Java, mais est \u00e9galement originaire d&rsquo;Afrique et des Antilles. Des textes sanskrits et chinois mentionnent l&rsquo;utilisation du gingembre comme m\u00e9dicament. Il est \u00e9galement mentionn\u00e9 dans la litt\u00e9rature grecque, romaine et arabe antique.<\/p>\n<p>Le gingembre s\u00e9ch\u00e9 est utilis\u00e9 pour les maux d&rsquo;estomac, la diarrh\u00e9e, les probl\u00e8mes de gorge et les naus\u00e9es. Les Chinois l&rsquo;utilisent \u00e9galement pour stimuler le c\u0153ur et r\u00e9duire le mucus et les mucosit\u00e9s.<\/p>\n<p><strong><span style=\"color: rgb(75, 80, 88);\">Nom latin :<\/span><\/strong> Zingiber Officinale.&nbsp;<\/p>\n<p><strong><span style=\"color: rgb(75, 80, 88);\">Partie de la plante utilis\u00e9e :<\/span><\/strong> racine.&nbsp;<\/p>\n<p><strong><span style=\"color: rgb(75, 80, 88);\">Source : <\/span><\/strong>Inde.&nbsp;<\/p>\n<p><strong><span style=\"color: rgb(75, 80, 88);\">M\u00e9thode d&rsquo;extraction :<\/span><\/strong> Distillation \u00e0 la vapeur.&nbsp;<\/p>\n<p>Les fiches techniques sont disponibles, pr\u00eates \u00e0 imprimer et \u00e0 partager avec vos clients. Vous aurez besoin d&rsquo;un mot de passe pour t\u00e9l\u00e9charger le PDF que vous trouverez \u00e0 la fin de l&#8217;email de confirmation de votre commande (ATTENTION: les fiches techniques ne sont disponibles qu\u2019en anglais pour le moment).<\/p>\n<p><strong><span style=\"color: rgb(141, 186, 216);\">Les huiles essentielles mises en bouteille \u00e0 Ancient Wisdom sont utilis\u00e9es par des centaines d\u2019aromat\u00e9rapeutes et autres professionnels. Nous ne faisons pas de compromis sur la qualit\u00e9 et la puret\u00e9 des huiles essentielles.<\/span><\/strong><\/p>\n","protected":false},"excerpt":{"rendered":"<p>L&rsquo;huile essentielle de Gingembre est extraite de la plante Zingiberaceae officinale, \u00e9galement connue sous le nom de gingembre commun ou gingembre de la Jama&iuml;que. Le nom gingembre est d\u00e9riv\u00e9 de l&rsquo;endroit appel\u00e9 Gingi dans l&rsquo;\u00e9tat du Tamil Nadu, en Inde, et du mot tamoul pour gingembre, inji-ver.&nbsp; L&rsquo;huile est extraite par distillation \u00e0 la vapeur [&hellip;]<\/p>\n","protected":false},"featured_media":268251,"comment_status":"closed","ping_status":"open","template":"","meta":{"_angie_page":false},"product_brand":[27093],"product_cat":[16450,26888,26191,23646,25842],"product_tag":[],"class_list":{"0":"post-242492","1":"product","2":"type-product","3":"status-publish","4":"has-post-thumbnail","6":"product_brand-ancient-wisdom","7":"product_cat-aromatherapie-et-parfums-d-ambiance","8":"product_cat-epice","9":"product_cat-gingembre-senteurs-aromes","10":"product_cat-huiles-essentielles","11":"product_cat-senteurs-aromes","12":"pa_collection-50ml-essential-oil-fr","13":"pa_made-in-inde","14":"pa_size-50ml","16":"first","17":"instock","18":"purchasable","19":"product-type-simple"},"supplier_id":null,"supplier_sku":"PrEO-24","barcode":null,"atum_controlled":true,"out_stock_date":null,"out_stock_threshold":null,"inheritable":false,"inbound_stock":null,"stock_on_hold":0,"sold_today":0,"sales_last_days":0,"reserved_stock":null,"customer_returns":null,"warehouse_damage":null,"lost_in_post":null,"other_logs":null,"out_stock_days":0,"lost_sales":0,"has_location":null,"update_date":"2026-04-27T07:18:20","atum_locations":[],"atum_stock_status":"instock","restock_status":false,"low_stock_amount":"","sales_update_date":"2026-02-06T00:02:06","calc_backorders":null,"_links":{"self":[{"href":"https:\/\/aromasentia.com\/fr\/wp-json\/wp\/v2\/product\/242492","targetHints":{"allow":["GET"]}}],"collection":[{"href":"https:\/\/aromasentia.com\/fr\/wp-json\/wp\/v2\/product"}],"about":[{"href":"https:\/\/aromasentia.com\/fr\/wp-json\/wp\/v2\/types\/product"}],"replies":[{"embeddable":true,"href":"https:\/\/aromasentia.com\/fr\/wp-json\/wp\/v2\/comments?post=242492"}],"version-history":[{"count":0,"href":"https:\/\/aromasentia.com\/fr\/wp-json\/wp\/v2\/product\/242492\/revisions"}],"wp:featuredmedia":[{"embeddable":true,"href":"https:\/\/aromasentia.com\/fr\/wp-json\/wp\/v2\/media\/268251"}],"wp:attachment":[{"href":"https:\/\/aromasentia.com\/fr\/wp-json\/wp\/v2\/media?parent=242492"}],"wp:term":[{"taxonomy":"product_brand","embeddable":true,"href":"https:\/\/aromasentia.com\/fr\/wp-json\/wp\/v2\/product_brand?post=242492"},{"taxonomy":"product_cat","embeddable":true,"href":"https:\/\/aromasentia.com\/fr\/wp-json\/wp\/v2\/product_cat?post=242492"},{"taxonomy":"product_tag","embeddable":true,"href":"https:\/\/aromasentia.com\/fr\/wp-json\/wp\/v2\/product_tag?post=242492"}],"curies":[{"name":"wp","href":"https:\/\/api.w.org\/{rel}","templated":true}]}}