{"id":242484,"date":"2025-03-20T15:14:41","date_gmt":"2025-03-20T15:14:41","guid":{"rendered":"https:\/\/aromasentia.com\/product\/clove-leaf-50ml-essential-oil\/"},"modified":"2025-06-23T19:17:41","modified_gmt":"2025-06-23T19:17:41","slug":"clou-de-girofle-huile-essentielle-professionnelle-50ml","status":"publish","type":"product","link":"https:\/\/aromasentia.com\/fr\/clou-de-girofle-huile-essentielle-professionnelle-50ml\/","title":{"rendered":"Clou de Girofle &#8211; Huile Essentielle Professionnelle 50ml"},"content":{"rendered":"<p><strong><span style=\"color: rgb(75, 80, 88);\">&nbsp;L&rsquo;Huile Essentielle de Clou de Girofle&nbsp;<\/span><\/strong>est g\u00e9n\u00e9ralement extraite par distillation \u00e0 la vapeur des feuilles, de la tige et des bourgeons de l&rsquo;arbre Eugenia caryophyllata, originaire d&rsquo;Indon\u00e9sie et des \u00eeles de Malacca. C&rsquo;est une huile puissante avec une odeur chaude, forte et \u00e9pic\u00e9e et doit \u00eatre utilis\u00e9e tr\u00e8s dilu\u00e9e et avec beaucoup de soin en aromath\u00e9rapie.&nbsp;<\/p>\n<p>L&rsquo;huile de clou de girofle peut \u00eatre utilis\u00e9e pour gu\u00e9rir ou apaiser l&rsquo;acn\u00e9, les ecchymoses, les coupures et les br\u00fblures, les plaies aux jambes et comme analg\u00e9sique pour les rhumatismes et l&rsquo;arthrite. On dit qu&rsquo;il est \u00e9galement bon pour le syst\u00e8me digestif, en aidant les vomissements, la diarrh\u00e9e, les flatulences, les spasmes, et parasites. Il est consid\u00e9r\u00e9 comme pr\u00e9cieux pour soulager les probl\u00e8mes respiratoires comme la bronchite, l&rsquo;asthme et la tuberculose.&nbsp;<\/p>\n<p>En aromath\u00e9rapie, cette huile essentielle stimule l&rsquo;esprit et agit comme aphrodisiaque. Il supprime l&rsquo;\u00e9puisement mental et la fatigue, et induit le sommeil chez les insomniaques. Les clous de girofle \u00e9taient couramment utilis\u00e9s dans l&rsquo;Inde et la Chine anciennes.&nbsp;<\/p>\n<p>On pense que la m\u00e9decine chinoise ancienne utilisait les clous de girofle pour traiter l&rsquo;indigestion, la diarrh\u00e9e, la hernie, le pied d&rsquo;athl\u00e8te et les infections fongiques. Il a \u00e9t\u00e9 utilis\u00e9 pour traiter les aphtes, les maux de dents et comme rafra\u00eechisseur d&rsquo;haleine depuis l&rsquo;Antiquit\u00e9 dans ces pays.&nbsp;<\/p>\n<p>C&rsquo;\u00e9tait l&rsquo;une des premi\u00e8res \u00e9pices \u00e0 faire l&rsquo;objet d&rsquo;un commerce. Les commer&ccedil;ants arabes auraient introduit les clous de girofle en Europe \u00e0 l&rsquo;\u00e9poque de l&rsquo;Empire romain.<\/p>\n<p><strong><span style=\"color: rgb(75, 80, 88);\">Nom latin :<\/span><\/strong> Eugenia Caryophyllata.&nbsp;<\/p>\n<p><strong><span style=\"color: rgb(75, 80, 88);\">Partie de la plante utilis\u00e9e :<\/span><\/strong> Feuilles&nbsp;<\/p>\n<p><strong><span style=\"color: rgb(75, 80, 88);\">Source : <\/span><\/strong>Madagascar.&nbsp;<\/p>\n<p><strong><span style=\"color: rgb(75, 80, 88);\">M\u00e9thode d&rsquo;extraction :<\/span><\/strong> Distillation \u00e0 la vapeur.&nbsp;<\/p>\n<p>Les fiches techniques sont disponibles, pr\u00eates \u00e0 imprimer et \u00e0 partager avec vos clients. Vous aurez besoin d&rsquo;un mot de passe pour t\u00e9l\u00e9charger le PDF que vous trouverez \u00e0 la fin de l&#8217;email de confirmation de votre commande (ATTENTION: les fiches techniques ne sont disponibles qu\u2019en anglais pour le moment).<\/p>\n<p><strong><span style=\"color: rgb(141, 186, 216);\">Les huiles essentielles mises en bouteille \u00e0 Ancient Wisdom sont utilis\u00e9es par des centaines d\u2019aromat\u00e9rapeutes et autres professionnels. Nous ne faisons pas de compromis sur la qualit\u00e9 et la puret\u00e9 des huiles essentielles.<\/span><\/strong><\/p>\n","protected":false},"excerpt":{"rendered":"<p>&nbsp;L&rsquo;Huile Essentielle de Clou de Girofle&nbsp;est g\u00e9n\u00e9ralement extraite par distillation \u00e0 la vapeur des feuilles, de la tige et des bourgeons de l&rsquo;arbre Eugenia caryophyllata, originaire d&rsquo;Indon\u00e9sie et des \u00eeles de Malacca. C&rsquo;est une huile puissante avec une odeur chaude, forte et \u00e9pic\u00e9e et doit \u00eatre utilis\u00e9e tr\u00e8s dilu\u00e9e et avec beaucoup de soin en [&hellip;]<\/p>\n","protected":false},"featured_media":268233,"comment_status":"closed","ping_status":"open","template":"","meta":{"_angie_page":false},"product_brand":[27093],"product_cat":[16450,26146,26818,23646,25842],"product_tag":[],"class_list":{"0":"post-242484","1":"product","2":"type-product","3":"status-publish","4":"has-post-thumbnail","6":"product_brand-ancient-wisdom","7":"product_cat-aromatherapie-et-parfums-d-ambiance","8":"product_cat-feuille-de-giroflier","9":"product_cat-hesperide-agrumes","10":"product_cat-huiles-essentielles","11":"product_cat-senteurs-aromes","12":"pa_collection-50ml-essential-oil-fr","13":"pa_made-in-indonesie","14":"pa_size-50ml","16":"first","17":"instock","18":"purchasable","19":"product-type-simple"},"supplier_id":null,"supplier_sku":"PrEO-22","barcode":null,"atum_controlled":true,"out_stock_date":null,"out_stock_threshold":null,"inheritable":false,"inbound_stock":0,"stock_on_hold":0,"sold_today":0,"sales_last_days":0,"reserved_stock":0,"customer_returns":0,"warehouse_damage":0,"lost_in_post":0,"other_logs":0,"out_stock_days":0,"lost_sales":0,"has_location":false,"update_date":"2026-05-08T05:16:51","atum_locations":[],"atum_stock_status":"instock","restock_status":false,"low_stock_amount":"","sales_update_date":"2025-09-05T00:18:02","calc_backorders":null,"_links":{"self":[{"href":"https:\/\/aromasentia.com\/fr\/wp-json\/wp\/v2\/product\/242484","targetHints":{"allow":["GET"]}}],"collection":[{"href":"https:\/\/aromasentia.com\/fr\/wp-json\/wp\/v2\/product"}],"about":[{"href":"https:\/\/aromasentia.com\/fr\/wp-json\/wp\/v2\/types\/product"}],"replies":[{"embeddable":true,"href":"https:\/\/aromasentia.com\/fr\/wp-json\/wp\/v2\/comments?post=242484"}],"version-history":[{"count":0,"href":"https:\/\/aromasentia.com\/fr\/wp-json\/wp\/v2\/product\/242484\/revisions"}],"wp:featuredmedia":[{"embeddable":true,"href":"https:\/\/aromasentia.com\/fr\/wp-json\/wp\/v2\/media\/268233"}],"wp:attachment":[{"href":"https:\/\/aromasentia.com\/fr\/wp-json\/wp\/v2\/media?parent=242484"}],"wp:term":[{"taxonomy":"product_brand","embeddable":true,"href":"https:\/\/aromasentia.com\/fr\/wp-json\/wp\/v2\/product_brand?post=242484"},{"taxonomy":"product_cat","embeddable":true,"href":"https:\/\/aromasentia.com\/fr\/wp-json\/wp\/v2\/product_cat?post=242484"},{"taxonomy":"product_tag","embeddable":true,"href":"https:\/\/aromasentia.com\/fr\/wp-json\/wp\/v2\/product_tag?post=242484"}],"curies":[{"name":"wp","href":"https:\/\/api.w.org\/{rel}","templated":true}]}}